{"id":232225,"date":"2025-12-29T02:00:46","date_gmt":"2025-12-28T23:00:46","guid":{"rendered":"https:\/\/baldumarket.lt\/product\/onda-szafka-nocna-kpl-2szt-czarna\/"},"modified":"2026-02-11T18:35:58","modified_gmt":"2026-02-11T15:35:58","slug":"onda-szafka-nocna-kpl-2szt-czarna","status":"publish","type":"product","link":"https:\/\/baldumarket.lt\/lt\/product\/onda-szafka-nocna-kpl-2szt-czarna\/","title":{"rendered":"ONDA NAKTIN\u0116 SPINTEL\u0116, 2 VNT. RINKINYS, JUODA"},"content":{"rendered":"<p>Apra\u0161ymas ir specifikacijos<br \/>\n\u0160is modernus naktinis staliukas su vertikaliais frezavimais eleganti\u0161kai der\u0117s prie bet kokio modernaus interjero. Prie spinteli\u0173 galima u\u017esisakyti komodas ir lentyn\u0105.<br \/>\nMed\u017eiaga:<br \/>\nKorpusas: 16 mm matin\u0117 laminuota plok\u0161t\u0117<br \/>\nPriekin\u0117 dalis: 18 mm MDF plok\u0161t\u0117, padengta matine juoda PVC pl\u0117vele su matomais frezavimais<br \/>\nRankenos: n\u0117ra, priekin\u0117s dalys i\u0161siki\u0161a u\u017e vir\u0161aus<br \/>\nKojel\u0117s: juodas plienas, nereguliuojamos<br \/>\nVir\u0161us: 16 mm storio laminuota plok\u0161t\u0117<br \/>\nKomodos apra\u0161ymas:<br \/>\nVienv\u0117r\u0117s durys<\/p>","protected":false},"excerpt":{"rendered":"<p>Kolekcija: Onda<br \/>\nPlotis: 50<br \/>\n\u016agis: 54<br \/>\nGylis: 40<br \/>\nDur\u0173 tipas: Varstomos (atidaromos)<\/p>","protected":false},"featured_media":232226,"comment_status":"open","ping_status":"open","template":"","meta":[],"product_brand":[],"product_cat":[1176,8388],"product_tag":[],"class_list":{"0":"post-232225","1":"product","2":"type-product","3":"status-publish","4":"has-post-thumbnail","6":"product_cat-bedside-tables","7":"product_cat-cama-meble","9":"first","10":"instock","11":"purchasable","12":"product-type-simple"},"_links":{"self":[{"href":"https:\/\/baldumarket.lt\/lt\/wp-json\/wp\/v2\/product\/232225","targetHints":{"allow":["GET"]}}],"collection":[{"href":"https:\/\/baldumarket.lt\/lt\/wp-json\/wp\/v2\/product"}],"about":[{"href":"https:\/\/baldumarket.lt\/lt\/wp-json\/wp\/v2\/types\/product"}],"replies":[{"embeddable":true,"href":"https:\/\/baldumarket.lt\/lt\/wp-json\/wp\/v2\/comments?post=232225"}],"wp:featuredmedia":[{"embeddable":true,"href":"https:\/\/baldumarket.lt\/lt\/wp-json\/wp\/v2\/media\/232226"}],"wp:attachment":[{"href":"https:\/\/baldumarket.lt\/lt\/wp-json\/wp\/v2\/media?parent=232225"}],"wp:term":[{"taxonomy":"product_brand","embeddable":true,"href":"https:\/\/baldumarket.lt\/lt\/wp-json\/wp\/v2\/product_brand?post=232225"},{"taxonomy":"product_cat","embeddable":true,"href":"https:\/\/baldumarket.lt\/lt\/wp-json\/wp\/v2\/product_cat?post=232225"},{"taxonomy":"product_tag","embeddable":true,"href":"https:\/\/baldumarket.lt\/lt\/wp-json\/wp\/v2\/product_tag?post=232225"}],"curies":[{"name":"wp","href":"https:\/\/api.w.org\/{rel}","templated":true}]}}