{"id":232221,"date":"2025-12-29T02:00:38","date_gmt":"2025-12-28T23:00:38","guid":{"rendered":"https:\/\/baldumarket.lt\/product\/onda-regal-2d2sz-zielona\/"},"modified":"2026-02-11T18:35:58","modified_gmt":"2026-02-11T15:35:58","slug":"onda-regal-2d2sz-zielona","status":"publish","type":"product","link":"https:\/\/baldumarket.lt\/lt\/product\/onda-regal-2d2sz-zielona\/","title":{"rendered":"ONDA LENTYNA 2D2SZ \u017ealia"},"content":{"rendered":"<p>Apra\u0161ymas ir specifikacijos<br \/>\nOMAN knyg\u0173 lentyna naujoje formoje. Gra\u017eiai frezuotas baldas, kuris pagyvins bet kok\u012f interjer\u0105. Unikal\u016bs fasadai suteikia charakterio ir modernumo.<br \/>\n\u201eOnda\u201c kolekcija taip pat prieinama juodos spalvos.<br \/>\nMed\u017eiagos:<br \/>\nKorpusas: 16 mm matin\u0117 laminuota plok\u0161t\u0117 Labradoro \u017ealios spalvos<br \/>\nPriekin\u0117s dalys: 18 mm MDF plok\u0161t\u0117, padengta Labradoro \u017ealios spalvos PVC folija su matomu frezavimu<br \/>\nRankenos: n\u0117ra, priekin\u0117s dalys i\u0161siki\u0161a u\u017e vir\u0161aus<br \/>\nKojel\u0117s: juodas plienas, nereguliuojamos<br \/>\nVir\u0161us: 16 mm storio laminuota plok\u0161t\u0117<br \/>\nVyris: \u0161velniai u\u017esidarantis<br \/>\nSpintel\u0117s apra\u0161ymas:<br \/>\nDvi durys<br \/>\nDu stal\u010diai viduje<\/p>","protected":false},"excerpt":{"rendered":"<p>\u016agis cm: 127<br \/>\nPlotis cm: 98<br \/>\nGylis cm: 45<br \/>\nDur\u0173 skai\u010dius: 2<br \/>\nStal\u010di\u0173 skai\u010dius: 2<\/p>","protected":false},"featured_media":232222,"comment_status":"open","ping_status":"open","template":"","meta":[],"product_brand":[],"product_cat":[8388,1987],"product_tag":[],"class_list":{"0":"post-232221","1":"product","2":"type-product","3":"status-publish","4":"has-post-thumbnail","6":"product_cat-cama-meble","7":"product_cat-shelving-units","9":"first","10":"instock","11":"purchasable","12":"product-type-simple"},"_links":{"self":[{"href":"https:\/\/baldumarket.lt\/lt\/wp-json\/wp\/v2\/product\/232221","targetHints":{"allow":["GET"]}}],"collection":[{"href":"https:\/\/baldumarket.lt\/lt\/wp-json\/wp\/v2\/product"}],"about":[{"href":"https:\/\/baldumarket.lt\/lt\/wp-json\/wp\/v2\/types\/product"}],"replies":[{"embeddable":true,"href":"https:\/\/baldumarket.lt\/lt\/wp-json\/wp\/v2\/comments?post=232221"}],"wp:featuredmedia":[{"embeddable":true,"href":"https:\/\/baldumarket.lt\/lt\/wp-json\/wp\/v2\/media\/232222"}],"wp:attachment":[{"href":"https:\/\/baldumarket.lt\/lt\/wp-json\/wp\/v2\/media?parent=232221"}],"wp:term":[{"taxonomy":"product_brand","embeddable":true,"href":"https:\/\/baldumarket.lt\/lt\/wp-json\/wp\/v2\/product_brand?post=232221"},{"taxonomy":"product_cat","embeddable":true,"href":"https:\/\/baldumarket.lt\/lt\/wp-json\/wp\/v2\/product_cat?post=232221"},{"taxonomy":"product_tag","embeddable":true,"href":"https:\/\/baldumarket.lt\/lt\/wp-json\/wp\/v2\/product_tag?post=232221"}],"curies":[{"name":"wp","href":"https:\/\/api.w.org\/{rel}","templated":true}]}}