{"id":232217,"date":"2025-12-29T02:00:33","date_gmt":"2025-12-28T23:00:33","guid":{"rendered":"https:\/\/baldumarket.lt\/product\/onda-regal-2d2sz\/"},"modified":"2026-02-11T18:35:58","modified_gmt":"2026-02-11T15:35:58","slug":"onda-regal-2d2sz","status":"publish","type":"product","link":"https:\/\/baldumarket.lt\/lt\/product\/onda-regal-2d2sz\/","title":{"rendered":"ONDA LENTYNA 2D2SZ"},"content":{"rendered":"<p>Apra\u0161ymas ir specifikacijos<br \/>\nOMAN knyg\u0173 lentyna naujoje formoje. Gra\u017eiai frezuotas baldas, kuris pagyvins bet kok\u012f interjer\u0105. Unikal\u016bs fasadai suteikia charakterio ir modernumo.<br \/>\nMed\u017eiaga:<br \/>\nKorpusas: 16 mm matin\u0117 laminuota plok\u0161t\u0117<br \/>\nPriekin\u0117 dalis: 18 mm MDF plok\u0161t\u0117, padengta matine juoda PVC pl\u0117vele su matomu frezavimu<br \/>\nRankenos: n\u0117ra, priekin\u0117s dalys i\u0161siki\u0161a u\u017e vir\u0161aus<br \/>\nKojel\u0117s: juodas plienas, nereguliuojamos<br \/>\nVir\u0161us: 16 mm storio laminuota plok\u0161t\u0117<br \/>\nSpintel\u0117s apra\u0161ymas:<br \/>\nDvi durys<br \/>\nDu stal\u010diai viduje<\/p>","protected":false},"excerpt":{"rendered":"<p>Kolekcija: Onda<br \/>\nPlotis: 98<br \/>\n\u016agis: 127<br \/>\nGylis: 45<br \/>\nDur\u0173 skai\u010dius: 2<br \/>\nStal\u010di\u0173 skai\u010dius: 2<\/p>","protected":false},"featured_media":232218,"comment_status":"open","ping_status":"open","template":"","meta":[],"product_brand":[],"product_cat":[8388,1987],"product_tag":[],"class_list":{"0":"post-232217","1":"product","2":"type-product","3":"status-publish","4":"has-post-thumbnail","6":"product_cat-cama-meble","7":"product_cat-shelving-units","9":"first","10":"instock","11":"purchasable","12":"product-type-simple"},"_links":{"self":[{"href":"https:\/\/baldumarket.lt\/lt\/wp-json\/wp\/v2\/product\/232217","targetHints":{"allow":["GET"]}}],"collection":[{"href":"https:\/\/baldumarket.lt\/lt\/wp-json\/wp\/v2\/product"}],"about":[{"href":"https:\/\/baldumarket.lt\/lt\/wp-json\/wp\/v2\/types\/product"}],"replies":[{"embeddable":true,"href":"https:\/\/baldumarket.lt\/lt\/wp-json\/wp\/v2\/comments?post=232217"}],"wp:featuredmedia":[{"embeddable":true,"href":"https:\/\/baldumarket.lt\/lt\/wp-json\/wp\/v2\/media\/232218"}],"wp:attachment":[{"href":"https:\/\/baldumarket.lt\/lt\/wp-json\/wp\/v2\/media?parent=232217"}],"wp:term":[{"taxonomy":"product_brand","embeddable":true,"href":"https:\/\/baldumarket.lt\/lt\/wp-json\/wp\/v2\/product_brand?post=232217"},{"taxonomy":"product_cat","embeddable":true,"href":"https:\/\/baldumarket.lt\/lt\/wp-json\/wp\/v2\/product_cat?post=232217"},{"taxonomy":"product_tag","embeddable":true,"href":"https:\/\/baldumarket.lt\/lt\/wp-json\/wp\/v2\/product_tag?post=232217"}],"curies":[{"name":"wp","href":"https:\/\/api.w.org\/{rel}","templated":true}]}}