{"id":232184,"date":"2025-12-29T01:59:49","date_gmt":"2025-12-28T22:59:49","guid":{"rendered":"https:\/\/baldumarket.lt\/product\/nova-szafki-nocne-czarny-mat-zestaw-2-szt\/"},"modified":"2026-02-11T18:35:59","modified_gmt":"2026-02-11T15:35:59","slug":"nova-szafki-nocne-czarny-mat-zestaw-2-szt","status":"publish","type":"product","link":"https:\/\/baldumarket.lt\/lt\/product\/nova-szafki-nocne-czarny-mat-zestaw-2-szt\/","title":{"rendered":"NOVA matin\u0117s juodos spalvos naktiniai staleliai, 2 vnt. komplektas"},"content":{"rendered":"<p>NOVA naktini\u0173 staliuk\u0173 komplektas su kojel\u0117mis, 2 vnt.<br \/>\nKorpusas: 16 mm matin\u0117 MDF plok\u0161t\u0117<br \/>\nFasadas: 16 mm matinis MDF su matomu frezavimu<br \/>\nBriauna: ABS<br \/>\nKojel\u0117s: juodas plastikas<br \/>\nRankenos: n\u0117ra, priekin\u0117s dalys i\u0161siki\u0161usios vir\u0161 stalvir\u0161io<br \/>\nSpintel\u0117s gali b\u016bti matin\u0117s juodos spalvos<\/p>","protected":false},"excerpt":{"rendered":"<p>\u016agis cm: 52<br \/>\nPlotis cm: 44<br \/>\nGylis cm: 40<br \/>\nStal\u010di\u0173 skai\u010dius: 1<\/p>","protected":false},"featured_media":232185,"comment_status":"open","ping_status":"open","template":"","meta":[],"product_brand":[],"product_cat":[1176,8388],"product_tag":[],"class_list":{"0":"post-232184","1":"product","2":"type-product","3":"status-publish","4":"has-post-thumbnail","6":"product_cat-bedside-tables","7":"product_cat-cama-meble","9":"first","10":"instock","11":"purchasable","12":"product-type-simple"},"_links":{"self":[{"href":"https:\/\/baldumarket.lt\/lt\/wp-json\/wp\/v2\/product\/232184","targetHints":{"allow":["GET"]}}],"collection":[{"href":"https:\/\/baldumarket.lt\/lt\/wp-json\/wp\/v2\/product"}],"about":[{"href":"https:\/\/baldumarket.lt\/lt\/wp-json\/wp\/v2\/types\/product"}],"replies":[{"embeddable":true,"href":"https:\/\/baldumarket.lt\/lt\/wp-json\/wp\/v2\/comments?post=232184"}],"wp:featuredmedia":[{"embeddable":true,"href":"https:\/\/baldumarket.lt\/lt\/wp-json\/wp\/v2\/media\/232185"}],"wp:attachment":[{"href":"https:\/\/baldumarket.lt\/lt\/wp-json\/wp\/v2\/media?parent=232184"}],"wp:term":[{"taxonomy":"product_brand","embeddable":true,"href":"https:\/\/baldumarket.lt\/lt\/wp-json\/wp\/v2\/product_brand?post=232184"},{"taxonomy":"product_cat","embeddable":true,"href":"https:\/\/baldumarket.lt\/lt\/wp-json\/wp\/v2\/product_cat?post=232184"},{"taxonomy":"product_tag","embeddable":true,"href":"https:\/\/baldumarket.lt\/lt\/wp-json\/wp\/v2\/product_tag?post=232184"}],"curies":[{"name":"wp","href":"https:\/\/api.w.org\/{rel}","templated":true}]}}