{"id":232169,"date":"2025-12-29T01:59:31","date_gmt":"2025-12-28T22:59:31","guid":{"rendered":"https:\/\/baldumarket.lt\/product\/nova-komoda-pudrowy-roz-mat\/"},"modified":"2026-02-11T18:35:59","modified_gmt":"2026-02-11T15:35:59","slug":"nova-komoda-pudrowy-roz-mat","status":"publish","type":"product","link":"https:\/\/baldumarket.lt\/lt\/product\/nova-komoda-pudrowy-roz-mat\/","title":{"rendered":"NOVA komoda, rytin\u0117 rausva"},"content":{"rendered":"<p>NOVA komoda su 3 durel\u0117mis<br \/>\nKorpusas: 16 mm matin\u0117 MDF plok\u0161t\u0117<br \/>\nPriekin\u0117s dalys: 16 mm matin\u0117s MDF plok\u0161t\u0117s su matomais grioveliais<br \/>\nBriauna: ABS<br \/>\nKojel\u0117s: juodas plastikas<br \/>\nRankenos: n\u0117ra, priekin\u0117s dalys i\u0161siki\u0161a vir\u0161 stalvir\u0161io<br \/>\nGalima \u012fsigyti matin\u0117s pudros ro\u017ein\u0117s spalvos<\/p>","protected":false},"excerpt":{"rendered":"<p>\u016agis cm: 72<br \/>\nPlotis cm: 155<br \/>\nGylis cm: 40<br \/>\nDur\u0173 skai\u010dius: 3<\/p>","protected":false},"featured_media":232170,"comment_status":"open","ping_status":"open","template":"","meta":[],"product_brand":[],"product_cat":[8388,1173],"product_tag":[],"class_list":{"0":"post-232169","1":"product","2":"type-product","3":"status-publish","4":"has-post-thumbnail","6":"product_cat-cama-meble","7":"product_cat-chests-of-drawers","9":"first","10":"instock","11":"purchasable","12":"product-type-simple"},"_links":{"self":[{"href":"https:\/\/baldumarket.lt\/lt\/wp-json\/wp\/v2\/product\/232169","targetHints":{"allow":["GET"]}}],"collection":[{"href":"https:\/\/baldumarket.lt\/lt\/wp-json\/wp\/v2\/product"}],"about":[{"href":"https:\/\/baldumarket.lt\/lt\/wp-json\/wp\/v2\/types\/product"}],"replies":[{"embeddable":true,"href":"https:\/\/baldumarket.lt\/lt\/wp-json\/wp\/v2\/comments?post=232169"}],"wp:featuredmedia":[{"embeddable":true,"href":"https:\/\/baldumarket.lt\/lt\/wp-json\/wp\/v2\/media\/232170"}],"wp:attachment":[{"href":"https:\/\/baldumarket.lt\/lt\/wp-json\/wp\/v2\/media?parent=232169"}],"wp:term":[{"taxonomy":"product_brand","embeddable":true,"href":"https:\/\/baldumarket.lt\/lt\/wp-json\/wp\/v2\/product_brand?post=232169"},{"taxonomy":"product_cat","embeddable":true,"href":"https:\/\/baldumarket.lt\/lt\/wp-json\/wp\/v2\/product_cat?post=232169"},{"taxonomy":"product_tag","embeddable":true,"href":"https:\/\/baldumarket.lt\/lt\/wp-json\/wp\/v2\/product_tag?post=232169"}],"curies":[{"name":"wp","href":"https:\/\/api.w.org\/{rel}","templated":true}]}}