{"id":232154,"date":"2025-12-29T01:59:12","date_gmt":"2025-12-28T22:59:12","guid":{"rendered":"https:\/\/baldumarket.lt\/product\/nord-witryna\/"},"modified":"2026-02-11T18:35:59","modified_gmt":"2026-02-11T15:35:59","slug":"nord-witryna","status":"publish","type":"product","link":"https:\/\/baldumarket.lt\/lt\/product\/nord-witryna\/","title":{"rendered":"NORD vitrina"},"content":{"rendered":"<p>NORD WOTAN \u0104\u017dUOLIN\u0116 VITRININ\u0116 SPINTEL\u0116<br \/>\nJei m\u0117gstate tvark\u0105 ir harmonij\u0105, jums patiks \u0161i vitrina i\u0161 NORD kolekcijos.<br \/>\nEleganti\u0161ka antracito apdaila, deranti prie kit\u0173 Wotano spalvos element\u0173, suteikia vitrinai elegancijos.<br \/>\nMed\u017eiaga:<br \/>\nKorpusas ir fasadai: 16 mm matin\u0117 laminuota med\u017eio dro\u017eli\u0173 plok\u0161t\u0117, Wotan \u0105\u017euolas<br \/>\nKojel\u0117s: plastikas<br \/>\nLentel\u0117: 16 mm matin\u0117 laminuota med\u017eio dro\u017eli\u0173 plok\u0161t\u0117, antracito spalvos<br \/>\nRankenos: n\u0117ra, PUSH-CLICK sistema<br \/>\nProdukto apra\u0161ymas:<br \/>\nUniversali vitrina su kair\u0117je arba de\u0161in\u0117je pus\u0117je atidaromais fasadais.<\/p>","protected":false},"excerpt":{"rendered":"<p>\u016agis cm: 182,5<br \/>\nPlotis cm: 60<br \/>\nGylis cm: 38<br \/>\nDur\u0173 skai\u010dius: 1<\/p>","protected":false},"featured_media":232155,"comment_status":"open","ping_status":"open","template":"","meta":[],"product_brand":[],"product_cat":[8388,2006],"product_tag":[],"class_list":{"0":"post-232154","1":"product","2":"type-product","3":"status-publish","4":"has-post-thumbnail","6":"product_cat-cama-meble","7":"product_cat-vitrines","9":"first","10":"instock","11":"purchasable","12":"product-type-simple"},"_links":{"self":[{"href":"https:\/\/baldumarket.lt\/lt\/wp-json\/wp\/v2\/product\/232154","targetHints":{"allow":["GET"]}}],"collection":[{"href":"https:\/\/baldumarket.lt\/lt\/wp-json\/wp\/v2\/product"}],"about":[{"href":"https:\/\/baldumarket.lt\/lt\/wp-json\/wp\/v2\/types\/product"}],"replies":[{"embeddable":true,"href":"https:\/\/baldumarket.lt\/lt\/wp-json\/wp\/v2\/comments?post=232154"}],"wp:featuredmedia":[{"embeddable":true,"href":"https:\/\/baldumarket.lt\/lt\/wp-json\/wp\/v2\/media\/232155"}],"wp:attachment":[{"href":"https:\/\/baldumarket.lt\/lt\/wp-json\/wp\/v2\/media?parent=232154"}],"wp:term":[{"taxonomy":"product_brand","embeddable":true,"href":"https:\/\/baldumarket.lt\/lt\/wp-json\/wp\/v2\/product_brand?post=232154"},{"taxonomy":"product_cat","embeddable":true,"href":"https:\/\/baldumarket.lt\/lt\/wp-json\/wp\/v2\/product_cat?post=232154"},{"taxonomy":"product_tag","embeddable":true,"href":"https:\/\/baldumarket.lt\/lt\/wp-json\/wp\/v2\/product_tag?post=232154"}],"curies":[{"name":"wp","href":"https:\/\/api.w.org\/{rel}","templated":true}]}}