{"id":232149,"date":"2025-12-29T01:59:05","date_gmt":"2025-12-28T22:59:05","guid":{"rendered":"https:\/\/baldumarket.lt\/product\/nord-szafki-nocne\/"},"modified":"2026-02-11T18:35:59","modified_gmt":"2026-02-11T15:35:59","slug":"nord-szafki-nocne","status":"publish","type":"product","link":"https:\/\/baldumarket.lt\/lt\/product\/nord-szafki-nocne\/","title":{"rendered":"NORD naktiniai staleliai"},"content":{"rendered":"<p>NORD naktinio spinteli\u0173 komplektas WOTAN \u0105\u017euolas<br \/>\nNORD naktiniai staleliai \u2013 tai elegancijos ir paprastumo esm\u0117, o puikiai suderinta spalv\u0173 gama atitinka naujausias tendencijas.<br \/>\n\u00a0 Med\u017eiaga:<br \/>\nKorpusas (vir\u0161us, \u0161onai) ir priekin\u0117 dalis: 16 mm matin\u0117 laminuota med\u017eio dro\u017eli\u0173 plok\u0161t\u0117, Wotan \u0105\u017euolas<br \/>\nKojel\u0117s: plastikin\u0117s<br \/>\nPagrindas: 16 mm matin\u0117 laminuota med\u017eio dro\u017eli\u0173 plok\u0161t\u0117, antracito spalvos<br \/>\nRankenos: n\u0117ra<br \/>\nStal\u010diai: ATIDARYTI PASPAUSKITE \u2013 HAFELE<br \/>\nProdukto apra\u0161ymas:<br \/>\nVienas stal\u010dius<br \/>\n2 vnt. rinkinys<\/p>","protected":false},"excerpt":{"rendered":"<p>Auk\u0161tis cm: 45<br \/>\nPlotis cm: 40<br \/>\nGylis cm: 38<br \/>\nStal\u010di\u0173 skai\u010dius: 1<\/p>","protected":false},"featured_media":232150,"comment_status":"open","ping_status":"open","template":"","meta":[],"product_brand":[],"product_cat":[1176,8388],"product_tag":[],"class_list":{"0":"post-232149","1":"product","2":"type-product","3":"status-publish","4":"has-post-thumbnail","6":"product_cat-bedside-tables","7":"product_cat-cama-meble","9":"first","10":"instock","11":"purchasable","12":"product-type-simple"},"_links":{"self":[{"href":"https:\/\/baldumarket.lt\/lt\/wp-json\/wp\/v2\/product\/232149","targetHints":{"allow":["GET"]}}],"collection":[{"href":"https:\/\/baldumarket.lt\/lt\/wp-json\/wp\/v2\/product"}],"about":[{"href":"https:\/\/baldumarket.lt\/lt\/wp-json\/wp\/v2\/types\/product"}],"replies":[{"embeddable":true,"href":"https:\/\/baldumarket.lt\/lt\/wp-json\/wp\/v2\/comments?post=232149"}],"wp:featuredmedia":[{"embeddable":true,"href":"https:\/\/baldumarket.lt\/lt\/wp-json\/wp\/v2\/media\/232150"}],"wp:attachment":[{"href":"https:\/\/baldumarket.lt\/lt\/wp-json\/wp\/v2\/media?parent=232149"}],"wp:term":[{"taxonomy":"product_brand","embeddable":true,"href":"https:\/\/baldumarket.lt\/lt\/wp-json\/wp\/v2\/product_brand?post=232149"},{"taxonomy":"product_cat","embeddable":true,"href":"https:\/\/baldumarket.lt\/lt\/wp-json\/wp\/v2\/product_cat?post=232149"},{"taxonomy":"product_tag","embeddable":true,"href":"https:\/\/baldumarket.lt\/lt\/wp-json\/wp\/v2\/product_tag?post=232149"}],"curies":[{"name":"wp","href":"https:\/\/api.w.org\/{rel}","templated":true}]}}