{"id":232138,"date":"2025-12-29T01:58:51","date_gmt":"2025-12-28T22:58:51","guid":{"rendered":"https:\/\/baldumarket.lt\/product\/nord-szafka-rtv\/"},"modified":"2026-02-11T18:35:59","modified_gmt":"2026-02-11T15:35:59","slug":"nord-szafka-rtv","status":"publish","type":"product","link":"https:\/\/baldumarket.lt\/lt\/product\/nord-szafka-rtv\/","title":{"rendered":"NORD televizoriaus spintel\u0117"},"content":{"rendered":"<p>NORD TV SPINTEL\u0116 \u2013 3 STAL\u010cIAI<br \/>\nNORD televizoriaus spintel\u0117 yra elegancijos ir paprastumo esm\u0117, o puikiai suderinta spalv\u0173 gama pabr\u0117\u017eia naujausias tendencijas.<br \/>\nMed\u017eiaga:<br \/>\nKorpusas (vir\u0161us, \u0161onai) ir priekin\u0117 dalis: 16 mm matin\u0117 laminuota med\u017eio dro\u017eli\u0173 plok\u0161t\u0117, Wotan \u0105\u017euolas<br \/>\nKojel\u0117s: plastikas<br \/>\nPagrindas: 16 mm matin\u0117 laminuota med\u017eio dro\u017eli\u0173 plok\u0161t\u0117, antracito spalvos<br \/>\nRankenos: n\u0117ra<br \/>\nStal\u010diai: ATIDARYTI PASPAUSKITE \u2013 HAFELE<br \/>\nProdukto apra\u0161ymas:<br \/>\nTrys stal\u010diai<br \/>\nFiksuota baz\u0117<\/p>","protected":false},"excerpt":{"rendered":"<p>\u016agis cm: 42<br \/>\nPlotis cm: 185<br \/>\nGylis cm: 38<br \/>\nStal\u010di\u0173 skai\u010dius: 3<\/p>","protected":false},"featured_media":232139,"comment_status":"open","ping_status":"open","template":"","meta":[],"product_brand":[],"product_cat":[8388,1175],"product_tag":[],"class_list":{"0":"post-232138","1":"product","2":"type-product","3":"status-publish","4":"has-post-thumbnail","6":"product_cat-cama-meble","7":"product_cat-tv-stands","9":"first","10":"instock","11":"purchasable","12":"product-type-simple"},"_links":{"self":[{"href":"https:\/\/baldumarket.lt\/lt\/wp-json\/wp\/v2\/product\/232138","targetHints":{"allow":["GET"]}}],"collection":[{"href":"https:\/\/baldumarket.lt\/lt\/wp-json\/wp\/v2\/product"}],"about":[{"href":"https:\/\/baldumarket.lt\/lt\/wp-json\/wp\/v2\/types\/product"}],"replies":[{"embeddable":true,"href":"https:\/\/baldumarket.lt\/lt\/wp-json\/wp\/v2\/comments?post=232138"}],"wp:featuredmedia":[{"embeddable":true,"href":"https:\/\/baldumarket.lt\/lt\/wp-json\/wp\/v2\/media\/232139"}],"wp:attachment":[{"href":"https:\/\/baldumarket.lt\/lt\/wp-json\/wp\/v2\/media?parent=232138"}],"wp:term":[{"taxonomy":"product_brand","embeddable":true,"href":"https:\/\/baldumarket.lt\/lt\/wp-json\/wp\/v2\/product_brand?post=232138"},{"taxonomy":"product_cat","embeddable":true,"href":"https:\/\/baldumarket.lt\/lt\/wp-json\/wp\/v2\/product_cat?post=232138"},{"taxonomy":"product_tag","embeddable":true,"href":"https:\/\/baldumarket.lt\/lt\/wp-json\/wp\/v2\/product_tag?post=232138"}],"curies":[{"name":"wp","href":"https:\/\/api.w.org\/{rel}","templated":true}]}}