{"id":232136,"date":"2025-12-29T01:58:49","date_gmt":"2025-12-28T22:58:49","guid":{"rendered":"https:\/\/baldumarket.lt\/product\/nord-lawa\/"},"modified":"2026-02-11T18:36:01","modified_gmt":"2026-02-11T15:36:01","slug":"nord-lawa","status":"publish","type":"product","link":"https:\/\/baldumarket.lt\/lt\/product\/nord-lawa\/","title":{"rendered":"NORD suoliukas"},"content":{"rendered":"<p>NORD WOTAN \u0104\u017dUOLINIS KAVOS STALIUKAS<br \/>\nNORD kavos staliukas yra sta\u010diakampis stalas, skirtas svetain\u0117ms. \u0160is stalas pasi\u017eymi dekoratyvumu ir dideliu funkcionalumu.<br \/>\nMed\u017eiaga:<br \/>\n16 mm matin\u0117 laminuota plok\u0161t\u0117<br \/>\nSpalvos:<br \/>\nVotano \u0105\u017euolas<br \/>\nKojel\u0117s: juodos<\/p>","protected":false},"excerpt":{"rendered":"<p>Auk\u0161tis cm: 32<br \/>\nPlotis cm: 110<br \/>\nGylis cm: 60<\/p>","protected":false},"featured_media":232137,"comment_status":"open","ping_status":"open","template":"","meta":[],"product_brand":[],"product_cat":[8388,866],"product_tag":[],"class_list":{"0":"post-232136","1":"product","2":"type-product","3":"status-publish","4":"has-post-thumbnail","6":"product_cat-cama-meble","7":"product_cat-coffee-tables","9":"first","10":"instock","11":"purchasable","12":"product-type-simple"},"_links":{"self":[{"href":"https:\/\/baldumarket.lt\/lt\/wp-json\/wp\/v2\/product\/232136","targetHints":{"allow":["GET"]}}],"collection":[{"href":"https:\/\/baldumarket.lt\/lt\/wp-json\/wp\/v2\/product"}],"about":[{"href":"https:\/\/baldumarket.lt\/lt\/wp-json\/wp\/v2\/types\/product"}],"replies":[{"embeddable":true,"href":"https:\/\/baldumarket.lt\/lt\/wp-json\/wp\/v2\/comments?post=232136"}],"wp:featuredmedia":[{"embeddable":true,"href":"https:\/\/baldumarket.lt\/lt\/wp-json\/wp\/v2\/media\/232137"}],"wp:attachment":[{"href":"https:\/\/baldumarket.lt\/lt\/wp-json\/wp\/v2\/media?parent=232136"}],"wp:term":[{"taxonomy":"product_brand","embeddable":true,"href":"https:\/\/baldumarket.lt\/lt\/wp-json\/wp\/v2\/product_brand?post=232136"},{"taxonomy":"product_cat","embeddable":true,"href":"https:\/\/baldumarket.lt\/lt\/wp-json\/wp\/v2\/product_cat?post=232136"},{"taxonomy":"product_tag","embeddable":true,"href":"https:\/\/baldumarket.lt\/lt\/wp-json\/wp\/v2\/product_tag?post=232136"}],"curies":[{"name":"wp","href":"https:\/\/api.w.org\/{rel}","templated":true}]}}