{"id":232131,"date":"2025-12-29T01:58:43","date_gmt":"2025-12-28T22:58:43","guid":{"rendered":"https:\/\/baldumarket.lt\/product\/nord-komoda\/"},"modified":"2026-02-11T18:36:01","modified_gmt":"2026-02-11T15:36:01","slug":"nord-komoda","status":"publish","type":"product","link":"https:\/\/baldumarket.lt\/lt\/product\/nord-komoda\/","title":{"rendered":"NORD komoda"},"content":{"rendered":"<p>NORD komoda su stal\u010diais 1D3S<br \/>\nJei m\u0117gstate tvark\u0105 ir harmonij\u0105, jums patiks \u0161i NORD kolekcijos komoda.<br \/>\nEleganti\u0161ka antracito apdaila, derinama su kitais Wotano spalvos elementais, suteikia komodai elegancijos.<br \/>\nMed\u017eiaga:<br \/>\nKorpusas ir fasadai: 16 mm matin\u0117 laminuota med\u017eio dro\u017eli\u0173 plok\u0161t\u0117, Wotan \u0105\u017euolas<br \/>\nKojel\u0117s: plastikas<br \/>\nLentel\u0117: 16 mm matin\u0117 laminuota med\u017eio dro\u017eli\u0173 plok\u0161t\u0117, antracito spalvos<br \/>\nRankenos: n\u0117ra, durel\u0117se yra PUSH-CLICK sistema<br \/>\nStal\u010diai: ATIDARYTI PASPAUSKITE \u2013 HAFELE<br \/>\nProdukto apra\u0161ymas:<br \/>\nVienas priekis atsidaro \u012f \u0161on\u0105, viduje viena lentyna<br \/>\nTrys stal\u010diai<\/p>","protected":false},"excerpt":{"rendered":"<p>\u016agis cm: 83<br \/>\nPlotis cm: 138<br \/>\nGylis cm: 38<br \/>\nDur\u0173 skai\u010dius: 1<br \/>\nStal\u010di\u0173 skai\u010dius: 3<\/p>","protected":false},"featured_media":232132,"comment_status":"open","ping_status":"open","template":"","meta":[],"product_brand":[],"product_cat":[8388,1173],"product_tag":[],"class_list":{"0":"post-232131","1":"product","2":"type-product","3":"status-publish","4":"has-post-thumbnail","6":"product_cat-cama-meble","7":"product_cat-chests-of-drawers","9":"first","10":"instock","11":"purchasable","12":"product-type-simple"},"_links":{"self":[{"href":"https:\/\/baldumarket.lt\/lt\/wp-json\/wp\/v2\/product\/232131","targetHints":{"allow":["GET"]}}],"collection":[{"href":"https:\/\/baldumarket.lt\/lt\/wp-json\/wp\/v2\/product"}],"about":[{"href":"https:\/\/baldumarket.lt\/lt\/wp-json\/wp\/v2\/types\/product"}],"replies":[{"embeddable":true,"href":"https:\/\/baldumarket.lt\/lt\/wp-json\/wp\/v2\/comments?post=232131"}],"wp:featuredmedia":[{"embeddable":true,"href":"https:\/\/baldumarket.lt\/lt\/wp-json\/wp\/v2\/media\/232132"}],"wp:attachment":[{"href":"https:\/\/baldumarket.lt\/lt\/wp-json\/wp\/v2\/media?parent=232131"}],"wp:term":[{"taxonomy":"product_brand","embeddable":true,"href":"https:\/\/baldumarket.lt\/lt\/wp-json\/wp\/v2\/product_brand?post=232131"},{"taxonomy":"product_cat","embeddable":true,"href":"https:\/\/baldumarket.lt\/lt\/wp-json\/wp\/v2\/product_cat?post=232131"},{"taxonomy":"product_tag","embeddable":true,"href":"https:\/\/baldumarket.lt\/lt\/wp-json\/wp\/v2\/product_tag?post=232131"}],"curies":[{"name":"wp","href":"https:\/\/api.w.org\/{rel}","templated":true}]}}