{"id":232120,"date":"2025-12-29T01:58:28","date_gmt":"2025-12-28T22:58:28","guid":{"rendered":"https:\/\/baldumarket.lt\/product\/mountain-rtv-150-3d\/"},"modified":"2026-02-11T18:36:01","modified_gmt":"2026-02-11T15:36:01","slug":"mountain-rtv-150-3d","status":"publish","type":"product","link":"https:\/\/baldumarket.lt\/lt\/product\/mountain-rtv-150-3d\/","title":{"rendered":"KALN\u0172 RTV 150 3D"},"content":{"rendered":"<p>Kolekcija: MOUNTAIN Surinkti baldai: Ne Plotis: 154 Auk\u0161tis: 55 Gylis: 40 Dur\u0173 skai\u010dius: 3<br \/>\nKALN\u0172 RTV 150 3D<br \/>\nModernus \u201eMountain\u201c televizoriaus staliukas 150 cm \u2013 elegancija ir stilius<br \/>\n150 cm \u201eMountain\u201c televizoriaus spintel\u0117 derina modern\u0173 dizain\u0105 ir funkcionalum\u0105. Matin\u0117s juodos spalvos MDF fasadai, papuo\u0161ti aukso lako elementais, suteikia jai prabangos poj\u016bt\u012f. Dizainas be ranken\u0117li\u0173 ir atidarymo paspaudimu sistema u\u017etikrina minimalistin\u0119 i\u0161vaizd\u0105 ir patog\u0173 naudojim\u0105. Tvirtos metalin\u0117s kojel\u0117s (18 cm) juodos ir auksin\u0117s spalvos suteikia lengvumo ir elegancijos. Puikiai tinka moderniam interjerui, tai stilingas bet kokio dekoro papildymas.<\/p>","protected":false},"excerpt":{"rendered":"<p>Kolekcija: KALNAS<br \/>\nPlotis: 154<br \/>\n\u016agis: 55<br \/>\nGylis: 40<br \/>\nDur\u0173 skai\u010dius: 3<\/p>","protected":false},"featured_media":232121,"comment_status":"open","ping_status":"open","template":"","meta":[],"product_brand":[],"product_cat":[8388,1175],"product_tag":[],"class_list":{"0":"post-232120","1":"product","2":"type-product","3":"status-publish","4":"has-post-thumbnail","6":"product_cat-cama-meble","7":"product_cat-tv-stands","9":"first","10":"instock","11":"purchasable","12":"product-type-simple"},"_links":{"self":[{"href":"https:\/\/baldumarket.lt\/lt\/wp-json\/wp\/v2\/product\/232120","targetHints":{"allow":["GET"]}}],"collection":[{"href":"https:\/\/baldumarket.lt\/lt\/wp-json\/wp\/v2\/product"}],"about":[{"href":"https:\/\/baldumarket.lt\/lt\/wp-json\/wp\/v2\/types\/product"}],"replies":[{"embeddable":true,"href":"https:\/\/baldumarket.lt\/lt\/wp-json\/wp\/v2\/comments?post=232120"}],"wp:featuredmedia":[{"embeddable":true,"href":"https:\/\/baldumarket.lt\/lt\/wp-json\/wp\/v2\/media\/232121"}],"wp:attachment":[{"href":"https:\/\/baldumarket.lt\/lt\/wp-json\/wp\/v2\/media?parent=232120"}],"wp:term":[{"taxonomy":"product_brand","embeddable":true,"href":"https:\/\/baldumarket.lt\/lt\/wp-json\/wp\/v2\/product_brand?post=232120"},{"taxonomy":"product_cat","embeddable":true,"href":"https:\/\/baldumarket.lt\/lt\/wp-json\/wp\/v2\/product_cat?post=232120"},{"taxonomy":"product_tag","embeddable":true,"href":"https:\/\/baldumarket.lt\/lt\/wp-json\/wp\/v2\/product_tag?post=232120"}],"curies":[{"name":"wp","href":"https:\/\/api.w.org\/{rel}","templated":true}]}}