{"id":232115,"date":"2025-12-29T01:58:22","date_gmt":"2025-12-28T22:58:22","guid":{"rendered":"https:\/\/baldumarket.lt\/product\/mountain-lawa-czarna\/"},"modified":"2026-02-11T18:36:01","modified_gmt":"2026-02-11T15:36:01","slug":"mountain-lawa-czarna","status":"publish","type":"product","link":"https:\/\/baldumarket.lt\/lt\/product\/mountain-lawa-czarna\/","title":{"rendered":"KALN\u0172 JUODASIS SUOLAS"},"content":{"rendered":"<p>Kolekcija: MOUNTAIN Surinkta: ne Plotis: 110 Auk\u0161tis: 46 Gylis: 60 MOUNTAIN kavos staliukas<br \/>\nModernus kaln\u0173 kavos staliukas \u2013 elegancija ir stilius<br \/>\n\u201eMountain\u201c kavos staliukas \u2013 tai tobulas modernaus dizaino ir funkcionalumo derinys. Matin\u0117s juodos spalvos MDF fasadas, papuo\u0161tas aukso lako elementais, suteikia jam prabangi\u0105 i\u0161vaizd\u0105. \u201ePush to Open\u201c sistema u\u017etikrina patog\u0173 naudojim\u0105 be ranken\u0117li\u0173, o stabilios metalin\u0117s kojel\u0117s (18 cm) juodos ir auksin\u0117s spalvos suteikia dizainui lengvumo. Puikiai tinkantis svetainei, jis gra\u017eiai dera prie modernaus ir prabangaus interjero, sukurdamas unikali\u0105 atmosfer\u0105.<\/p>","protected":false},"excerpt":{"rendered":"<p>Kolekcija: KALNAS<br \/>\nPlotis: 110<br \/>\n\u016agis: 46<br \/>\nGylis: 60<\/p>","protected":false},"featured_media":232116,"comment_status":"open","ping_status":"open","template":"","meta":[],"product_brand":[],"product_cat":[8388,866],"product_tag":[],"class_list":{"0":"post-232115","1":"product","2":"type-product","3":"status-publish","4":"has-post-thumbnail","6":"product_cat-cama-meble","7":"product_cat-coffee-tables","9":"first","10":"instock","11":"purchasable","12":"product-type-simple"},"_links":{"self":[{"href":"https:\/\/baldumarket.lt\/lt\/wp-json\/wp\/v2\/product\/232115","targetHints":{"allow":["GET"]}}],"collection":[{"href":"https:\/\/baldumarket.lt\/lt\/wp-json\/wp\/v2\/product"}],"about":[{"href":"https:\/\/baldumarket.lt\/lt\/wp-json\/wp\/v2\/types\/product"}],"replies":[{"embeddable":true,"href":"https:\/\/baldumarket.lt\/lt\/wp-json\/wp\/v2\/comments?post=232115"}],"wp:featuredmedia":[{"embeddable":true,"href":"https:\/\/baldumarket.lt\/lt\/wp-json\/wp\/v2\/media\/232116"}],"wp:attachment":[{"href":"https:\/\/baldumarket.lt\/lt\/wp-json\/wp\/v2\/media?parent=232115"}],"wp:term":[{"taxonomy":"product_brand","embeddable":true,"href":"https:\/\/baldumarket.lt\/lt\/wp-json\/wp\/v2\/product_brand?post=232115"},{"taxonomy":"product_cat","embeddable":true,"href":"https:\/\/baldumarket.lt\/lt\/wp-json\/wp\/v2\/product_cat?post=232115"},{"taxonomy":"product_tag","embeddable":true,"href":"https:\/\/baldumarket.lt\/lt\/wp-json\/wp\/v2\/product_tag?post=232115"}],"curies":[{"name":"wp","href":"https:\/\/api.w.org\/{rel}","templated":true}]}}