{"id":232100,"date":"2025-12-29T01:58:03","date_gmt":"2025-12-28T22:58:03","guid":{"rendered":"https:\/\/baldumarket.lt\/product\/masha-witryna-1d1s-kaszmir\/"},"modified":"2026-02-11T18:36:02","modified_gmt":"2026-02-11T15:36:02","slug":"masha-witryna-1d1s-kaszmir","status":"publish","type":"product","link":"https:\/\/baldumarket.lt\/lt\/product\/masha-witryna-1d1s-kaszmir\/","title":{"rendered":"MA\u0160A VITRINA 1D1S KA\u0160MYRAS"},"content":{"rendered":"<p>Kolekcija: MASHAMurinktas blokas: NePlotis: 60 cmAuk\u0161tis: 184 cmGylis: 39 cmDureli\u0173 skai\u010dius: 1Stal\u010di\u0173 skai\u010dius: 1\u0160i moderni vitrina\/lentyna \u2013 tai tobulas elegancijos, funkcionalumo ir minimalistinio dizaino derinys. Jos plona, auk\u0161ta forma puikiai tinka svetain\u0117ms, miegamiesiems ir nam\u0173 biurams, nes leid\u017eia maksimaliai i\u0161naudoti erdv\u0119. \u0160viesios spintel\u0117s spalvos vizualiai pagyvina interjer\u0105, o paprasta forma harmoningai dera su moderniu ir skandinavi\u0161ku interjeru.<br \/>\nLentyn\u0173 blokas turi atviras lentynas, kuriose galite lengvai susid\u0117ti knygas, dekoracijas ar m\u0117gstamus aksesuarus. Apatin\u0117, u\u017edara dalis sumaniai paslepia daiktus, kuriuos norite laikyti po ranka, bet neb\u016btinai matomoje vietoje. Stabili konstrukcija, paremta plonomis kojel\u0117mis, suteikia lengvumo ir leid\u017eia lengvai palaikyti tvark\u0105 erdv\u0117je.<br \/>\n\u0160is baldas derina estetik\u0105 ir prakti\u0161kum\u0105 \u2013 subtilus, ta\u010diau i\u0161rai\u0161kingas savo paprastumu, jis sukuria \u0161ilt\u0105 ir jauki\u0105 atmosfer\u0105 bet kuriame interjere. Stilinga ir funkcionali MASHA kolekcija \u2013 puikus sprendimas moderniam ir eleganti\u0161kam interjerui. Baldai pagaminti i\u0161 madingos ka\u0161myro matin\u0117s apdailos, suteikian\u010dios erdvei \u0161ilumos ir harmonijos. Atidarymo spustel\u0117jus sistema u\u017etikrina patog\u0173 atidarym\u0105 be ranken\u0117li\u0173, o 14 cm matin\u0117s kojel\u0117s suteikia lengvumo ir tvarkos palaikymo patogumo.<br \/>\nKolekcijoje yra:<br \/>\n200 cm ilgio komoda su 4 durimis,<br \/>\n150 cm dviej\u0173 dur\u0173 komoda, trij\u0173 dur\u0173 komoda,<br \/>\n150 cm dviej\u0173 dur\u0173 komoda, dviej\u0173 dur\u0173 komoda,<br \/>\n200 cm dviej\u0173 dur\u0173 televizoriaus staliukas,<br \/>\n1 dur\u0173 vitrina, 1 dur\u0173 spintel\u0117, 1 dur\u0173 spintel\u0117,<br \/>\nLentynos ir dekoratyvin\u0117 plok\u0161t\u0117<br \/>\nMASHA kolekcija apjungia estetik\u0105, prakti\u0161kum\u0105 ir auk\u0161tos kokyb\u0117s meistri\u0161kum\u0105 \u2013 puikiai tinka svetainei, valgomajam ar moderniai gyvenamajai erdvei.<\/p>","protected":false},"excerpt":{"rendered":"<p>Kolekcija: MA\u0160A<br \/>\nPlotis: 60<br \/>\n\u016agis: 184<br \/>\nGylis: 39<br \/>\nDur\u0173 skai\u010dius: 1<br \/>\nStal\u010di\u0173 skai\u010dius: 1<\/p>","protected":false},"featured_media":232101,"comment_status":"open","ping_status":"open","template":"","meta":[],"product_brand":[],"product_cat":[8388,2006],"product_tag":[],"class_list":{"0":"post-232100","1":"product","2":"type-product","3":"status-publish","4":"has-post-thumbnail","6":"product_cat-cama-meble","7":"product_cat-vitrines","9":"first","10":"instock","11":"purchasable","12":"product-type-simple"},"_links":{"self":[{"href":"https:\/\/baldumarket.lt\/lt\/wp-json\/wp\/v2\/product\/232100","targetHints":{"allow":["GET"]}}],"collection":[{"href":"https:\/\/baldumarket.lt\/lt\/wp-json\/wp\/v2\/product"}],"about":[{"href":"https:\/\/baldumarket.lt\/lt\/wp-json\/wp\/v2\/types\/product"}],"replies":[{"embeddable":true,"href":"https:\/\/baldumarket.lt\/lt\/wp-json\/wp\/v2\/comments?post=232100"}],"wp:featuredmedia":[{"embeddable":true,"href":"https:\/\/baldumarket.lt\/lt\/wp-json\/wp\/v2\/media\/232101"}],"wp:attachment":[{"href":"https:\/\/baldumarket.lt\/lt\/wp-json\/wp\/v2\/media?parent=232100"}],"wp:term":[{"taxonomy":"product_brand","embeddable":true,"href":"https:\/\/baldumarket.lt\/lt\/wp-json\/wp\/v2\/product_brand?post=232100"},{"taxonomy":"product_cat","embeddable":true,"href":"https:\/\/baldumarket.lt\/lt\/wp-json\/wp\/v2\/product_cat?post=232100"},{"taxonomy":"product_tag","embeddable":true,"href":"https:\/\/baldumarket.lt\/lt\/wp-json\/wp\/v2\/product_tag?post=232100"}],"curies":[{"name":"wp","href":"https:\/\/api.w.org\/{rel}","templated":true}]}}