{"id":232097,"date":"2025-12-29T01:57:59","date_gmt":"2025-12-28T22:57:59","guid":{"rendered":"https:\/\/baldumarket.lt\/product\/masha-rtv-200-2d-kaszmir\/"},"modified":"2026-02-11T18:36:02","modified_gmt":"2026-02-11T15:36:02","slug":"masha-rtv-200-2d-kaszmir","status":"publish","type":"product","link":"https:\/\/baldumarket.lt\/lt\/product\/masha-rtv-200-2d-kaszmir\/","title":{"rendered":"MASHA RTV 200 2D KA\u0160MYRAS"},"content":{"rendered":"<p>Kolekcija: MASHA Surinkti baldai: Ne Plotis: 200 Auk\u0161tis: 46 Gylis: 30 Dur\u0173 skai\u010dius: 2 MASHA ka\u0161myro matinis televizoriaus staliukas \u2013 puikus pasirinkimas tiems, kurie vertina modern\u0173 dizain\u0105, patogum\u0105 ir auk\u0161t\u0105 meistri\u0161kumo kokyb\u0119. Eleganti\u0161ka, matin\u0117 ka\u0161myro spalva puikiai dera su dabartin\u0117mis interjero dizaino tendencijomis, sukurdama harmoning\u0105 ir \u0161ilt\u0105 erdv\u0119 svetain\u0117je.<br \/>\nSpintel\u0117 pasi\u017eymi novatori\u0161ka atidarymo spustel\u0117jus sistema, leid\u017eian\u010dia atidaryti priekines dalis be ranken\u0117li\u0173, pabr\u0117\u017eiant \u0161varias, minimalistines linijas. Stabilios ir esteti\u0161kai patrauklios 14 cm auk\u0161\u010dio kojel\u0117s ne tik suteikia konstrukcijai lengvumo, bet ir padeda palaikyti tvark\u0105 po spintele.<br \/>\nStilinga ir funkcionali MASHA kolekcija \u2013 puikus sprendimas moderniam ir eleganti\u0161kam interjerui. Baldai apdailinti madinga \u201eCashmere Matt\u201c spalva, kuri suteikia erdvei \u0161ilumos ir harmonijos. Atidarymo spustel\u0117jus sistema u\u017etikrina patog\u0173 atidarym\u0105 be ranken\u0117li\u0173, o 14 cm matin\u0117s kojel\u0117s suteikia lengvumo ir palengvina tvark\u0105.<br \/>\nKolekcijoje yra:<br \/>\n200 cm ilgio komoda su 4 durimis,<br \/>\n150 cm dviej\u0173 dur\u0173 komoda, trij\u0173 dur\u0173 komoda,<br \/>\n150 cm dviej\u0173 dur\u0173 komoda, dviej\u0173 dur\u0173 komoda,<br \/>\n200 cm dviej\u0173 dur\u0173 televizoriaus staliukas,<br \/>\n1 dur\u0173 vitrina, 1 dur\u0173, 1 dur\u0173,<br \/>\nLentynos ir dekoratyvin\u0117 plok\u0161t\u0117<br \/>\nMASHA kolekcija apjungia estetik\u0105, prakti\u0161kum\u0105 ir auk\u0161tos kokyb\u0117s meistri\u0161kum\u0105 \u2013 puikiai tinka svetainei, valgomajam ar moderniai gyvenamajai erdvei.<\/p>","protected":false},"excerpt":{"rendered":"<p>Kolekcija: MA\u0160A<br \/>\nPlotis: 200<br \/>\n\u016agis: 46<br \/>\nGylis: 30<br \/>\nDur\u0173 skai\u010dius: 2<\/p>","protected":false},"featured_media":232098,"comment_status":"open","ping_status":"open","template":"","meta":[],"product_brand":[],"product_cat":[8388,1175],"product_tag":[],"class_list":{"0":"post-232097","1":"product","2":"type-product","3":"status-publish","4":"has-post-thumbnail","6":"product_cat-cama-meble","7":"product_cat-tv-stands","9":"first","10":"instock","11":"purchasable","12":"product-type-simple"},"_links":{"self":[{"href":"https:\/\/baldumarket.lt\/lt\/wp-json\/wp\/v2\/product\/232097","targetHints":{"allow":["GET"]}}],"collection":[{"href":"https:\/\/baldumarket.lt\/lt\/wp-json\/wp\/v2\/product"}],"about":[{"href":"https:\/\/baldumarket.lt\/lt\/wp-json\/wp\/v2\/types\/product"}],"replies":[{"embeddable":true,"href":"https:\/\/baldumarket.lt\/lt\/wp-json\/wp\/v2\/comments?post=232097"}],"wp:featuredmedia":[{"embeddable":true,"href":"https:\/\/baldumarket.lt\/lt\/wp-json\/wp\/v2\/media\/232098"}],"wp:attachment":[{"href":"https:\/\/baldumarket.lt\/lt\/wp-json\/wp\/v2\/media?parent=232097"}],"wp:term":[{"taxonomy":"product_brand","embeddable":true,"href":"https:\/\/baldumarket.lt\/lt\/wp-json\/wp\/v2\/product_brand?post=232097"},{"taxonomy":"product_cat","embeddable":true,"href":"https:\/\/baldumarket.lt\/lt\/wp-json\/wp\/v2\/product_cat?post=232097"},{"taxonomy":"product_tag","embeddable":true,"href":"https:\/\/baldumarket.lt\/lt\/wp-json\/wp\/v2\/product_tag?post=232097"}],"curies":[{"name":"wp","href":"https:\/\/api.w.org\/{rel}","templated":true}]}}