{"id":232091,"date":"2025-12-29T01:57:52","date_gmt":"2025-12-28T22:57:52","guid":{"rendered":"https:\/\/baldumarket.lt\/product\/masha-panel-kaszmir\/"},"modified":"2026-02-11T18:36:02","modified_gmt":"2026-02-11T15:36:02","slug":"masha-panel-kaszmir","status":"publish","type":"product","link":"https:\/\/baldumarket.lt\/lt\/product\/masha-panel-kaszmir\/","title":{"rendered":"MA\u0160A PANEL KA\u0160MYRAS"},"content":{"rendered":"<p>Kolekcija: MASHAMashable Baldai: BePlotis: 86 cmAuk\u0161tis: 138 cmGylis: 16,5 cmDekoratyvin\u0117 plok\u0161t\u0117 \u201eMASHA Cashmere Matte\u201c \u2013 eleganti\u0161kas sienos aksesuaras su dviem juodomis lentynomis, puikiai tinkantis moderniam interjerui. Ji puikiai papildo \u201eMASHA\u201c komod\u0173 kolekcij\u0105, sukurdama darn\u0173 i\u0161d\u0117stym\u0105 ir suteikdama papildomos vietos dekoracijoms.<br \/>\nStilinga ir funkcionali MASHA kolekcija \u2013 puikus sprendimas moderniam ir eleganti\u0161kam interjerui. Baldai apdailinti madinga \u201eCashmere Matte\u201c spalva, kuri suteikia erdvei \u0161ilumos ir harmonijos. Atidarymo spustel\u0117jus sistema u\u017etikrina patog\u0173 atidarym\u0105 be ranken\u0117li\u0173, o 14 cm matin\u0117s kojel\u0117s suteikia lengvumo ir palengvina tvarkos palaikym\u0105. Kolekcij\u0105 sudaro:<br \/>\n200 cm ilgio komoda su 4 durimis,<br \/>\n150 cm dviej\u0173 dur\u0173 komoda,<br \/>\n150 cm dviej\u0173 dur\u0173 komoda,<br \/>\n2 dur\u0173 komoda,<br \/>\n200 cm dviej\u0173 dur\u0173 televizoriaus staliukas,<br \/>\n1 dur\u0173 vitrina,<br \/>\n1 dur\u0173 vitrina,<br \/>\nLentynos ir dekoratyvin\u0117 plok\u0161t\u0117<br \/>\nMASHA kolekcija apjungia estetik\u0105, prakti\u0161kum\u0105 ir auk\u0161tos kokyb\u0117s meistri\u0161kum\u0105 \u2013 puikiai tinka svetainei, valgomajam ar moderniai gyvenamajai erdvei.<\/p>","protected":false},"excerpt":{"rendered":"<p>Kolekcija: MA\u0160A<br \/>\nPlotis: 86<br \/>\n\u016agis: 138<br \/>\nGylis: 16,5<\/p>","protected":false},"featured_media":232092,"comment_status":"open","ping_status":"open","template":"","meta":[],"product_brand":[],"product_cat":[8388,1174],"product_tag":[],"class_list":{"0":"post-232091","1":"product","2":"type-product","3":"status-publish","4":"has-post-thumbnail","6":"product_cat-cama-meble","7":"product_cat-hanging-shelves","9":"first","10":"instock","11":"purchasable","12":"product-type-simple"},"_links":{"self":[{"href":"https:\/\/baldumarket.lt\/lt\/wp-json\/wp\/v2\/product\/232091","targetHints":{"allow":["GET"]}}],"collection":[{"href":"https:\/\/baldumarket.lt\/lt\/wp-json\/wp\/v2\/product"}],"about":[{"href":"https:\/\/baldumarket.lt\/lt\/wp-json\/wp\/v2\/types\/product"}],"replies":[{"embeddable":true,"href":"https:\/\/baldumarket.lt\/lt\/wp-json\/wp\/v2\/comments?post=232091"}],"wp:featuredmedia":[{"embeddable":true,"href":"https:\/\/baldumarket.lt\/lt\/wp-json\/wp\/v2\/media\/232092"}],"wp:attachment":[{"href":"https:\/\/baldumarket.lt\/lt\/wp-json\/wp\/v2\/media?parent=232091"}],"wp:term":[{"taxonomy":"product_brand","embeddable":true,"href":"https:\/\/baldumarket.lt\/lt\/wp-json\/wp\/v2\/product_brand?post=232091"},{"taxonomy":"product_cat","embeddable":true,"href":"https:\/\/baldumarket.lt\/lt\/wp-json\/wp\/v2\/product_cat?post=232091"},{"taxonomy":"product_tag","embeddable":true,"href":"https:\/\/baldumarket.lt\/lt\/wp-json\/wp\/v2\/product_tag?post=232091"}],"curies":[{"name":"wp","href":"https:\/\/api.w.org\/{rel}","templated":true}]}}