{"id":232088,"date":"2025-12-29T01:57:49","date_gmt":"2025-12-28T22:57:49","guid":{"rendered":"https:\/\/baldumarket.lt\/product\/masha-komoda-200-4d-kaszmir\/"},"modified":"2026-02-11T18:36:02","modified_gmt":"2026-02-11T15:36:02","slug":"masha-komoda-200-4d-kaszmir","status":"publish","type":"product","link":"https:\/\/baldumarket.lt\/lt\/product\/masha-komoda-200-4d-kaszmir\/","title":{"rendered":"MASHA komoda 200 4D ka\u0161myro"},"content":{"rendered":"<p>Kolekcija: MASHA Surinkimas: Ne Plotis: 200 Auk\u0161tis: 75 Gylis: 39 Spalva: KASHMYRI Dur\u0173 skai\u010dius: 4 Rankena: N\u0116RA MASHA \u201eKaszmir Mat\u201c komoda \u2013 puikus pasirinkimas tiems, kurie vertina modern\u0173 dizain\u0105, patogum\u0105 ir auk\u0161t\u0105 meistri\u0161kumo kokyb\u0119. Eleganti\u0161ka, matin\u0117 ka\u0161myro spalva puikiai dera su dabartin\u0117mis interjero tendencijomis, sukurdama harmoning\u0105 ir \u0161ilt\u0105 erdv\u0119 svetain\u0117je, miegamajame ar valgomajame.<br \/>\nSpintel\u0117 pasi\u017eymi novatori\u0161ka atidarymo spustel\u0117jus sistema, leid\u017eian\u010dia atidaryti fasadus be ranken\u0117li\u0173, pabr\u0117\u017eiant \u0161varias, minimalistines linijas. Stabilios ir esteti\u0161kai patrauklios 14 cm auk\u0161\u010dio kojel\u0117s ne tik suteikia dizainui lengvumo, bet ir padeda palaikyti tvark\u0105 po spintele.<br \/>\nKomoda turi keturis erdvius skyrius, kuriuose yra daug vietos dokumentams, tekstil\u0117s gaminiams, stalo \u012frankiams ar kitiems nam\u0173 aksesuarams laikyti. D\u0117l gerai apgalvoto dizaino ir didelio funkcionalumo ji puikiai tinka tiek moderniam, tiek klasikiniam interjerui, dekoruotam prislopintomis spalvomis.<br \/>\nMASHA modelis apjungia stili\u0173, nesenstant\u012f stili\u0173 ir prakti\u0161kum\u0105 \u2013 sukurtas tiems, kurie ie\u0161ko eleganti\u0161k\u0173 bald\u0173, kurie tarnaus ilgus metus.<br \/>\nStilinga ir funkcionali MASHA kolekcija \u2013 puikus sprendimas moderniam ir eleganti\u0161kam interjerui. Baldai apdailinti madinga \u201eCashmere Matte\u201c spalva, kuri suteikia erdvei \u0161ilumos ir harmonijos. Atidarymo spustel\u0117jus sistema u\u017etikrina patog\u0173 atidarym\u0105 be ranken\u0117li\u0173, o 14 centimetr\u0173 matin\u0117s kojel\u0117s suteikia lengvumo ir palengvina tvarkos palaikym\u0105. Kolekcij\u0105 sudaro:<br \/>\n200 cm ilgio komoda su 4 durimis,<br \/>\n150 cm dviej\u0173 dur\u0173 komoda,<br \/>\n150 cm dviej\u0173 dur\u0173 komoda,<br \/>\n2 dur\u0173 komoda,<br \/>\n200 cm dviej\u0173 dur\u0173 televizoriaus staliukas,<br \/>\n1 dur\u0173 vitrina,<br \/>\n1 dur\u0173 vitrina,<br \/>\nLentynos ir dekoratyvin\u0117 plok\u0161t\u0117<br \/>\nMASHA kolekcija apjungia estetik\u0105, prakti\u0161kum\u0105 ir auk\u0161tos kokyb\u0117s meistri\u0161kum\u0105 \u2013 puikiai tinka svetainei, valgomajam ar moderniai gyvenamajai erdvei.<\/p>","protected":false},"excerpt":{"rendered":"<p>Kolekcija: MA\u0160A<br \/>\nPlotis: 200<br \/>\n\u016agis: 75<br \/>\nGylis: 39<br \/>\nSpalva: KA\u0160MYRAS<br \/>\nDur\u0173 skai\u010dius: 4<\/p>","protected":false},"featured_media":232089,"comment_status":"open","ping_status":"open","template":"","meta":[],"product_brand":[],"product_cat":[8388,1173],"product_tag":[],"class_list":{"0":"post-232088","1":"product","2":"type-product","3":"status-publish","4":"has-post-thumbnail","6":"product_cat-cama-meble","7":"product_cat-chests-of-drawers","9":"first","10":"instock","11":"purchasable","12":"product-type-simple"},"_links":{"self":[{"href":"https:\/\/baldumarket.lt\/lt\/wp-json\/wp\/v2\/product\/232088","targetHints":{"allow":["GET"]}}],"collection":[{"href":"https:\/\/baldumarket.lt\/lt\/wp-json\/wp\/v2\/product"}],"about":[{"href":"https:\/\/baldumarket.lt\/lt\/wp-json\/wp\/v2\/types\/product"}],"replies":[{"embeddable":true,"href":"https:\/\/baldumarket.lt\/lt\/wp-json\/wp\/v2\/comments?post=232088"}],"wp:featuredmedia":[{"embeddable":true,"href":"https:\/\/baldumarket.lt\/lt\/wp-json\/wp\/v2\/media\/232089"}],"wp:attachment":[{"href":"https:\/\/baldumarket.lt\/lt\/wp-json\/wp\/v2\/media?parent=232088"}],"wp:term":[{"taxonomy":"product_brand","embeddable":true,"href":"https:\/\/baldumarket.lt\/lt\/wp-json\/wp\/v2\/product_brand?post=232088"},{"taxonomy":"product_cat","embeddable":true,"href":"https:\/\/baldumarket.lt\/lt\/wp-json\/wp\/v2\/product_cat?post=232088"},{"taxonomy":"product_tag","embeddable":true,"href":"https:\/\/baldumarket.lt\/lt\/wp-json\/wp\/v2\/product_tag?post=232088"}],"curies":[{"name":"wp","href":"https:\/\/api.w.org\/{rel}","templated":true}]}}