{"id":232085,"date":"2025-12-29T01:57:45","date_gmt":"2025-12-28T22:57:45","guid":{"rendered":"https:\/\/baldumarket.lt\/product\/masha-komoda-150-2d3s-kaszmir\/"},"modified":"2026-02-11T18:36:02","modified_gmt":"2026-02-11T15:36:02","slug":"masha-komoda-150-2d3s-kaszmir","status":"publish","type":"product","link":"https:\/\/baldumarket.lt\/lt\/product\/masha-komoda-150-2d3s-kaszmir\/","title":{"rendered":"MASHA komoda su stal\u010diais 150 2D3S ka\u0161myro"},"content":{"rendered":"<p>Kolekcija: MASHA Surinkta: Ne Plotis: 150 Auk\u0161tis: 80 Gylis: 39 Dur\u0173 skai\u010dius: 2 Stal\u010di\u0173 skai\u010dius: 3 MASHA 150 cm 2D3S komoda su eleganti\u0161ka \u201eKa\u0161myro matin\u0117\u201c apdaila \u2013 puikus pasirinkimas tiems, kurie vertina modern\u0173 dizain\u0105, funkcionalum\u0105 ir nesenstan\u010di\u0105 estetik\u0105. \u0160is baldas sukurtas interjerams, kuriuose dera minimalizmas, harmonija ir kasdienis komfortas. D\u0117l gerai apgalvoto dizaino komoda puikiai tinka svetain\u0117ms, miegamiesiems, valgomiesiems ir net biurams.<br \/>\n\u0160is modelis turi dvi erdvias spinteles ir tris prakti\u0161kus stal\u010dius, kuriuose yra daug vietos \u012fvairiems daiktams laikyti \u2013 nuo dokument\u0173 ir nieku\u010di\u0173 iki tekstil\u0117s gamini\u0173 ir stalo \u012franki\u0173. Tai padeda palaikyti tvark\u0105 ir organizuotum\u0105 bet kokiame interjere. Tiek durel\u0117ms, tiek stal\u010diams naudojama atidarymo spustel\u0117jus sistema panaikina ranken\u0173 poreik\u012f, suteikdama baldui unikaliai moderni\u0105, lygi\u0105 linij\u0105 ir pabr\u0117\u017eiant minimalistin\u012f kolekcijos charakter\u012f. Visas baldas stovi ant stabili\u0173, matini\u0173 14 cm auk\u0161\u010dio kojeli\u0173, kurios suteikia konstrukcijai lengvumo ir puikiai dera su subtilia ka\u0161myro spalva. Toks auk\u0161tis leid\u017eia lengvai valyti po baldu, o tai ypa\u010d prakti\u0161ka kasdieniam naudojimui. Baldas ne tik puikiai atrodo, bet ir buvo sukurtas atsi\u017evelgiant \u012f funkcionalum\u0105 ir patogum\u0105.<br \/>\nModernus MASHA komodos dizainas puikiai dera prie \u0161iuolaikinio skandinavi\u0161ko, minimalistinio ar lofto stiliaus interjero. Ka\u0161myro matin\u0117 spalva suteikia elegancijos ir jaukumo, tuo pa\u010diu i\u0161likdama universali, tod\u0117l j\u0105 lengva derinti su \u012fvairiais dekoro elementais ir aksesuarais.<br \/>\nKomoda MASHA apjungia estetik\u0105, kokybi\u0161k\u0105 meistri\u0161kum\u0105 ir prakti\u0161kum\u0105 \u2013 tai baldas, kuris tarnaus ilgus metus ir taps ry\u0161kiu j\u016bs\u0173 nam\u0173 akcentu. Puikus pasirinkimas ie\u0161kantiems prabangi\u0173 bald\u0173 su moderniu akcentu.<br \/>\nStilinga ir funkcionali MASHA kolekcija \u2013 puikus sprendimas moderniam ir eleganti\u0161kam interjerui. Baldai pagaminti madinga \u201eCashmere Matte\u201c spalva, kuri suteikia erdvei \u0161ilumos ir harmonijos. Atidarymo spustel\u0117jus sistema u\u017etikrina patog\u0173 atidarym\u0105 be ranken\u0117li\u0173, o 14 cm matin\u0117s kojel\u0117s suteikia lengvumo ir palengvina tvark\u0105.<br \/>\nKolekcijoje yra:<br \/>\n200 cm ilgio komoda su 4 durimis,<br \/>\n150 cm dviej\u0173 dur\u0173 komoda, trij\u0173 dur\u0173 komoda,<br \/>\n150 cm dviej\u0173 dur\u0173 komoda, dviej\u0173 dur\u0173 komoda,<br \/>\n200 cm dviej\u0173 dur\u0173 televizoriaus staliukas,<br \/>\n1 dur\u0173 vitrina, 1 dur\u0173, 1 dur\u0173,<br \/>\nLentynos ir dekoratyvin\u0117 plok\u0161t\u0117<br \/>\nMASHA kolekcija apjungia estetik\u0105, prakti\u0161kum\u0105 ir auk\u0161tos kokyb\u0117s meistri\u0161kum\u0105 \u2013 puikiai tinka svetainei, valgomajam ar moderniai gyvenamajai erdvei.<\/p>","protected":false},"excerpt":{"rendered":"<p>Kolekcija: MA\u0160A<br \/>\nPlotis: 150<br \/>\n\u016agis: 80<br \/>\nGylis: 39<br \/>\nDur\u0173 skai\u010dius: 2<br \/>\nStal\u010di\u0173 skai\u010dius: 3<\/p>","protected":false},"featured_media":232086,"comment_status":"open","ping_status":"open","template":"","meta":[],"product_brand":[],"product_cat":[8388,1173],"product_tag":[],"class_list":{"0":"post-232085","1":"product","2":"type-product","3":"status-publish","4":"has-post-thumbnail","6":"product_cat-cama-meble","7":"product_cat-chests-of-drawers","9":"first","10":"instock","11":"purchasable","12":"product-type-simple"},"_links":{"self":[{"href":"https:\/\/baldumarket.lt\/lt\/wp-json\/wp\/v2\/product\/232085","targetHints":{"allow":["GET"]}}],"collection":[{"href":"https:\/\/baldumarket.lt\/lt\/wp-json\/wp\/v2\/product"}],"about":[{"href":"https:\/\/baldumarket.lt\/lt\/wp-json\/wp\/v2\/types\/product"}],"replies":[{"embeddable":true,"href":"https:\/\/baldumarket.lt\/lt\/wp-json\/wp\/v2\/comments?post=232085"}],"wp:featuredmedia":[{"embeddable":true,"href":"https:\/\/baldumarket.lt\/lt\/wp-json\/wp\/v2\/media\/232086"}],"wp:attachment":[{"href":"https:\/\/baldumarket.lt\/lt\/wp-json\/wp\/v2\/media?parent=232085"}],"wp:term":[{"taxonomy":"product_brand","embeddable":true,"href":"https:\/\/baldumarket.lt\/lt\/wp-json\/wp\/v2\/product_brand?post=232085"},{"taxonomy":"product_cat","embeddable":true,"href":"https:\/\/baldumarket.lt\/lt\/wp-json\/wp\/v2\/product_cat?post=232085"},{"taxonomy":"product_tag","embeddable":true,"href":"https:\/\/baldumarket.lt\/lt\/wp-json\/wp\/v2\/product_tag?post=232085"}],"curies":[{"name":"wp","href":"https:\/\/api.w.org\/{rel}","templated":true}]}}