{"id":232077,"date":"2025-12-29T01:57:35","date_gmt":"2025-12-28T22:57:35","guid":{"rendered":"https:\/\/baldumarket.lt\/product\/marmo-rtv-marmur-czarny\/"},"modified":"2026-02-11T18:36:02","modified_gmt":"2026-02-11T15:36:02","slug":"marmo-rtv-marmur-czarny","status":"publish","type":"product","link":"https:\/\/baldumarket.lt\/lt\/product\/marmo-rtv-marmur-czarny\/","title":{"rendered":"MARMO RTV juodas marmuras"},"content":{"rendered":"<p>MARMO JUODO MARMURO TV SPINTEL\u0116<br \/>\n\u0160is televizoriaus staliukas su juodo marmuro ra\u0161tu yra viena kar\u0161\u010diausi\u0173 tendencij\u0173. Jis labai eleganti\u0161kas ir modernus. Savo gro\u017e\u012f jis suteikia juodo marmuro ra\u0161tui su \u017eaviomis pilkomis gyslomis.<br \/>\nAr ruo\u0161iat\u0117s naujam interjerui ar planuojate atnaujinti esam\u0105? Mes pasiruo\u0161\u0119 jums pad\u0117ti \u012fsigydami MARMO 2D1S1K televizoriaus spintel\u0119. Jos marmuro imitacijos fasadai suteiks j\u016bs\u0173 svetainei elegancijos ir jaukumo.<br \/>\nBalto ir juodo marmuro baldai \u0161iuo metu sulaukia did\u017eiulio populiarumo, dizaineriai juos \u012ftraukia \u012f savo dizainus. Kvie\u010diame ap\u017ei\u016br\u0117ti \u201eMarmo\u201c kolekcij\u0105, kurioje yra televizoriaus staliukas, 150 cm ir 200 cm komoda. Med\u017eiaga:<br \/>\nKorpusas (vir\u0161us, \u0161onai): 16 mm matin\u0117 laminuota plok\u0161t\u0117<br \/>\nPriekin\u0117 pus\u0117 (atvartas): 16 mm matin\u0117 laminuota plok\u0161t\u0117<br \/>\nRankena: n\u0117ra, PUSH-CLICK sistema<br \/>\nKojel\u0117s: juodas plastikas, apie 12 cm<br \/>\nProdukto apra\u0161ymas:<br \/>\nDu atvartai, atsidarantys \u017eemyn<br \/>\nStal\u010dius centre<br \/>\nLentyna de\u0161in\u0117je pus\u0117je ir po stal\u010diumi<\/p>","protected":false},"excerpt":{"rendered":"<p>\u016agis cm: 47,5<br \/>\nPlotis cm: 195<br \/>\nGylis cm: 40<br \/>\nDur\u0173 skai\u010dius: 2<br \/>\nStal\u010di\u0173 skai\u010dius: 1<\/p>","protected":false},"featured_media":232078,"comment_status":"open","ping_status":"open","template":"","meta":[],"product_brand":[],"product_cat":[8388,1175],"product_tag":[],"class_list":{"0":"post-232077","1":"product","2":"type-product","3":"status-publish","4":"has-post-thumbnail","6":"product_cat-cama-meble","7":"product_cat-tv-stands","9":"first","10":"instock","11":"purchasable","12":"product-type-simple"},"_links":{"self":[{"href":"https:\/\/baldumarket.lt\/lt\/wp-json\/wp\/v2\/product\/232077","targetHints":{"allow":["GET"]}}],"collection":[{"href":"https:\/\/baldumarket.lt\/lt\/wp-json\/wp\/v2\/product"}],"about":[{"href":"https:\/\/baldumarket.lt\/lt\/wp-json\/wp\/v2\/types\/product"}],"replies":[{"embeddable":true,"href":"https:\/\/baldumarket.lt\/lt\/wp-json\/wp\/v2\/comments?post=232077"}],"wp:featuredmedia":[{"embeddable":true,"href":"https:\/\/baldumarket.lt\/lt\/wp-json\/wp\/v2\/media\/232078"}],"wp:attachment":[{"href":"https:\/\/baldumarket.lt\/lt\/wp-json\/wp\/v2\/media?parent=232077"}],"wp:term":[{"taxonomy":"product_brand","embeddable":true,"href":"https:\/\/baldumarket.lt\/lt\/wp-json\/wp\/v2\/product_brand?post=232077"},{"taxonomy":"product_cat","embeddable":true,"href":"https:\/\/baldumarket.lt\/lt\/wp-json\/wp\/v2\/product_cat?post=232077"},{"taxonomy":"product_tag","embeddable":true,"href":"https:\/\/baldumarket.lt\/lt\/wp-json\/wp\/v2\/product_tag?post=232077"}],"curies":[{"name":"wp","href":"https:\/\/api.w.org\/{rel}","templated":true}]}}