{"id":232067,"date":"2025-12-29T01:57:22","date_gmt":"2025-12-28T22:57:22","guid":{"rendered":"https:\/\/baldumarket.lt\/product\/marmo-komoda-200-marmur-czarny\/"},"modified":"2026-02-11T18:36:02","modified_gmt":"2026-02-11T15:36:02","slug":"marmo-komoda-200-marmur-czarny","status":"publish","type":"product","link":"https:\/\/baldumarket.lt\/lt\/product\/marmo-komoda-200-marmur-czarny\/","title":{"rendered":"MARMO komoda 200, juodas marmuras"},"content":{"rendered":"<p>MARMO 200 JUODOS MARMURIN\u0116S KOMODOS<br \/>\n\u0160i komoda su juodo marmuro ra\u0161tu yra viena kar\u0161\u010diausi\u0173 tendencij\u0173. Ji labai eleganti\u0161ka ir moderni. Savo gro\u017e\u012f ji skolinga juodo marmuro ra\u0161tui su \u017eaviomis pilkomis gyslomis.<br \/>\nAr ruo\u0161iat\u0117s naujam interjerui ar planuojate atnaujinti esam\u0105? Mes pasiruo\u0161\u0119 pad\u0117ti ir si\u016blome jums MARMO &#039;200&#039; 3D komod\u0105. Jos marmur\u0105 primenantys fasadai suteiks j\u016bs\u0173 kambariui elegancijos ir jaukumo.<br \/>\nBalto ir juodo marmuro baldai sulaukia mil\u017eini\u0161ko populiarumo. Dizaineriai juos \u012ftraukia \u012f savo dizainus. Kvie\u010diame ap\u017ei\u016br\u0117ti \u201eMarmo\u201c kolekcij\u0105, kurioje yra televizoriaus staliukas, 150 cm komoda ir 200 cm komoda. Dizainas:<br \/>\nKorpusas (vir\u0161us, \u0161onai): 16 mm matin\u0117 laminuota plok\u0161t\u0117<br \/>\nPriekin\u0117 pus\u0117 (atvartas): 16 mm matin\u0117 laminuota plok\u0161t\u0117<br \/>\nRankena: n\u0117ra, PUSH-CLICK sistema<br \/>\nKojel\u0117s: juodas plastikas, apie 12 cm<br \/>\nProdukto apra\u0161ymas:<br \/>\nTrys fasadai, atsiveriantys \u012f \u0161onus<br \/>\nDu vidiniai skyriai<\/p>","protected":false},"excerpt":{"rendered":"<p>\u016agis cm: 80,5<br \/>\nPlotis cm: 200<br \/>\nGylis cm: 45<br \/>\nDur\u0173 skai\u010dius: 3<\/p>","protected":false},"featured_media":232068,"comment_status":"open","ping_status":"open","template":"","meta":[],"product_brand":[],"product_cat":[8388,1173],"product_tag":[],"class_list":{"0":"post-232067","1":"product","2":"type-product","3":"status-publish","4":"has-post-thumbnail","6":"product_cat-cama-meble","7":"product_cat-chests-of-drawers","9":"first","10":"instock","11":"purchasable","12":"product-type-simple"},"_links":{"self":[{"href":"https:\/\/baldumarket.lt\/lt\/wp-json\/wp\/v2\/product\/232067","targetHints":{"allow":["GET"]}}],"collection":[{"href":"https:\/\/baldumarket.lt\/lt\/wp-json\/wp\/v2\/product"}],"about":[{"href":"https:\/\/baldumarket.lt\/lt\/wp-json\/wp\/v2\/types\/product"}],"replies":[{"embeddable":true,"href":"https:\/\/baldumarket.lt\/lt\/wp-json\/wp\/v2\/comments?post=232067"}],"wp:featuredmedia":[{"embeddable":true,"href":"https:\/\/baldumarket.lt\/lt\/wp-json\/wp\/v2\/media\/232068"}],"wp:attachment":[{"href":"https:\/\/baldumarket.lt\/lt\/wp-json\/wp\/v2\/media?parent=232067"}],"wp:term":[{"taxonomy":"product_brand","embeddable":true,"href":"https:\/\/baldumarket.lt\/lt\/wp-json\/wp\/v2\/product_brand?post=232067"},{"taxonomy":"product_cat","embeddable":true,"href":"https:\/\/baldumarket.lt\/lt\/wp-json\/wp\/v2\/product_cat?post=232067"},{"taxonomy":"product_tag","embeddable":true,"href":"https:\/\/baldumarket.lt\/lt\/wp-json\/wp\/v2\/product_tag?post=232067"}],"curies":[{"name":"wp","href":"https:\/\/api.w.org\/{rel}","templated":true}]}}