{"id":232045,"date":"2025-12-29T01:56:54","date_gmt":"2025-12-28T22:56:54","guid":{"rendered":"https:\/\/baldumarket.lt\/product\/luxe-rtv-czarny-polysk-z-kominkiem\/"},"modified":"2026-02-11T18:36:02","modified_gmt":"2026-02-11T15:36:02","slug":"luxe-rtv-czarny-polysk-z-kominkiem","status":"publish","type":"product","link":"https:\/\/baldumarket.lt\/lt\/product\/luxe-rtv-czarny-polysk-z-kominkiem\/","title":{"rendered":"PRABANGUS JUODASIS BLIZGUS TELEVIZORIUS SU \u017dIDINIU"},"content":{"rendered":"<p>PRABANGUS JUODASIS BLIZGUS TELEVIZORIUS SU \u017dIDINIU<br \/>\nDizainas:<br \/>\nVir\u0161us ir apa\u010dia: 16 mm matin\u0117 juoda plok\u0161t\u0117<br \/>\n\u0160onai ir priekis: 16 mm MDF plok\u0161t\u0117 su matomais grioveliais<br \/>\nRankenos: n\u0117ra, PUSH-CLICK sistema<br \/>\nSpalva:<br \/>\nBlizgi juoda \/ matin\u0117 juoda<br \/>\n\u017didinys gali b\u016bti baltos arba juodos spalvos;<br \/>\n\u017didinio parametrai:<br \/>\nLiepsnos spalvos:<br \/>\nm\u0117lyna<br \/>\nraudona<br \/>\nvioletin\u0117\/ro\u017ein\u0117<br \/>\nMaitinimo \u0161altinis: 220\u2013240 V \/ 50 Hz<br \/>\nGalia: 1400 W\u20131600 W<br \/>\n\u0160ildymo funkcija: 16\u201328 \u00b0C<\/p>","protected":false},"excerpt":{"rendered":"<p>\u016agis cm: 37,5<br \/>\nPlotis cm: 182,6<br \/>\nGylis cm: 34,5<\/p>","protected":false},"featured_media":232046,"comment_status":"open","ping_status":"open","template":"","meta":[],"product_brand":[],"product_cat":[8388,1175],"product_tag":[],"class_list":{"0":"post-232045","1":"product","2":"type-product","3":"status-publish","4":"has-post-thumbnail","6":"product_cat-cama-meble","7":"product_cat-tv-stands","9":"first","10":"instock","11":"purchasable","12":"product-type-simple"},"_links":{"self":[{"href":"https:\/\/baldumarket.lt\/lt\/wp-json\/wp\/v2\/product\/232045","targetHints":{"allow":["GET"]}}],"collection":[{"href":"https:\/\/baldumarket.lt\/lt\/wp-json\/wp\/v2\/product"}],"about":[{"href":"https:\/\/baldumarket.lt\/lt\/wp-json\/wp\/v2\/types\/product"}],"replies":[{"embeddable":true,"href":"https:\/\/baldumarket.lt\/lt\/wp-json\/wp\/v2\/comments?post=232045"}],"wp:featuredmedia":[{"embeddable":true,"href":"https:\/\/baldumarket.lt\/lt\/wp-json\/wp\/v2\/media\/232046"}],"wp:attachment":[{"href":"https:\/\/baldumarket.lt\/lt\/wp-json\/wp\/v2\/media?parent=232045"}],"wp:term":[{"taxonomy":"product_brand","embeddable":true,"href":"https:\/\/baldumarket.lt\/lt\/wp-json\/wp\/v2\/product_brand?post=232045"},{"taxonomy":"product_cat","embeddable":true,"href":"https:\/\/baldumarket.lt\/lt\/wp-json\/wp\/v2\/product_cat?post=232045"},{"taxonomy":"product_tag","embeddable":true,"href":"https:\/\/baldumarket.lt\/lt\/wp-json\/wp\/v2\/product_tag?post=232045"}],"curies":[{"name":"wp","href":"https:\/\/api.w.org\/{rel}","templated":true}]}}