{"id":232034,"date":"2025-12-29T01:56:40","date_gmt":"2025-12-28T22:56:40","guid":{"rendered":"https:\/\/baldumarket.lt\/product\/lucca-szafki-nocne-kaszmir-mat-kpl\/"},"modified":"2026-02-11T18:36:02","modified_gmt":"2026-02-11T15:36:02","slug":"lucca-szafki-nocne-kaszmir-mat-kpl","status":"publish","type":"product","link":"https:\/\/baldumarket.lt\/lt\/product\/lucca-szafki-nocne-kaszmir-mat-kpl\/","title":{"rendered":"LUCCA naktini\u0173 spinteli\u0173 komplektas CASHMERE MATTE"},"content":{"rendered":"<p>LUCCA naktiniai staleliai i\u0161 matin\u0117s ka\u0161myro spalvos<br \/>\nMatinio ka\u0161myro apdailos LUCCA naktinis staliukas \u2013 tobulas modernaus elegancijos ir funkcionalumo derinys. Pagamintas i\u0161 auk\u0161tos kokyb\u0117s MDF plok\u0161t\u0117s, jis pasi\u017eymi subtilaus matinio ka\u0161myro atspalvio grioveliais fasaduose, suteikian\u010diuose jam unikal\u0173 charakter\u012f ir tekst\u016br\u0105. Minimalistinis dizainas be ranken\u0117li\u0173 \u2013 su \u0161iek tiek vir\u0161 stalvir\u0161io i\u0161siki\u0161usiais fasadais \u2013 u\u017etikrina patog\u0173 naudojim\u0105 ir pabr\u0117\u017eia modern\u0173 bald\u0173 stili\u0173.<br \/>\n20 cm auk\u0161\u010dio juodos metalin\u0117s kojel\u0117s suteikia spintelei lengvumo ir stabilumo poj\u016bt\u012f, be to, jai lengviau palaikyti \u0161var\u0105 apa\u010dioje. D\u0117l kompakti\u0161kos formos ir prakti\u0161ko dizaino LUCCA naktinis staliukas puikiai tinka miegamajam kaip vieta naktinei lempai, knygoms ar kitiems smulkiems daiktams.<br \/>\nTai puikus pasirinkimas tiems, kurie vertina stiling\u0105 dizain\u0105, derinant\u012f funkcionalum\u0105, suteikiant\u012f interjerui \u0161ilumos ir elegancijos. LUCCA naktinis staliukas su ka\u0161myro apdaila yra gero skonio ir nesenstan\u010dio dizaino kvintesencija.<\/p>","protected":false},"excerpt":{"rendered":"<p>Kolekcija: LUCCA<br \/>\nPlotis: 47<br \/>\n\u016agis: 52<br \/>\nGylis: 40<br \/>\nRankena: N\u0116RA<\/p>","protected":false},"featured_media":232035,"comment_status":"open","ping_status":"open","template":"","meta":[],"product_brand":[],"product_cat":[1176,8388],"product_tag":[],"class_list":{"0":"post-232034","1":"product","2":"type-product","3":"status-publish","4":"has-post-thumbnail","6":"product_cat-bedside-tables","7":"product_cat-cama-meble","9":"first","10":"instock","11":"purchasable","12":"product-type-simple"},"_links":{"self":[{"href":"https:\/\/baldumarket.lt\/lt\/wp-json\/wp\/v2\/product\/232034","targetHints":{"allow":["GET"]}}],"collection":[{"href":"https:\/\/baldumarket.lt\/lt\/wp-json\/wp\/v2\/product"}],"about":[{"href":"https:\/\/baldumarket.lt\/lt\/wp-json\/wp\/v2\/types\/product"}],"replies":[{"embeddable":true,"href":"https:\/\/baldumarket.lt\/lt\/wp-json\/wp\/v2\/comments?post=232034"}],"wp:featuredmedia":[{"embeddable":true,"href":"https:\/\/baldumarket.lt\/lt\/wp-json\/wp\/v2\/media\/232035"}],"wp:attachment":[{"href":"https:\/\/baldumarket.lt\/lt\/wp-json\/wp\/v2\/media?parent=232034"}],"wp:term":[{"taxonomy":"product_brand","embeddable":true,"href":"https:\/\/baldumarket.lt\/lt\/wp-json\/wp\/v2\/product_brand?post=232034"},{"taxonomy":"product_cat","embeddable":true,"href":"https:\/\/baldumarket.lt\/lt\/wp-json\/wp\/v2\/product_cat?post=232034"},{"taxonomy":"product_tag","embeddable":true,"href":"https:\/\/baldumarket.lt\/lt\/wp-json\/wp\/v2\/product_tag?post=232034"}],"curies":[{"name":"wp","href":"https:\/\/api.w.org\/{rel}","templated":true}]}}