{"id":232030,"date":"2025-12-29T01:56:35","date_gmt":"2025-12-28T22:56:35","guid":{"rendered":"https:\/\/baldumarket.lt\/product\/lucca-szafka-rtv-kaszmir-mat-200\/"},"modified":"2026-02-11T18:36:02","modified_gmt":"2026-02-11T15:36:02","slug":"lucca-szafka-rtv-kaszmir-mat-200","status":"publish","type":"product","link":"https:\/\/baldumarket.lt\/lt\/product\/lucca-szafka-rtv-kaszmir-mat-200\/","title":{"rendered":"LUCCA TV spintel\u0117, ka\u0161myro spalvos, matin\u0117 200"},"content":{"rendered":"<p>Kolekcija: LUCCA Surinkti baldai: Ne Plotis: 200 Auk\u0161tis: 59 Gylis: 40 Dur\u0173 tipas: Varstomos (atidaromos) Dur\u0173 skai\u010dius: 4<br \/>\nLUCCA RTV 200 4D KA\u0160MYRO MATIN\u0116<br \/>\nLUCCA kolekcijos baldai su matiniu ka\u0161myro pavir\u0161iumi derina modern\u0173 elegancij\u0105 ir funkcionalum\u0105. Pagaminti i\u0161 auk\u0161tos kokyb\u0117s MDF plok\u0161t\u0117s, jie pasi\u017eymi grioveliais dekoruotais subtilaus ka\u0161myro atspalvio fasadais, suteikian\u010diais baldams unikal\u0173 charakter\u012f ir tekst\u016br\u0105. Minimalistin\u012f dizain\u0105 pabr\u0117\u017eia ranken\u0117li\u0173 nebuvimas \u2013 fasadai \u0161iek tiek i\u0161siki\u0161a vir\u0161 stalvir\u0161io, tod\u0117l juos lengva atidaryti.<br \/>\nJuodos, 20 cm metalin\u0117s kojel\u0117s ne tik garantuoja stabilum\u0105, bet ir suteikia lengvumo poj\u016bt\u012f bei palengvina valym\u0105 po baldais. \u0160ios apdailos LUCCA baldai puikiai tinka moderniam, skandinavi\u0161kam ir industriniam interjerui, suteikdami kambariui \u0161ilumos ir elegancijos. Tai puikus pasirinkimas \u017emon\u0117ms, kurie vertina stiling\u0105 i\u0161vaizd\u0105 kartu su prakti\u0161kumu, sukuriant harmoning\u0105 ir jauki\u0105 atmosfer\u0105 namuose.<\/p>","protected":false},"excerpt":{"rendered":"<p>Kolekcija: LUCCA<br \/>\nPlotis: 200<br \/>\n\u016agis: 59<br \/>\nGylis: 40<br \/>\nDur\u0173 tipas: Varstomos (atidaromos)<br \/>\nDur\u0173 skai\u010dius: 4<\/p>","protected":false},"featured_media":232031,"comment_status":"open","ping_status":"open","template":"","meta":[],"product_brand":[],"product_cat":[8388,1175],"product_tag":[],"class_list":{"0":"post-232030","1":"product","2":"type-product","3":"status-publish","4":"has-post-thumbnail","6":"product_cat-cama-meble","7":"product_cat-tv-stands","9":"first","10":"instock","11":"purchasable","12":"product-type-simple"},"_links":{"self":[{"href":"https:\/\/baldumarket.lt\/lt\/wp-json\/wp\/v2\/product\/232030","targetHints":{"allow":["GET"]}}],"collection":[{"href":"https:\/\/baldumarket.lt\/lt\/wp-json\/wp\/v2\/product"}],"about":[{"href":"https:\/\/baldumarket.lt\/lt\/wp-json\/wp\/v2\/types\/product"}],"replies":[{"embeddable":true,"href":"https:\/\/baldumarket.lt\/lt\/wp-json\/wp\/v2\/comments?post=232030"}],"wp:featuredmedia":[{"embeddable":true,"href":"https:\/\/baldumarket.lt\/lt\/wp-json\/wp\/v2\/media\/232031"}],"wp:attachment":[{"href":"https:\/\/baldumarket.lt\/lt\/wp-json\/wp\/v2\/media?parent=232030"}],"wp:term":[{"taxonomy":"product_brand","embeddable":true,"href":"https:\/\/baldumarket.lt\/lt\/wp-json\/wp\/v2\/product_brand?post=232030"},{"taxonomy":"product_cat","embeddable":true,"href":"https:\/\/baldumarket.lt\/lt\/wp-json\/wp\/v2\/product_cat?post=232030"},{"taxonomy":"product_tag","embeddable":true,"href":"https:\/\/baldumarket.lt\/lt\/wp-json\/wp\/v2\/product_tag?post=232030"}],"curies":[{"name":"wp","href":"https:\/\/api.w.org\/{rel}","templated":true}]}}