{"id":232026,"date":"2025-12-29T01:56:29","date_gmt":"2025-12-28T22:56:29","guid":{"rendered":"https:\/\/baldumarket.lt\/product\/lucca-szafka-rtv-kaszmir-mat-180-2d-z-kominkiem\/"},"modified":"2026-02-11T18:36:03","modified_gmt":"2026-02-11T15:36:03","slug":"lucca-szafka-rtv-kaszmir-mat-180-2d-z-kominkiem","status":"publish","type":"product","link":"https:\/\/baldumarket.lt\/lt\/product\/lucca-szafka-rtv-kaszmir-mat-180-2d-z-kominkiem\/","title":{"rendered":"LUCCA TV spintel\u0117 su ka\u0161myro matiniu pavir\u0161iumi 180 2D su \u017eidiniu"},"content":{"rendered":"<p>Kolekcija: LUCCA Surinkti baldai: ne Plotis: 180 Auk\u0161tis: 59 Gylis: 40 Dur\u0173 skai\u010dius: 2 Rankena: N\u0116RA<br \/>\nLUCCA TV spintel\u0117 su ka\u0161myro matiniu pavir\u0161iumi 180 cm, 2-D, su \u017eidiniu<br \/>\n180 cm ilgio matinio ka\u0161myro spalvos LUCCA televizoriaus spintel\u0117 \u2013 tai unikalus baldas, kuriame modernus dizainas dera su funkcionalumu ir jaukia atmosfera. Pagaminta i\u0161 auk\u0161tos kokyb\u0117s MDF plok\u0161t\u0117s, ji pasi\u017eymi eleganti\u0161ko matinio ka\u0161myro atspalvio grioveliais fasaduose, suteikian\u010diuose jai stiling\u0105 charakter\u012f. Minimalistinis, be ranken\u0117li\u0173 dizainas \u2013 su \u0161iek tiek vir\u0161 stalvir\u0161io i\u0161siki\u0161usiais fasadais \u2013 pabr\u0117\u017eia moderni\u0105 estetik\u0105.<br \/>\nDviej\u0173 dureli\u0173 konstrukcija suteikia prakti\u0161kos vietos daiktams susid\u0117ti, o centre sumontuotas elektrinis \u017eidinys sukuria \u0161ilt\u0105 ir jauki\u0105 atmosfer\u0105. Tai puikus sprendimas tiems, kurie nori suderinti televizoriaus spintel\u0117s funkcionalum\u0105 su ugnies efektu, nereikalaujant tradicinio \u017eidinio. Juodos, 20 cm auk\u0161\u010dio metalin\u0117s kojel\u0117s suteikia baldui lengvumo ir stabilumo, be to, palengvina \u0161var\u0105 po apa\u010dia. LUCCA televizoriaus staliukas yra puikus pasirinkimas modernaus dizaino su jaukumo prieskoniu m\u0117g\u0117jams, idealiai tinkantis svetainei kaip stilingas ir funkcionalus dizaino elementas.<\/p>","protected":false},"excerpt":{"rendered":"<p>Kolekcija: LUCCA<br \/>\nPlotis: 180<br \/>\n\u016agis: 59<br \/>\nGylis: 40<br \/>\nDur\u0173 skai\u010dius: 2<br \/>\nRankena: N\u0116RA<\/p>","protected":false},"featured_media":232027,"comment_status":"open","ping_status":"open","template":"","meta":[],"product_brand":[],"product_cat":[8388,1175],"product_tag":[],"class_list":{"0":"post-232026","1":"product","2":"type-product","3":"status-publish","4":"has-post-thumbnail","6":"product_cat-cama-meble","7":"product_cat-tv-stands","9":"first","10":"instock","11":"purchasable","12":"product-type-simple"},"_links":{"self":[{"href":"https:\/\/baldumarket.lt\/lt\/wp-json\/wp\/v2\/product\/232026","targetHints":{"allow":["GET"]}}],"collection":[{"href":"https:\/\/baldumarket.lt\/lt\/wp-json\/wp\/v2\/product"}],"about":[{"href":"https:\/\/baldumarket.lt\/lt\/wp-json\/wp\/v2\/types\/product"}],"replies":[{"embeddable":true,"href":"https:\/\/baldumarket.lt\/lt\/wp-json\/wp\/v2\/comments?post=232026"}],"wp:featuredmedia":[{"embeddable":true,"href":"https:\/\/baldumarket.lt\/lt\/wp-json\/wp\/v2\/media\/232027"}],"wp:attachment":[{"href":"https:\/\/baldumarket.lt\/lt\/wp-json\/wp\/v2\/media?parent=232026"}],"wp:term":[{"taxonomy":"product_brand","embeddable":true,"href":"https:\/\/baldumarket.lt\/lt\/wp-json\/wp\/v2\/product_brand?post=232026"},{"taxonomy":"product_cat","embeddable":true,"href":"https:\/\/baldumarket.lt\/lt\/wp-json\/wp\/v2\/product_cat?post=232026"},{"taxonomy":"product_tag","embeddable":true,"href":"https:\/\/baldumarket.lt\/lt\/wp-json\/wp\/v2\/product_tag?post=232026"}],"curies":[{"name":"wp","href":"https:\/\/api.w.org\/{rel}","templated":true}]}}