{"id":232022,"date":"2025-12-29T01:56:24","date_gmt":"2025-12-28T22:56:24","guid":{"rendered":"https:\/\/baldumarket.lt\/product\/lucca-szafka-rtv-kaszmir-mat-180-2d\/"},"modified":"2026-02-11T18:36:03","modified_gmt":"2026-02-11T15:36:03","slug":"lucca-szafka-rtv-kaszmir-mat-180-2d","status":"publish","type":"product","link":"https:\/\/baldumarket.lt\/lt\/product\/lucca-szafka-rtv-kaszmir-mat-180-2d\/","title":{"rendered":"LUCCA TV spintel\u0117, ka\u0161myro spalvos, matin\u0117, 180 cm, 2D"},"content":{"rendered":"<p>Kolekcija: LUCCA Surinkti baldai: ne Plotis: 180 Auk\u0161tis: 59 Gylis: 40 Dur\u0173 tipas: Varstomos (atidaromos) Dur\u0173 skai\u010dius: 2<br \/>\nLUCCA TV spintel\u0117, ka\u0161myro spalvos, matin\u0117, 180\u00b0, 2D<br \/>\n180 cm ilgio matinio ka\u0161myro spalvos LUCCA televizoriaus spintel\u0117 \u2013 tai modernus ir stilingas baldas, puikiai derinantis elegancij\u0105 ir funkcionalum\u0105. Pagaminta i\u0161 auk\u0161tos kokyb\u0117s MDF plok\u0161t\u0117s, ji pasi\u017eymi grioveliais dekoruotais subtilaus, matinio ka\u0161myro atspalvio fasadais, suteikian\u010diais jai unikal\u0173 charakter\u012f ir tekst\u016br\u0105. Minimalistin\u012f dizain\u0105 pabr\u0117\u017eia ranken\u0117li\u0173 nebuvimas \u2013 fasadai \u0161iek tiek i\u0161siki\u0161a vir\u0161 stalvir\u0161io, tod\u0117l juos lengva atidaryti.<br \/>\nSpintel\u0117 yra dviej\u0173 dureli\u0173 konstrukcijos, tod\u0117l joje yra daug vietos daiktams susid\u0117ti, o centrin\u0117je dalyje yra atvira erdv\u0117, puikiai tinkanti televizijos \u012frangai, pavyzd\u017eiui, pried\u0117liui, \u017eaidim\u0173 konsolei ar medijos leistuvui. Juodos, 20 cm auk\u0161\u010dio metalin\u0117s kojel\u0117s suteikia lengvumo, stabilumo ir leid\u017eia lengvai valyti apatin\u0119 dal\u012f.<br \/>\n\u0160is funkcionalus ir esteti\u0161kas baldas puikiai der\u0117s moderniame, skandinavi\u0161kame ar industriniame interjere, suteikdamas svetainei \u0161ilumos ir elegancijos. Tai puikus pasirinkimas tiems, kurie ie\u0161ko stilingo savo gyvenamosios erdv\u0117s papildymo.<\/p>","protected":false},"excerpt":{"rendered":"<p>Kolekcija: LUCCA<br \/>\nPlotis: 180<br \/>\n\u016agis: 59<br \/>\nGylis: 40<br \/>\nDur\u0173 tipas: Varstomos (atidaromos)<br \/>\nDur\u0173 skai\u010dius: 2<\/p>","protected":false},"featured_media":232023,"comment_status":"open","ping_status":"open","template":"","meta":[],"product_brand":[],"product_cat":[8388,1175],"product_tag":[],"class_list":{"0":"post-232022","1":"product","2":"type-product","3":"status-publish","4":"has-post-thumbnail","6":"product_cat-cama-meble","7":"product_cat-tv-stands","9":"first","10":"instock","11":"purchasable","12":"product-type-simple"},"_links":{"self":[{"href":"https:\/\/baldumarket.lt\/lt\/wp-json\/wp\/v2\/product\/232022","targetHints":{"allow":["GET"]}}],"collection":[{"href":"https:\/\/baldumarket.lt\/lt\/wp-json\/wp\/v2\/product"}],"about":[{"href":"https:\/\/baldumarket.lt\/lt\/wp-json\/wp\/v2\/types\/product"}],"replies":[{"embeddable":true,"href":"https:\/\/baldumarket.lt\/lt\/wp-json\/wp\/v2\/comments?post=232022"}],"wp:featuredmedia":[{"embeddable":true,"href":"https:\/\/baldumarket.lt\/lt\/wp-json\/wp\/v2\/media\/232023"}],"wp:attachment":[{"href":"https:\/\/baldumarket.lt\/lt\/wp-json\/wp\/v2\/media?parent=232022"}],"wp:term":[{"taxonomy":"product_brand","embeddable":true,"href":"https:\/\/baldumarket.lt\/lt\/wp-json\/wp\/v2\/product_brand?post=232022"},{"taxonomy":"product_cat","embeddable":true,"href":"https:\/\/baldumarket.lt\/lt\/wp-json\/wp\/v2\/product_cat?post=232022"},{"taxonomy":"product_tag","embeddable":true,"href":"https:\/\/baldumarket.lt\/lt\/wp-json\/wp\/v2\/product_tag?post=232022"}],"curies":[{"name":"wp","href":"https:\/\/api.w.org\/{rel}","templated":true}]}}