{"id":232018,"date":"2025-12-29T01:56:19","date_gmt":"2025-12-28T22:56:19","guid":{"rendered":"https:\/\/baldumarket.lt\/product\/lucca-szafka-rtv-kaszmir-mat-165-3d\/"},"modified":"2026-02-11T18:36:03","modified_gmt":"2026-02-11T15:36:03","slug":"lucca-szafka-rtv-kaszmir-mat-165-3d","status":"publish","type":"product","link":"https:\/\/baldumarket.lt\/lt\/product\/lucca-szafka-rtv-kaszmir-mat-165-3d\/","title":{"rendered":"TELEVIZORIAUS SPINTEL\u0116 LUCCA CASHMERE MAT 165 3D"},"content":{"rendered":"<p>Kolekcija: LUCCA Surinkti baldai: Ne Plotis: 165 Auk\u0161tis: 59 Gylis: 40 Dur\u0173 tipas: Varstomos (atidaromos) Dur\u0173 skai\u010dius: 3 Rankena: N\u0116RA<br \/>\nTELEVIZORIAUS SPINTEL\u0116 LUCCA CASHMERE MATT 165 3D<br \/>\nMatinio ka\u0161myro apdailos LUCCA kolekcijos baldai derina modern\u0173 elegancij\u0105 ir funkcionalum\u0105. Pagaminti i\u0161 auk\u0161tos kokyb\u0117s MDF plok\u0161t\u0117s, jie pasi\u017eymi grioveliais dekoruotais subtilaus ka\u0161myro atspalvio fasadais, suteikian\u010diais baldams unikal\u0173 charakter\u012f ir tekst\u016br\u0105. Minimalistin\u012f dizain\u0105 pabr\u0117\u017eia ranken\u0117li\u0173 nebuvimas \u2013 fasadai \u0161iek tiek i\u0161siki\u0161a vir\u0161 stalvir\u0161io, tod\u0117l baldai lengvai atidaromi.<br \/>\nJuodos, 20 cm metalin\u0117s kojel\u0117s ne tik garantuoja stabilum\u0105, bet ir suteikia lengvumo poj\u016bt\u012f bei palengvina valym\u0105 po baldais. \u0160ios apdailos LUCCA baldai puikiai tinka moderniam, skandinavi\u0161kam ir industriniam interjerui, suteikdami kambariui \u0161ilumos ir elegancijos. Tai puikus pasirinkimas \u017emon\u0117ms, kurie vertina stiling\u0105 i\u0161vaizd\u0105 kartu su prakti\u0161kumu, sukuriant harmoning\u0105 ir jauki\u0105 atmosfer\u0105 namuose.<\/p>","protected":false},"excerpt":{"rendered":"<p>Kolekcija: LUCCA<br \/>\nPlotis: 165<br \/>\n\u016agis: 59<br \/>\nGylis: 40<br \/>\nDur\u0173 tipas: Varstomos (atidaromos)<br \/>\nDur\u0173 skai\u010dius: 3<\/p>","protected":false},"featured_media":232019,"comment_status":"open","ping_status":"open","template":"","meta":[],"product_brand":[],"product_cat":[8388,1175],"product_tag":[],"class_list":{"0":"post-232018","1":"product","2":"type-product","3":"status-publish","4":"has-post-thumbnail","6":"product_cat-cama-meble","7":"product_cat-tv-stands","9":"first","10":"instock","11":"purchasable","12":"product-type-simple"},"_links":{"self":[{"href":"https:\/\/baldumarket.lt\/lt\/wp-json\/wp\/v2\/product\/232018","targetHints":{"allow":["GET"]}}],"collection":[{"href":"https:\/\/baldumarket.lt\/lt\/wp-json\/wp\/v2\/product"}],"about":[{"href":"https:\/\/baldumarket.lt\/lt\/wp-json\/wp\/v2\/types\/product"}],"replies":[{"embeddable":true,"href":"https:\/\/baldumarket.lt\/lt\/wp-json\/wp\/v2\/comments?post=232018"}],"wp:featuredmedia":[{"embeddable":true,"href":"https:\/\/baldumarket.lt\/lt\/wp-json\/wp\/v2\/media\/232019"}],"wp:attachment":[{"href":"https:\/\/baldumarket.lt\/lt\/wp-json\/wp\/v2\/media?parent=232018"}],"wp:term":[{"taxonomy":"product_brand","embeddable":true,"href":"https:\/\/baldumarket.lt\/lt\/wp-json\/wp\/v2\/product_brand?post=232018"},{"taxonomy":"product_cat","embeddable":true,"href":"https:\/\/baldumarket.lt\/lt\/wp-json\/wp\/v2\/product_cat?post=232018"},{"taxonomy":"product_tag","embeddable":true,"href":"https:\/\/baldumarket.lt\/lt\/wp-json\/wp\/v2\/product_tag?post=232018"}],"curies":[{"name":"wp","href":"https:\/\/api.w.org\/{rel}","templated":true}]}}