{"id":232014,"date":"2025-12-29T01:56:13","date_gmt":"2025-12-28T22:56:13","guid":{"rendered":"https:\/\/baldumarket.lt\/product\/lucca-szafka-rtv-czarny-mat-200\/"},"modified":"2026-02-11T18:36:03","modified_gmt":"2026-02-11T15:36:03","slug":"lucca-szafka-rtv-czarny-mat-200","status":"publish","type":"product","link":"https:\/\/baldumarket.lt\/lt\/product\/lucca-szafka-rtv-czarny-mat-200\/","title":{"rendered":"LUCCA TV SPINTEL\u0116 MATIN\u0116 JUODA 200"},"content":{"rendered":"<p>Kolekcija: LUCCA Surinkti baldai: ne Plotis: 200 Auk\u0161tis: 59 Gylis: 40 Dur\u0173 tipas: Varstomos (atidaromos) Dur\u0173 skai\u010dius: 4 Rankena: N\u0116RA<br \/>\nLUCCA RTV 200 4 dur\u0173 KA\u0160MYRO MATIN\u0116<br \/>\nMatin\u0117s juodos spalvos LUCCA 200 cm televizoriaus staliukas \u2013 eleganti\u0161kas ir modernus baldas, puikiai papildantis stiling\u0105, minimalistin\u012f ir industrin\u012f interjer\u0105. Pagamintas i\u0161 auk\u0161tos kokyb\u0117s MDF plok\u0161t\u0117s, jis pasi\u017eymi matin\u0117s, sodrios juodos spalvos grioveliais, suteikian\u010diais jam i\u0161skirtinumo. Ranken\u0117li\u0173 nebuvimas \u2013 priekin\u0117s dalys \u0161iek tiek i\u0161siki\u0161usios vir\u0161 stalvir\u0161io \u2013 pabr\u0117\u017eia minimalistin\u012f dizain\u0105 ir u\u017etikrina paprast\u0105 naudojim\u0105.<br \/>\nSpintel\u0117s keturi\u0173 dureli\u0173 dizainas suteikia daug vietos daiktams susid\u0117ti, tod\u0117l gal\u0117site palaikyti tvark\u0105 savo svetain\u0117je. Juodos, 20 cm auk\u0161\u010dio metalin\u0117s kojel\u0117s suteikia visai konstrukcijai lengvumo, tuo pa\u010diu u\u017etikrina stabilum\u0105 ir palengvina valym\u0105 po ja. LUCCA televizoriaus staliukas yra puikus sprendimas ie\u0161kantiems stilingo, ta\u010diau funkcionalaus baldo, kuris taps svetain\u0117s traukos centru, puikiai pademonstruos televizori\u0173 ir kitus televizoriaus priedus. Moderni i\u0161vaizda kartu su nesenstan\u010dia juoda spalva suteikia interjerui i\u0161skirtinio elegancijos ir charakterio.<\/p>","protected":false},"excerpt":{"rendered":"<p>Kolekcija: LUCCA<br \/>\nPlotis: 200<br \/>\n\u016agis: 59<br \/>\nGylis: 40<br \/>\nDur\u0173 tipas: Varstomos (atidaromos)<br \/>\nDur\u0173 skai\u010dius: 4<\/p>","protected":false},"featured_media":232015,"comment_status":"open","ping_status":"open","template":"","meta":[],"product_brand":[],"product_cat":[8388,1175],"product_tag":[],"class_list":{"0":"post-232014","1":"product","2":"type-product","3":"status-publish","4":"has-post-thumbnail","6":"product_cat-cama-meble","7":"product_cat-tv-stands","9":"first","10":"instock","11":"purchasable","12":"product-type-simple"},"_links":{"self":[{"href":"https:\/\/baldumarket.lt\/lt\/wp-json\/wp\/v2\/product\/232014","targetHints":{"allow":["GET"]}}],"collection":[{"href":"https:\/\/baldumarket.lt\/lt\/wp-json\/wp\/v2\/product"}],"about":[{"href":"https:\/\/baldumarket.lt\/lt\/wp-json\/wp\/v2\/types\/product"}],"replies":[{"embeddable":true,"href":"https:\/\/baldumarket.lt\/lt\/wp-json\/wp\/v2\/comments?post=232014"}],"wp:featuredmedia":[{"embeddable":true,"href":"https:\/\/baldumarket.lt\/lt\/wp-json\/wp\/v2\/media\/232015"}],"wp:attachment":[{"href":"https:\/\/baldumarket.lt\/lt\/wp-json\/wp\/v2\/media?parent=232014"}],"wp:term":[{"taxonomy":"product_brand","embeddable":true,"href":"https:\/\/baldumarket.lt\/lt\/wp-json\/wp\/v2\/product_brand?post=232014"},{"taxonomy":"product_cat","embeddable":true,"href":"https:\/\/baldumarket.lt\/lt\/wp-json\/wp\/v2\/product_cat?post=232014"},{"taxonomy":"product_tag","embeddable":true,"href":"https:\/\/baldumarket.lt\/lt\/wp-json\/wp\/v2\/product_tag?post=232014"}],"curies":[{"name":"wp","href":"https:\/\/api.w.org\/{rel}","templated":true}]}}