{"id":232010,"date":"2025-12-29T01:56:08","date_gmt":"2025-12-28T22:56:08","guid":{"rendered":"https:\/\/baldumarket.lt\/product\/lucca-szafka-rtv-czarny-mat-180-2d-z-kominkiem\/"},"modified":"2026-02-11T18:36:03","modified_gmt":"2026-02-11T15:36:03","slug":"lucca-szafka-rtv-czarny-mat-180-2d-z-kominkiem","status":"publish","type":"product","link":"https:\/\/baldumarket.lt\/lt\/product\/lucca-szafka-rtv-czarny-mat-180-2d-z-kominkiem\/","title":{"rendered":"LUCCA TV SPINTEL\u0116 MATIN\u0116S JUODO SPALVOS 180 2D SU \u017dIDINIU"},"content":{"rendered":"<p>Kolekcija: LUCCA Surinkti baldai: Ne Plotis: 180 Auk\u0161tis: 59 Gylis: 40 Dur\u0173 skai\u010dius: 2<br \/>\nLUCCA MATIN\u0116S JUODO SPALVOS TV SPINTEL\u0116 180 2D SU \u017dIDINIU<br \/>\n\u0160i 180 cm juoda televizoriaus spintel\u0117 su grioveliais matiniais MDF fasadais yra eleganti\u0161kas ir modernus baldas, puikiai tinkantis stilingam interjerui. Pagaminta i\u0161 auk\u0161tos kokyb\u0117s med\u017eiag\u0173, ji pasi\u017eymi i\u0161skirtiniais juodais fasadais su matiniu pavir\u0161iumi ir patraukliais grioveliais, suteikian\u010diais jai unikali\u0105 i\u0161vaizd\u0105.<br \/>\nSpintel\u0117 stovi ant 20 cm auk\u0161\u010dio metalini\u0173 kojeli\u0173, u\u017etikrinan\u010di\u0173 stabilum\u0105 ir lengv\u0105 i\u0161vaizd\u0105. Spintel\u0117 neturi ranken\u0173; priekin\u0117s dalys \u0161iek tiek i\u0161siki\u0161usios vir\u0161 vir\u0161aus, pabr\u0117\u017edamos minimalistin\u012f dizain\u0105.<br \/>\n\u0160onuose yra dvi erdvios, rakinamos spintel\u0117s, kuriose galima laikyti televizijos \u012frang\u0105, knygas ar kitus daiktus. Spintel\u0117s centre \u2013 \u012fmontuotas elektrinis \u017eidinys, kuris ne tik suteikia jaukumo, bet ir sukuria \u0161ilt\u0105 atmosfer\u0105 kambaryje. Tai puikus sprendimas tiems, kurie vertina modernaus dizaino ir funkcionalumo derin\u012f.<\/p>","protected":false},"excerpt":{"rendered":"<p>Kolekcija: LUCCA<br \/>\nPlotis: 180<br \/>\n\u016agis: 59<br \/>\nGylis: 40<br \/>\nDur\u0173 skai\u010dius: 2<\/p>","protected":false},"featured_media":232011,"comment_status":"open","ping_status":"open","template":"","meta":[],"product_brand":[],"product_cat":[8388,1175],"product_tag":[],"class_list":{"0":"post-232010","1":"product","2":"type-product","3":"status-publish","4":"has-post-thumbnail","6":"product_cat-cama-meble","7":"product_cat-tv-stands","9":"first","10":"instock","11":"purchasable","12":"product-type-simple"},"_links":{"self":[{"href":"https:\/\/baldumarket.lt\/lt\/wp-json\/wp\/v2\/product\/232010","targetHints":{"allow":["GET"]}}],"collection":[{"href":"https:\/\/baldumarket.lt\/lt\/wp-json\/wp\/v2\/product"}],"about":[{"href":"https:\/\/baldumarket.lt\/lt\/wp-json\/wp\/v2\/types\/product"}],"replies":[{"embeddable":true,"href":"https:\/\/baldumarket.lt\/lt\/wp-json\/wp\/v2\/comments?post=232010"}],"wp:featuredmedia":[{"embeddable":true,"href":"https:\/\/baldumarket.lt\/lt\/wp-json\/wp\/v2\/media\/232011"}],"wp:attachment":[{"href":"https:\/\/baldumarket.lt\/lt\/wp-json\/wp\/v2\/media?parent=232010"}],"wp:term":[{"taxonomy":"product_brand","embeddable":true,"href":"https:\/\/baldumarket.lt\/lt\/wp-json\/wp\/v2\/product_brand?post=232010"},{"taxonomy":"product_cat","embeddable":true,"href":"https:\/\/baldumarket.lt\/lt\/wp-json\/wp\/v2\/product_cat?post=232010"},{"taxonomy":"product_tag","embeddable":true,"href":"https:\/\/baldumarket.lt\/lt\/wp-json\/wp\/v2\/product_tag?post=232010"}],"curies":[{"name":"wp","href":"https:\/\/api.w.org\/{rel}","templated":true}]}}