{"id":232003,"date":"2025-12-29T01:55:58","date_gmt":"2025-12-28T22:55:58","guid":{"rendered":"https:\/\/baldumarket.lt\/product\/lucca-szafka-rtv-czarny-mat-165\/"},"modified":"2026-02-11T18:36:04","modified_gmt":"2026-02-11T15:36:04","slug":"lucca-szafka-rtv-czarny-mat-165","status":"publish","type":"product","link":"https:\/\/baldumarket.lt\/lt\/product\/lucca-szafka-rtv-czarny-mat-165\/","title":{"rendered":"LUCCA TV SPINTEL\u0116 MATIN\u0116 JUODA 165"},"content":{"rendered":"<p>Kolekcija: LUCCA Surinkta: ne Plotis: 165 Auk\u0161tis: 59 Gylis: 40 LUCCA 165 cm TV SPINTEL\u0116 MATIN\u0116S JUODO SPALVOS<br \/>\n165 cm plo\u010dio matin\u0117s juodos spalvos LUCCA TV SPINTEL\u0116 \u2013 tai eleganti\u0161kas ir modernus baldas, kuris puikiai papildys stiling\u0105, minimalistin\u012f ir industrin\u012f interjer\u0105. Pagaminta i\u0161 auk\u0161tos kokyb\u0117s MDF plok\u0161t\u0117s, ji pasi\u017eymi grioveliais dekoruotais, tamsiai matin\u0117s juodos spalvos fasadais, suteikian\u010diais jai i\u0161skirtinumo. Ranken\u0117li\u0173 nebuvimas \u2013 jos \u0161iek tiek i\u0161siki\u0161usios vir\u0161 stalvir\u0161io \u2013 pabr\u0117\u017eia minimalistin\u012f dizain\u0105 ir u\u017etikrina paprast\u0105 naudojim\u0105.<br \/>\nSpintel\u0117 yra trij\u0173 dureli\u0173 dizaino, tod\u0117l joje yra daug vietos daiktams susid\u0117ti, tod\u0117l gal\u0117site palaikyti tvark\u0105 savo svetain\u0117je. Juodos, 20 cm auk\u0161\u010dio metalin\u0117s kojel\u0117s suteikia visam baldui lengvumo, stabilumo ir palengvina valym\u0105 po apa\u010dia. LUCCA televizoriaus staliukas \u2013 puikus sprendimas ie\u0161kantiems stilingo, ta\u010diau funkcionalaus baldo, kuris taps svetain\u0117s traukos centru, puikiai pademonstruos televizori\u0173 ir kitus televizoriaus priedus. Moderni i\u0161vaizda kartu su nesenstan\u010dia juoda spalva suteikia interjerui i\u0161skirtinio elegancijos ir charakterio.<\/p>","protected":false},"excerpt":{"rendered":"<p>Kolekcija: LUCCA<br \/>\nPlotis: 165<br \/>\n\u016agis: 59<br \/>\nGylis: 40<\/p>","protected":false},"featured_media":232004,"comment_status":"open","ping_status":"open","template":"","meta":[],"product_brand":[],"product_cat":[8388,1175],"product_tag":[],"class_list":{"0":"post-232003","1":"product","2":"type-product","3":"status-publish","4":"has-post-thumbnail","6":"product_cat-cama-meble","7":"product_cat-tv-stands","9":"first","10":"instock","11":"purchasable","12":"product-type-simple"},"_links":{"self":[{"href":"https:\/\/baldumarket.lt\/lt\/wp-json\/wp\/v2\/product\/232003","targetHints":{"allow":["GET"]}}],"collection":[{"href":"https:\/\/baldumarket.lt\/lt\/wp-json\/wp\/v2\/product"}],"about":[{"href":"https:\/\/baldumarket.lt\/lt\/wp-json\/wp\/v2\/types\/product"}],"replies":[{"embeddable":true,"href":"https:\/\/baldumarket.lt\/lt\/wp-json\/wp\/v2\/comments?post=232003"}],"wp:featuredmedia":[{"embeddable":true,"href":"https:\/\/baldumarket.lt\/lt\/wp-json\/wp\/v2\/media\/232004"}],"wp:attachment":[{"href":"https:\/\/baldumarket.lt\/lt\/wp-json\/wp\/v2\/media?parent=232003"}],"wp:term":[{"taxonomy":"product_brand","embeddable":true,"href":"https:\/\/baldumarket.lt\/lt\/wp-json\/wp\/v2\/product_brand?post=232003"},{"taxonomy":"product_cat","embeddable":true,"href":"https:\/\/baldumarket.lt\/lt\/wp-json\/wp\/v2\/product_cat?post=232003"},{"taxonomy":"product_tag","embeddable":true,"href":"https:\/\/baldumarket.lt\/lt\/wp-json\/wp\/v2\/product_tag?post=232003"}],"curies":[{"name":"wp","href":"https:\/\/api.w.org\/{rel}","templated":true}]}}