{"id":231999,"date":"2025-12-29T01:55:53","date_gmt":"2025-12-28T22:55:53","guid":{"rendered":"https:\/\/baldumarket.lt\/product\/lucca-szafka-nocna-czarna-kpl\/"},"modified":"2026-02-11T18:36:04","modified_gmt":"2026-02-11T15:36:04","slug":"lucca-szafka-nocna-czarna-kpl","status":"publish","type":"product","link":"https:\/\/baldumarket.lt\/lt\/product\/lucca-szafka-nocna-czarna-kpl\/","title":{"rendered":"LUCCA JUODAS NAKTINIO STILIAUS KOMPLEKTAS"},"content":{"rendered":"<p>Kolekcija: LUCCA Surinkta: Ne Plotis: 47 Auk\u0161tis: 52 Gylis: 40 Rankena: N\u0116RA<br \/>\nLUCCA JUODAS NAKTINIO STILIAUS KOMPLEKTAS<br \/>\n\u0160is juodas naktinis staliukas su grioveliais i\u0161 matinio MDF fasado yra eleganti\u0161kas ir modernus baldas, kuris puikiai papildys bet kurio miegamojo interjer\u0105. Pagamintas i\u0161 auk\u0161tos kokyb\u0117s med\u017eiag\u0173, jis pasi\u017eymi matin\u0117s juodos spalvos fasadais su ry\u0161kiais grioveliais, suteikian\u010diais jam unikal\u0173 ir stiling\u0105 charakter\u012f.<br \/>\n20 cm auk\u0161\u010dio metalin\u0117s kojel\u0117s suteikia stabilumo ir lengvumo, tod\u0117l lengviau palaikyti tvark\u0105. Spintel\u0117 neturi tradicini\u0173 ranken\u0117li\u0173 \u2013 jos \u0161iek tiek i\u0161siki\u0161usios vir\u0161 vir\u0161aus, taip pabr\u0117\u017edamos modern\u0173 ir minimalistin\u012f dizain\u0105.<br \/>\nTai puikus pasirinkimas tiems, kurie vertina estetikos ir funkcionalumo derin\u012f. \u0160i spintel\u0117 puikiai tiks moderniame, lofto ir industriniame interjere, suteikdama interjerui elegancijos ir rafinuotumo.<\/p>","protected":false},"excerpt":{"rendered":"<p>Kolekcija: LUCCA<br \/>\nPlotis: 47<br \/>\n\u016agis: 52<br \/>\nGylis: 40<br \/>\nRankena: N\u0116RA<\/p>","protected":false},"featured_media":232000,"comment_status":"open","ping_status":"open","template":"","meta":[],"product_brand":[],"product_cat":[1176,8388],"product_tag":[],"class_list":{"0":"post-231999","1":"product","2":"type-product","3":"status-publish","4":"has-post-thumbnail","6":"product_cat-bedside-tables","7":"product_cat-cama-meble","9":"first","10":"instock","11":"purchasable","12":"product-type-simple"},"_links":{"self":[{"href":"https:\/\/baldumarket.lt\/lt\/wp-json\/wp\/v2\/product\/231999","targetHints":{"allow":["GET"]}}],"collection":[{"href":"https:\/\/baldumarket.lt\/lt\/wp-json\/wp\/v2\/product"}],"about":[{"href":"https:\/\/baldumarket.lt\/lt\/wp-json\/wp\/v2\/types\/product"}],"replies":[{"embeddable":true,"href":"https:\/\/baldumarket.lt\/lt\/wp-json\/wp\/v2\/comments?post=231999"}],"wp:featuredmedia":[{"embeddable":true,"href":"https:\/\/baldumarket.lt\/lt\/wp-json\/wp\/v2\/media\/232000"}],"wp:attachment":[{"href":"https:\/\/baldumarket.lt\/lt\/wp-json\/wp\/v2\/media?parent=231999"}],"wp:term":[{"taxonomy":"product_brand","embeddable":true,"href":"https:\/\/baldumarket.lt\/lt\/wp-json\/wp\/v2\/product_brand?post=231999"},{"taxonomy":"product_cat","embeddable":true,"href":"https:\/\/baldumarket.lt\/lt\/wp-json\/wp\/v2\/product_cat?post=231999"},{"taxonomy":"product_tag","embeddable":true,"href":"https:\/\/baldumarket.lt\/lt\/wp-json\/wp\/v2\/product_tag?post=231999"}],"curies":[{"name":"wp","href":"https:\/\/api.w.org\/{rel}","templated":true}]}}