{"id":231996,"date":"2025-12-29T01:55:49","date_gmt":"2025-12-28T22:55:49","guid":{"rendered":"https:\/\/baldumarket.lt\/product\/lucca-lawa-kaszmir-mat\/"},"modified":"2026-02-11T18:36:05","modified_gmt":"2026-02-11T15:36:05","slug":"lucca-lawa-kaszmir-mat","status":"publish","type":"product","link":"https:\/\/baldumarket.lt\/lt\/product\/lucca-lawa-kaszmir-mat\/","title":{"rendered":"LUCCA BENCH KA\u0160MYRO KILIM\u0116LIS"},"content":{"rendered":"<p>Kolekcija: LUCCA Surinkta: ne Plotis: 100 Auk\u0161tis: 52 Gylis: 55 LUCCA KA\u0160MYRO KAVOS STALIUKAS MATINIS<br \/>\nMatinio ka\u0161myro apdailos kavos staliukas LUCCA \u2013 tai eleganti\u0161kas ir modernus baldas, kuris puikiai papildys bet kurio svetain\u0117s interjer\u0105. Pagamintas i\u0161 auk\u0161tos kokyb\u0117s MDF plok\u0161t\u0117s, jis pasi\u017eymi grioveliais dekoruotais subtilaus, matinio ka\u0161myro atspalvio fasadais, suteikian\u010diais jam unikal\u0173 charakter\u012f ir stili\u0173. Minimalistinis dizainas be ranken\u0117li\u0173 \u2013 su \u0161iek tiek vir\u0161 stalvir\u0161io i\u0161siki\u0161usiais fasadais \u2013 pabr\u0117\u017eia modern\u0173 baldo estetik\u0105.<br \/>\nVisos konstrukcijos stabilum\u0105 ir lengvum\u0105 u\u017etikrina juodos, 20 cm auk\u0161\u010dio metalin\u0117s kojel\u0117s, kurios ne tik suteikia elegancijos, bet ir palengvina valym\u0105 po stalu. D\u0117l savo funkcionalumo LUCCA kavos staliukas puikiai tinka puodeliui kavos, knygoms ar dekoracijoms, o kartu ir suteikia stiling\u0105 akcent\u0105 j\u016bs\u0173 gyvenamajai erdvei. Tai puikus pasirinkimas tiems, kurie vertina modern\u0173 dizain\u0105, derint\u0105 su prakti\u0161kumu, \u012fne\u0161an\u010diu \u012f interjer\u0105 jauki\u0105 ir eleganti\u0161k\u0105 atmosfer\u0105.<\/p>","protected":false},"excerpt":{"rendered":"<p>Kolekcija: LUCCA<br \/>\nPlotis: 100<br \/>\n\u016agis: 52<br \/>\nGylis: 55<\/p>","protected":false},"featured_media":231997,"comment_status":"open","ping_status":"open","template":"","meta":[],"product_brand":[],"product_cat":[8388,866],"product_tag":[],"class_list":{"0":"post-231996","1":"product","2":"type-product","3":"status-publish","4":"has-post-thumbnail","6":"product_cat-cama-meble","7":"product_cat-coffee-tables","9":"first","10":"instock","11":"purchasable","12":"product-type-simple"},"_links":{"self":[{"href":"https:\/\/baldumarket.lt\/lt\/wp-json\/wp\/v2\/product\/231996","targetHints":{"allow":["GET"]}}],"collection":[{"href":"https:\/\/baldumarket.lt\/lt\/wp-json\/wp\/v2\/product"}],"about":[{"href":"https:\/\/baldumarket.lt\/lt\/wp-json\/wp\/v2\/types\/product"}],"replies":[{"embeddable":true,"href":"https:\/\/baldumarket.lt\/lt\/wp-json\/wp\/v2\/comments?post=231996"}],"wp:featuredmedia":[{"embeddable":true,"href":"https:\/\/baldumarket.lt\/lt\/wp-json\/wp\/v2\/media\/231997"}],"wp:attachment":[{"href":"https:\/\/baldumarket.lt\/lt\/wp-json\/wp\/v2\/media?parent=231996"}],"wp:term":[{"taxonomy":"product_brand","embeddable":true,"href":"https:\/\/baldumarket.lt\/lt\/wp-json\/wp\/v2\/product_brand?post=231996"},{"taxonomy":"product_cat","embeddable":true,"href":"https:\/\/baldumarket.lt\/lt\/wp-json\/wp\/v2\/product_cat?post=231996"},{"taxonomy":"product_tag","embeddable":true,"href":"https:\/\/baldumarket.lt\/lt\/wp-json\/wp\/v2\/product_tag?post=231996"}],"curies":[{"name":"wp","href":"https:\/\/api.w.org\/{rel}","templated":true}]}}