{"id":231992,"date":"2025-12-29T01:55:44","date_gmt":"2025-12-28T22:55:44","guid":{"rendered":"https:\/\/baldumarket.lt\/product\/lucca-lawa-czarna\/"},"modified":"2026-02-11T18:36:05","modified_gmt":"2026-02-11T15:36:05","slug":"lucca-lawa-czarna","status":"publish","type":"product","link":"https:\/\/baldumarket.lt\/lt\/product\/lucca-lawa-czarna\/","title":{"rendered":"LUCCA JUODAS SUOLAS"},"content":{"rendered":"<p>Kolekcija: LUCCA Surinkti baldai: ne Plotis: 100 Auk\u0161tis: 46 Gylis: 55 Kojel\u0117: metalin\u0117<br \/>\nLUCCA JUODAS kavos staliukas<br \/>\n\u0160is juodas kavos staliukas su frezuotais matin\u0117s juodos spalvos \u0161onais yra stilingas ir modernus baldas, kuris puikiai papildys eleganti\u0161k\u0105 interjer\u0105. Pagamintas i\u0161 auk\u0161tos kokyb\u0117s med\u017eiag\u0173, jis pasi\u017eymi subtiliu frezavimu \u0161onuose, suteikian\u010diu jam unikal\u0173 charakter\u012f. Sodri juoda matin\u0117 apdaila pabr\u0117\u017eia minimalistin\u012f, ta\u010diau rafinuot\u0105 stili\u0173.<br \/>\nKonstrukcijos stabilum\u0105 ir lengvum\u0105 u\u017etikrina 20 cm auk\u0161\u010dio metalin\u0117s kojel\u0117s, kurios suteikia baldui modern\u0173 estetik\u0105 ir palengvina valym\u0105 po apa\u010dia. Kruop\u0161\u010diai i\u0161d\u0117stytos lentynos leid\u017eia patogiai laikyti knygas, \u017eurnalus ar dekoracijas, derinant funkcionalum\u0105 su estetika.<br \/>\nTai puikus pasirinkimas moderniam, industriniam ar lofto stiliaus svetainei, kur dizainas ir prakti\u0161kumas dera tarpusavyje.<\/p>","protected":false},"excerpt":{"rendered":"<p>Kolekcija: LUCCA<br \/>\nPlotis: 100<br \/>\n\u016agis: 46<br \/>\nGylis: 55<br \/>\nKoja: metalin\u0117<\/p>","protected":false},"featured_media":231993,"comment_status":"open","ping_status":"open","template":"","meta":[],"product_brand":[],"product_cat":[8388,866],"product_tag":[],"class_list":{"0":"post-231992","1":"product","2":"type-product","3":"status-publish","4":"has-post-thumbnail","6":"product_cat-cama-meble","7":"product_cat-coffee-tables","9":"first","10":"instock","11":"purchasable","12":"product-type-simple"},"_links":{"self":[{"href":"https:\/\/baldumarket.lt\/lt\/wp-json\/wp\/v2\/product\/231992","targetHints":{"allow":["GET"]}}],"collection":[{"href":"https:\/\/baldumarket.lt\/lt\/wp-json\/wp\/v2\/product"}],"about":[{"href":"https:\/\/baldumarket.lt\/lt\/wp-json\/wp\/v2\/types\/product"}],"replies":[{"embeddable":true,"href":"https:\/\/baldumarket.lt\/lt\/wp-json\/wp\/v2\/comments?post=231992"}],"wp:featuredmedia":[{"embeddable":true,"href":"https:\/\/baldumarket.lt\/lt\/wp-json\/wp\/v2\/media\/231993"}],"wp:attachment":[{"href":"https:\/\/baldumarket.lt\/lt\/wp-json\/wp\/v2\/media?parent=231992"}],"wp:term":[{"taxonomy":"product_brand","embeddable":true,"href":"https:\/\/baldumarket.lt\/lt\/wp-json\/wp\/v2\/product_brand?post=231992"},{"taxonomy":"product_cat","embeddable":true,"href":"https:\/\/baldumarket.lt\/lt\/wp-json\/wp\/v2\/product_cat?post=231992"},{"taxonomy":"product_tag","embeddable":true,"href":"https:\/\/baldumarket.lt\/lt\/wp-json\/wp\/v2\/product_tag?post=231992"}],"curies":[{"name":"wp","href":"https:\/\/api.w.org\/{rel}","templated":true}]}}