{"id":231984,"date":"2025-12-29T01:55:34","date_gmt":"2025-12-28T22:55:34","guid":{"rendered":"https:\/\/baldumarket.lt\/product\/lucca-komoda-200-4d-czarny-mat\/"},"modified":"2026-02-11T18:36:05","modified_gmt":"2026-02-11T15:36:05","slug":"lucca-komoda-200-4d-czarny-mat","status":"publish","type":"product","link":"https:\/\/baldumarket.lt\/lt\/product\/lucca-komoda-200-4d-czarny-mat\/","title":{"rendered":"LUCCA komoda 200 4D matin\u0117 juoda"},"content":{"rendered":"<p>Kolekcija: LUCCA, Surinkta: Ne, Plotis: 200, Auk\u0161tis: 80, Gylis: 40, Dureli\u0173 skai\u010dius: 3. \u0160i 200 cm juoda komoda su grioveliais matin\u0117s MDF plok\u0161t\u0117s fasadais yra eleganti\u0161kas ir modernus baldas, skirtas stilingam ir funkcionaliam interjerui. Ji pasi\u017eymi matin\u0117s juodos spalvos fasadais, pagamintais i\u0161 auk\u0161tos kokyb\u0117s MDF plok\u0161t\u0117s, su patraukliais grioveliais, suteikian\u010diais jai unikal\u0173, trimat\u012f charakter\u012f.<br \/>\nKomoda stovi ant 20 cm auk\u0161\u010dio metalini\u0173 kojeli\u0173, kurios u\u017etikrina stabilum\u0105, lengvum\u0105 ir lengv\u0105 prie\u017ei\u016br\u0105. Minimalistinis dizainas pabr\u0117\u017eia tradicini\u0173 ranken\u0117li\u0173 nebuvim\u0105 \u2013 vietoj to, priekin\u0117s dalys \u0161iek tiek i\u0161siki\u0161usios vir\u0161 vir\u0161aus, suteikdamos modernumo.<br \/>\nSpintel\u0117 turi keturias rakinamas duris, kurios suteikia daug vietos daiktams susid\u0117ti. Tai puikus sprendimas svetainei, miegamajam ar prie\u0161kambariui, kur estetika dera su funkcionalumu. Komoda puikiai der\u0117s prie modernaus, industrinio ar lofto stiliaus interjero, suteikdama jam elegancijos ir charakterio.<\/p>","protected":false},"excerpt":{"rendered":"<p>Kolekcija: LUCCA<br \/>\nPlotis: 200<br \/>\n\u016agis: 80<br \/>\nGylis: 40<br \/>\nDur\u0173 skai\u010dius: 3<\/p>","protected":false},"featured_media":231985,"comment_status":"open","ping_status":"open","template":"","meta":[],"product_brand":[],"product_cat":[8388,1173],"product_tag":[],"class_list":{"0":"post-231984","1":"product","2":"type-product","3":"status-publish","4":"has-post-thumbnail","6":"product_cat-cama-meble","7":"product_cat-chests-of-drawers","9":"first","10":"instock","11":"purchasable","12":"product-type-simple"},"_links":{"self":[{"href":"https:\/\/baldumarket.lt\/lt\/wp-json\/wp\/v2\/product\/231984","targetHints":{"allow":["GET"]}}],"collection":[{"href":"https:\/\/baldumarket.lt\/lt\/wp-json\/wp\/v2\/product"}],"about":[{"href":"https:\/\/baldumarket.lt\/lt\/wp-json\/wp\/v2\/types\/product"}],"replies":[{"embeddable":true,"href":"https:\/\/baldumarket.lt\/lt\/wp-json\/wp\/v2\/comments?post=231984"}],"wp:featuredmedia":[{"embeddable":true,"href":"https:\/\/baldumarket.lt\/lt\/wp-json\/wp\/v2\/media\/231985"}],"wp:attachment":[{"href":"https:\/\/baldumarket.lt\/lt\/wp-json\/wp\/v2\/media?parent=231984"}],"wp:term":[{"taxonomy":"product_brand","embeddable":true,"href":"https:\/\/baldumarket.lt\/lt\/wp-json\/wp\/v2\/product_brand?post=231984"},{"taxonomy":"product_cat","embeddable":true,"href":"https:\/\/baldumarket.lt\/lt\/wp-json\/wp\/v2\/product_cat?post=231984"},{"taxonomy":"product_tag","embeddable":true,"href":"https:\/\/baldumarket.lt\/lt\/wp-json\/wp\/v2\/product_tag?post=231984"}],"curies":[{"name":"wp","href":"https:\/\/api.w.org\/{rel}","templated":true}]}}