{"id":231980,"date":"2025-12-29T01:55:29","date_gmt":"2025-12-28T22:55:29","guid":{"rendered":"https:\/\/baldumarket.lt\/product\/lucca-komoda-165-3d-kaszmir-mat\/"},"modified":"2026-02-11T18:36:05","modified_gmt":"2026-02-11T15:36:05","slug":"lucca-komoda-165-3d-kaszmir-mat","status":"publish","type":"product","link":"https:\/\/baldumarket.lt\/lt\/product\/lucca-komoda-165-3d-kaszmir-mat\/","title":{"rendered":"LUCCA komoda 165 3D ka\u0161myro matin\u0117 spalva"},"content":{"rendered":"<p>Kolekcija: CORTINA Surinkta: ne Plotis: 165 Auk\u0161tis: 80 Gylis: 40 Dur\u0173 skai\u010dius: 3 LUCCA 165 3D KA\u0160MYRO MATINIS<br \/>\nMatinio ka\u0161myro apdailos komoda LUCCA 165 cm \u2013 eleganti\u0161kas ir funkcionalus baldas, puikiai derantis tiek prie modernaus, tiek prie minimalistinio interjero. Pagaminta i\u0161 auk\u0161tos kokyb\u0117s MDF plok\u0161t\u0117s, ji traukia d\u0117mes\u012f grioveliais dekoruotais subtilaus, matinio ka\u0161myro atspalvio fasadais, suteikian\u010diais jai unikali\u0105 tekst\u016br\u0105 ir stili\u0173. Minimalistin\u012f charakter\u012f pabr\u0117\u017eia ranken\u0117li\u0173 nebuvimas \u2013 fasadai \u0161iek tiek i\u0161siki\u0161a vir\u0161 stalvir\u0161io, tod\u0117l juos lengva atidaryti.<br \/>\nJuodos, 20 cm auk\u0161\u010dio metalin\u0117s kojel\u0117s suteikia konstrukcijai lengvumo ir stabilumo, be to, jas lengviau valyti apa\u010dioje. Trij\u0173 dureli\u0173 dizainas suteikia daug vietos daiktams susid\u0117ti, tod\u0117l komoda tinka tiek svetainei, tiek miegamajam, tiek valgomajam. Tai puikus pasirinkimas tiems, kurie vertina modernios estetikos ir prakti\u0161kumo derin\u012f, suteikiant\u012f bet kokiam interjerui \u0161ilumos ir elegancijos. LUCCA komoda su ka\u0161myro apdaila yra gero skonio ir nesenstan\u010dio dizaino kvintesencija.<\/p>","protected":false},"excerpt":{"rendered":"<p>Kolekcija: CORTINA<br \/>\nPlotis: 165<br \/>\n\u016agis: 80<br \/>\nGylis: 40<br \/>\nDur\u0173 skai\u010dius: 3<\/p>","protected":false},"featured_media":231981,"comment_status":"open","ping_status":"open","template":"","meta":[],"product_brand":[],"product_cat":[8388,1173],"product_tag":[],"class_list":{"0":"post-231980","1":"product","2":"type-product","3":"status-publish","4":"has-post-thumbnail","6":"product_cat-cama-meble","7":"product_cat-chests-of-drawers","9":"first","10":"instock","11":"purchasable","12":"product-type-simple"},"_links":{"self":[{"href":"https:\/\/baldumarket.lt\/lt\/wp-json\/wp\/v2\/product\/231980","targetHints":{"allow":["GET"]}}],"collection":[{"href":"https:\/\/baldumarket.lt\/lt\/wp-json\/wp\/v2\/product"}],"about":[{"href":"https:\/\/baldumarket.lt\/lt\/wp-json\/wp\/v2\/types\/product"}],"replies":[{"embeddable":true,"href":"https:\/\/baldumarket.lt\/lt\/wp-json\/wp\/v2\/comments?post=231980"}],"wp:featuredmedia":[{"embeddable":true,"href":"https:\/\/baldumarket.lt\/lt\/wp-json\/wp\/v2\/media\/231981"}],"wp:attachment":[{"href":"https:\/\/baldumarket.lt\/lt\/wp-json\/wp\/v2\/media?parent=231980"}],"wp:term":[{"taxonomy":"product_brand","embeddable":true,"href":"https:\/\/baldumarket.lt\/lt\/wp-json\/wp\/v2\/product_brand?post=231980"},{"taxonomy":"product_cat","embeddable":true,"href":"https:\/\/baldumarket.lt\/lt\/wp-json\/wp\/v2\/product_cat?post=231980"},{"taxonomy":"product_tag","embeddable":true,"href":"https:\/\/baldumarket.lt\/lt\/wp-json\/wp\/v2\/product_tag?post=231980"}],"curies":[{"name":"wp","href":"https:\/\/api.w.org\/{rel}","templated":true}]}}