{"id":231962,"date":"2025-12-29T01:55:06","date_gmt":"2025-12-28T22:55:06","guid":{"rendered":"https:\/\/baldumarket.lt\/product\/lotta-wotan-160-szafka-rtv-na-nozkach-z-2-drzwiczkami\/"},"modified":"2026-02-11T18:36:05","modified_gmt":"2026-02-11T15:36:05","slug":"lotta-wotan-160-szafka-rtv-na-nozkach-z-2-drzwiczkami","status":"publish","type":"product","link":"https:\/\/baldumarket.lt\/lt\/product\/lotta-wotan-160-szafka-rtv-na-nozkach-z-2-drzwiczkami\/","title":{"rendered":"LOTTA WOTAN 160 \u2013 TV spintel\u0117 ant koj\u0173 su 2 durel\u0117mis"},"content":{"rendered":"<p>LOTTA 160 \u2013 TV staliukas su 2 durel\u0117mis, Wotan \u0105\u017euolo spalvos su juoda spalva<br \/>\n\u201eLotta\u201c televizoriaus staliukas turi 2 duris de\u0161in\u0117je ir kair\u0117je pus\u0117se, o centre \u2013 2 skyrius televizoriaus \u012frangai.<br \/>\nLOTTA bald\u0173 kolekcija pasi\u017eymi labai eleganti\u0161ka ir nesenstan\u010dia i\u0161vaizda. Baldai pasi\u017eymi retro stiliaus medin\u0117mis kojel\u0117mis i\u0161 Wotan \u0105\u017euolo su juodais akcentais. Gamyboje naudojamos auk\u0161tos kokyb\u0117s bald\u0173 lentos ir aksesuarai, u\u017etikrinantys patvarum\u0105 ir tvirtum\u0105. Su LOTTA baldais galite lengvai \u012frengti televizijos kambar\u012f, svetain\u0119 ar paauglio kambar\u012f.<br \/>\nPapildoma informacija:<br \/>\n\u2013 Wotano \u0105\u017euolo fasadai ir r\u0117mai<br \/>\n\u2013 Juoda vir\u0161utin\u0117 dalis<br \/>\nMed\u017eiaga:<br \/>\n\u2013 Korpusas ir priekin\u0117 dalis \u2013 16 mm matin\u0117s laminuotos med\u017eio dro\u017eli\u0173 plok\u0161t\u0117s Wotan \u0105\u017euolo spalvos<br \/>\n\u2013 Vir\u0161us \u2013 25 mm juoda med\u017eio dro\u017eli\u0173 plok\u0161t\u0117<br \/>\n\u2013 Kojel\u0117s ir rankena \u2013 juodai da\u017eyta mediena<\/p>","protected":false},"excerpt":{"rendered":"<p>\u016agis cm: 53<br \/>\nPlotis cm: 160<br \/>\nGylis cm: 40<br \/>\nDur\u0173 skai\u010dius: 2<\/p>","protected":false},"featured_media":231963,"comment_status":"open","ping_status":"open","template":"","meta":[],"product_brand":[],"product_cat":[8388,1175],"product_tag":[],"class_list":{"0":"post-231962","1":"product","2":"type-product","3":"status-publish","4":"has-post-thumbnail","6":"product_cat-cama-meble","7":"product_cat-tv-stands","9":"first","10":"instock","11":"purchasable","12":"product-type-simple"},"_links":{"self":[{"href":"https:\/\/baldumarket.lt\/lt\/wp-json\/wp\/v2\/product\/231962","targetHints":{"allow":["GET"]}}],"collection":[{"href":"https:\/\/baldumarket.lt\/lt\/wp-json\/wp\/v2\/product"}],"about":[{"href":"https:\/\/baldumarket.lt\/lt\/wp-json\/wp\/v2\/types\/product"}],"replies":[{"embeddable":true,"href":"https:\/\/baldumarket.lt\/lt\/wp-json\/wp\/v2\/comments?post=231962"}],"wp:featuredmedia":[{"embeddable":true,"href":"https:\/\/baldumarket.lt\/lt\/wp-json\/wp\/v2\/media\/231963"}],"wp:attachment":[{"href":"https:\/\/baldumarket.lt\/lt\/wp-json\/wp\/v2\/media?parent=231962"}],"wp:term":[{"taxonomy":"product_brand","embeddable":true,"href":"https:\/\/baldumarket.lt\/lt\/wp-json\/wp\/v2\/product_brand?post=231962"},{"taxonomy":"product_cat","embeddable":true,"href":"https:\/\/baldumarket.lt\/lt\/wp-json\/wp\/v2\/product_cat?post=231962"},{"taxonomy":"product_tag","embeddable":true,"href":"https:\/\/baldumarket.lt\/lt\/wp-json\/wp\/v2\/product_tag?post=231962"}],"curies":[{"name":"wp","href":"https:\/\/api.w.org\/{rel}","templated":true}]}}