{"id":231942,"date":"2025-12-29T01:54:40","date_gmt":"2025-12-28T22:54:40","guid":{"rendered":"https:\/\/baldumarket.lt\/product\/lotta-wotan-120-witryna-na-nozkach-z-2-drzwiczkami-i-4-szufladami\/"},"modified":"2026-02-11T18:36:06","modified_gmt":"2026-02-11T15:36:06","slug":"lotta-wotan-120-witryna-na-nozkach-z-2-drzwiczkami-i-4-szufladami","status":"publish","type":"product","link":"https:\/\/baldumarket.lt\/lt\/product\/lotta-wotan-120-witryna-na-nozkach-z-2-drzwiczkami-i-4-szufladami\/","title":{"rendered":"LOTTA WOTAN 120 \u2013 vitrina ant koj\u0173 su 2 durel\u0117mis ir 4 stal\u010diais"},"content":{"rendered":"<p>LOTTA 120 \u2013 Vitrina su 2 durel\u0117mis ir 4 stal\u010diais, Wotan \u0105\u017euolo spalvos su juoda spalva<br \/>\n\u201eLotta\u201c vitrina turi 2 stiklines duris ir 4 stal\u010dius.<br \/>\nLOTTA bald\u0173 kolekcija pasi\u017eymi labai eleganti\u0161ka ir nesenstan\u010dia i\u0161vaizda. Baldams b\u016bdingos retro stiliaus medin\u0117s kojel\u0117s i\u0161 \u201eWotan\u201c \u0105\u017euolo su juodais akcentais. Gamyboje naudojamos auk\u0161tos kokyb\u0117s bald\u0173 lentos ir aksesuarai, u\u017etikrinantys patvarum\u0105 ir tvirtum\u0105. LOTTA baldai leid\u017eia lengvai \u012frengti televizijos kambar\u012f, svetain\u0119 ar paauglio kambar\u012f.<br \/>\nPapildoma informacija:<br \/>\n\u2013 Wotano \u0105\u017euolo fasadai ir r\u0117mai<br \/>\n\u2013 Juoda vir\u0161utin\u0117 dalis<br \/>\nMed\u017eiaga:<br \/>\n\u2013 Korpusas ir priekin\u0117 dalis \u2013 16 mm matin\u0117s laminuotos med\u017eio dro\u017eli\u0173 plok\u0161t\u0117s Wotan \u0105\u017euolo spalvos<br \/>\n\u2013 Vir\u0161us \u2013 25 mm juoda med\u017eio dro\u017eli\u0173 plok\u0161t\u0117<br \/>\n\u2013 Kojel\u0117s ir rankena \u2013 juodai da\u017eyta mediena<\/p>","protected":false},"excerpt":{"rendered":"<p>Auk\u0161tis cm: 160<br \/>\nPlotis cm: 120<br \/>\nGylis cm: 45<br \/>\nDur\u0173 skai\u010dius: 2<br \/>\nStal\u010di\u0173 skai\u010dius: 4<\/p>","protected":false},"featured_media":231943,"comment_status":"open","ping_status":"open","template":"","meta":[],"product_brand":[],"product_cat":[8388,2006],"product_tag":[],"class_list":{"0":"post-231942","1":"product","2":"type-product","3":"status-publish","4":"has-post-thumbnail","6":"product_cat-cama-meble","7":"product_cat-vitrines","9":"first","10":"instock","11":"purchasable","12":"product-type-simple"},"_links":{"self":[{"href":"https:\/\/baldumarket.lt\/lt\/wp-json\/wp\/v2\/product\/231942","targetHints":{"allow":["GET"]}}],"collection":[{"href":"https:\/\/baldumarket.lt\/lt\/wp-json\/wp\/v2\/product"}],"about":[{"href":"https:\/\/baldumarket.lt\/lt\/wp-json\/wp\/v2\/types\/product"}],"replies":[{"embeddable":true,"href":"https:\/\/baldumarket.lt\/lt\/wp-json\/wp\/v2\/comments?post=231942"}],"wp:featuredmedia":[{"embeddable":true,"href":"https:\/\/baldumarket.lt\/lt\/wp-json\/wp\/v2\/media\/231943"}],"wp:attachment":[{"href":"https:\/\/baldumarket.lt\/lt\/wp-json\/wp\/v2\/media?parent=231942"}],"wp:term":[{"taxonomy":"product_brand","embeddable":true,"href":"https:\/\/baldumarket.lt\/lt\/wp-json\/wp\/v2\/product_brand?post=231942"},{"taxonomy":"product_cat","embeddable":true,"href":"https:\/\/baldumarket.lt\/lt\/wp-json\/wp\/v2\/product_cat?post=231942"},{"taxonomy":"product_tag","embeddable":true,"href":"https:\/\/baldumarket.lt\/lt\/wp-json\/wp\/v2\/product_tag?post=231942"}],"curies":[{"name":"wp","href":"https:\/\/api.w.org\/{rel}","templated":true}]}}