{"id":231933,"date":"2025-12-29T01:54:28","date_gmt":"2025-12-28T22:54:28","guid":{"rendered":"https:\/\/baldumarket.lt\/product\/lotta-wotan-110-lawa-na-nozkach\/"},"modified":"2026-02-11T18:36:06","modified_gmt":"2026-02-11T15:36:06","slug":"lotta-wotan-110-lawa-na-nozkach","status":"publish","type":"product","link":"https:\/\/baldumarket.lt\/lt\/product\/lotta-wotan-110-lawa-na-nozkach\/","title":{"rendered":"LOTTA WOTAN 110 \u2013 suolas ant koj\u0173"},"content":{"rendered":"<p>LOTTA 110 \u2013 Kavos staliukas ant koj\u0173, Wotan \u0105\u017euolas su juoda spalva<br \/>\n\u201eLotta\u201c kavos staliukas po stalvir\u0161iu turi dvi atviras erdves.<br \/>\nLOTTA bald\u0173 kolekcija pasi\u017eymi i\u0161ties eleganti\u0161ka ir nesenstan\u010dia i\u0161vaizda. Baldai pasi\u017eymi retro stiliaus medin\u0117mis kojel\u0117mis i\u0161 Wotan \u0105\u017euolo su juodais akcentais. Baldams gaminti naudojamos auk\u0161tos kokyb\u0117s bald\u0173 lentos ir aksesuarai, u\u017etikrinantys patvarum\u0105 ir tvirtum\u0105. LOTTA baldai lengvai apstatys televizijos kambar\u012f, svetain\u0119 ar paauglio kambar\u012f.<br \/>\nPapildoma informacija:<br \/>\n\u2013 Priekin\u0117s dalys ir karkasai: Wotan Oak<br \/>\n\u2013 Vir\u0161us: juodas<br \/>\nMed\u017eiaga:<br \/>\n\u2013 Korpusas ir priekis: 16 mm matin\u0117 laminuota med\u017eio dro\u017eli\u0173 plok\u0161t\u0117 Wotan \u0105\u017euolo spalvos<br \/>\n\u2013 Vir\u0161us: 25 mm juoda med\u017eio dro\u017eli\u0173 plok\u0161t\u0117<br \/>\n\u2013 Kojel\u0117s ir rankena: juodai da\u017eyta mediena<\/p>","protected":false},"excerpt":{"rendered":"<p>Auk\u0161tis cm: 35<br \/>\nPlotis cm: 110<br \/>\nGylis cm: 60<\/p>","protected":false},"featured_media":231934,"comment_status":"open","ping_status":"open","template":"","meta":[],"product_brand":[],"product_cat":[8388,866],"product_tag":[],"class_list":{"0":"post-231933","1":"product","2":"type-product","3":"status-publish","4":"has-post-thumbnail","6":"product_cat-cama-meble","7":"product_cat-coffee-tables","9":"first","10":"instock","11":"purchasable","12":"product-type-simple"},"_links":{"self":[{"href":"https:\/\/baldumarket.lt\/lt\/wp-json\/wp\/v2\/product\/231933","targetHints":{"allow":["GET"]}}],"collection":[{"href":"https:\/\/baldumarket.lt\/lt\/wp-json\/wp\/v2\/product"}],"about":[{"href":"https:\/\/baldumarket.lt\/lt\/wp-json\/wp\/v2\/types\/product"}],"replies":[{"embeddable":true,"href":"https:\/\/baldumarket.lt\/lt\/wp-json\/wp\/v2\/comments?post=231933"}],"wp:featuredmedia":[{"embeddable":true,"href":"https:\/\/baldumarket.lt\/lt\/wp-json\/wp\/v2\/media\/231934"}],"wp:attachment":[{"href":"https:\/\/baldumarket.lt\/lt\/wp-json\/wp\/v2\/media?parent=231933"}],"wp:term":[{"taxonomy":"product_brand","embeddable":true,"href":"https:\/\/baldumarket.lt\/lt\/wp-json\/wp\/v2\/product_brand?post=231933"},{"taxonomy":"product_cat","embeddable":true,"href":"https:\/\/baldumarket.lt\/lt\/wp-json\/wp\/v2\/product_cat?post=231933"},{"taxonomy":"product_tag","embeddable":true,"href":"https:\/\/baldumarket.lt\/lt\/wp-json\/wp\/v2\/product_tag?post=231933"}],"curies":[{"name":"wp","href":"https:\/\/api.w.org\/{rel}","templated":true}]}}