{"id":231918,"date":"2025-12-29T01:54:09","date_gmt":"2025-12-28T22:54:09","guid":{"rendered":"https:\/\/baldumarket.lt\/product\/lotta-biala-60-lawa-na-nozkach-styl-skandynawski\/"},"modified":"2026-02-11T18:36:06","modified_gmt":"2026-02-11T15:36:06","slug":"lotta-biala-60-lawa-na-nozkach-styl-skandynawski","status":"publish","type":"product","link":"https:\/\/baldumarket.lt\/lt\/product\/lotta-biala-60-lawa-na-nozkach-styl-skandynawski\/","title":{"rendered":"LOTTA WHITE 60 \u2013 Skandinavi\u0161ko stiliaus kavos staliukas su kojel\u0117mis"},"content":{"rendered":"<p>LOTTA 60 \u2013 matin\u0117s baltos spalvos kavos staliukas su kojel\u0117mis, skandinavi\u0161ko stiliaus<br \/>\n\u201eLotta\u201c kavos staliukas po stalvir\u0161iu turi dvi atviras ertmes. \u201eLOTTA\u201c bald\u0173 kolekcija pasi\u017eymi labai eleganti\u0161ka ir nesenstan\u010dia i\u0161vaizda. Baldai pasi\u017eymi medin\u0117mis retro stiliaus kojel\u0117mis, matin\u0117s baltos spalvos apdaila su Sonoma \u0105\u017euolo akcentais. Baldams gaminti naudojamos auk\u0161tos kokyb\u0117s bald\u0173 lentos ir aksesuarai, u\u017etikrinantys patvarum\u0105 ir tvirtum\u0105. \u201eLOTTA\u201c baldai lengvai apstatys televizijos kambar\u012f, svetain\u0119 ar paauglio kambar\u012f.<br \/>\nPapildoma informacija:<br \/>\n\u2013 Matin\u0117s baltos spalvos fasadai ir karkasai<br \/>\n\u2013 Sonoma \u0105\u017euolo vir\u0161us<br \/>\nMed\u017eiaga:<br \/>\n\u2013 Karkasas ir priekin\u0117 dalis \u2013 16 mm matin\u0117s laminuotos med\u017eio dro\u017eli\u0173 plok\u0161t\u0117s, ry\u0161kiai baltos spalvos<br \/>\n\u2013 Stalvir\u0161is \u2013 25 mm med\u017eio dro\u017eli\u0173 plok\u0161t\u0117 matinio Sonoma \u0105\u017euolo spalvos<br \/>\n\u2013 Kojel\u0117s ir rankena \u2013 matinio Sonoma \u0105\u017euolo spalvos mediena<\/p>","protected":false},"excerpt":{"rendered":"<p>Auk\u0161tis cm: 35<br \/>\nPlotis cm: 60<br \/>\nGylis cm: 60<\/p>","protected":false},"featured_media":231919,"comment_status":"open","ping_status":"open","template":"","meta":[],"product_brand":[],"product_cat":[8388,866],"product_tag":[],"class_list":{"0":"post-231918","1":"product","2":"type-product","3":"status-publish","4":"has-post-thumbnail","6":"product_cat-cama-meble","7":"product_cat-coffee-tables","9":"first","10":"instock","11":"purchasable","12":"product-type-simple"},"_links":{"self":[{"href":"https:\/\/baldumarket.lt\/lt\/wp-json\/wp\/v2\/product\/231918","targetHints":{"allow":["GET"]}}],"collection":[{"href":"https:\/\/baldumarket.lt\/lt\/wp-json\/wp\/v2\/product"}],"about":[{"href":"https:\/\/baldumarket.lt\/lt\/wp-json\/wp\/v2\/types\/product"}],"replies":[{"embeddable":true,"href":"https:\/\/baldumarket.lt\/lt\/wp-json\/wp\/v2\/comments?post=231918"}],"wp:featuredmedia":[{"embeddable":true,"href":"https:\/\/baldumarket.lt\/lt\/wp-json\/wp\/v2\/media\/231919"}],"wp:attachment":[{"href":"https:\/\/baldumarket.lt\/lt\/wp-json\/wp\/v2\/media?parent=231918"}],"wp:term":[{"taxonomy":"product_brand","embeddable":true,"href":"https:\/\/baldumarket.lt\/lt\/wp-json\/wp\/v2\/product_brand?post=231918"},{"taxonomy":"product_cat","embeddable":true,"href":"https:\/\/baldumarket.lt\/lt\/wp-json\/wp\/v2\/product_cat?post=231918"},{"taxonomy":"product_tag","embeddable":true,"href":"https:\/\/baldumarket.lt\/lt\/wp-json\/wp\/v2\/product_tag?post=231918"}],"curies":[{"name":"wp","href":"https:\/\/api.w.org\/{rel}","templated":true}]}}