{"id":231908,"date":"2025-12-29T01:53:56","date_gmt":"2025-12-28T22:53:56","guid":{"rendered":"https:\/\/baldumarket.lt\/product\/lotta-biala-160-biala-matowa-szafka-rtv-na-nozkach-z-2-drzwiczkami\/"},"modified":"2026-02-11T18:36:06","modified_gmt":"2026-02-11T15:36:06","slug":"lotta-biala-160-biala-matowa-szafka-rtv-na-nozkach-z-2-drzwiczkami","status":"publish","type":"product","link":"https:\/\/baldumarket.lt\/lt\/product\/lotta-biala-160-biala-matowa-szafka-rtv-na-nozkach-z-2-drzwiczkami\/","title":{"rendered":"LOTTA WHITE 160 \u2013 balta matin\u0117 TV spintel\u0117 su kojel\u0117mis ir 2 durel\u0117mis"},"content":{"rendered":"<p>LOTTA 160 \u2013 matin\u0117s baltos spalvos TV staliukas su 2 durel\u0117mis<br \/>\n\u201eLotta\u201c televizoriaus staliukas turi 2 dureles de\u0161in\u0117je ir kair\u0117je pus\u0117se bei 2 skyrius centre televizoriaus \u012frangai. \u201eLOTTA\u201c bald\u0173 kolekcija pasi\u017eymi labai eleganti\u0161ka ir nesenstan\u010dia i\u0161vaizda. Baldai stovi ant medini\u0173 kojeli\u0173, pasi\u017eymi retro stiliumi, matine balta apdaila su Sonoma \u0105\u017euolo akcentais. Gamyboje naudojamos auk\u0161tos kokyb\u0117s bald\u0173 lentos ir aksesuarai, u\u017etikrinantys patvarum\u0105 ir tvirtum\u0105. Su \u201eLOTTA\u201c baldais galite lengvai \u012frengti televizoriaus kambar\u012f, svetain\u0119 ar paauglio kambar\u012f.<br \/>\nPapildoma informacija:<br \/>\n\u2013 Matin\u0117s baltos spalvos fasadai ir karkasai<br \/>\n\u2013 Sonoma \u0105\u017euolo vir\u0161us<br \/>\nMed\u017eiaga:<br \/>\n\u2013 Karkasas ir priekin\u0117 dalis \u2013 16 mm matin\u0117s laminuotos med\u017eio dro\u017eli\u0173 plok\u0161t\u0117s, ry\u0161kiai baltos spalvos<br \/>\n\u2013 Vir\u0161us \u2013 25 mm med\u017eio dro\u017eli\u0173 plok\u0161t\u0117 matinio Sonoma \u0105\u017euolo spalvos<br \/>\n\u2013 Kojel\u0117s ir rankena \u2013 matinio Sonoma \u0105\u017euolo spalvos mediena<\/p>","protected":false},"excerpt":{"rendered":"<p>Auk\u0161tis cm: 35<br \/>\nPlotis cm: 160<br \/>\nGylis cm: 40<br \/>\nDur\u0173 skai\u010dius: 2<\/p>","protected":false},"featured_media":231909,"comment_status":"open","ping_status":"open","template":"","meta":[],"product_brand":[],"product_cat":[8388,1175],"product_tag":[],"class_list":{"0":"post-231908","1":"product","2":"type-product","3":"status-publish","4":"has-post-thumbnail","6":"product_cat-cama-meble","7":"product_cat-tv-stands","9":"first","10":"instock","11":"purchasable","12":"product-type-simple"},"_links":{"self":[{"href":"https:\/\/baldumarket.lt\/lt\/wp-json\/wp\/v2\/product\/231908","targetHints":{"allow":["GET"]}}],"collection":[{"href":"https:\/\/baldumarket.lt\/lt\/wp-json\/wp\/v2\/product"}],"about":[{"href":"https:\/\/baldumarket.lt\/lt\/wp-json\/wp\/v2\/types\/product"}],"replies":[{"embeddable":true,"href":"https:\/\/baldumarket.lt\/lt\/wp-json\/wp\/v2\/comments?post=231908"}],"wp:featuredmedia":[{"embeddable":true,"href":"https:\/\/baldumarket.lt\/lt\/wp-json\/wp\/v2\/media\/231909"}],"wp:attachment":[{"href":"https:\/\/baldumarket.lt\/lt\/wp-json\/wp\/v2\/media?parent=231908"}],"wp:term":[{"taxonomy":"product_brand","embeddable":true,"href":"https:\/\/baldumarket.lt\/lt\/wp-json\/wp\/v2\/product_brand?post=231908"},{"taxonomy":"product_cat","embeddable":true,"href":"https:\/\/baldumarket.lt\/lt\/wp-json\/wp\/v2\/product_cat?post=231908"},{"taxonomy":"product_tag","embeddable":true,"href":"https:\/\/baldumarket.lt\/lt\/wp-json\/wp\/v2\/product_tag?post=231908"}],"curies":[{"name":"wp","href":"https:\/\/api.w.org\/{rel}","templated":true}]}}