{"id":231903,"date":"2025-12-29T01:53:50","date_gmt":"2025-12-28T22:53:50","guid":{"rendered":"https:\/\/baldumarket.lt\/product\/lotta-biala-150-komoda-na-nozkach-z-3-drzwiczkami\/"},"modified":"2026-02-11T18:36:06","modified_gmt":"2026-02-11T15:36:06","slug":"lotta-biala-150-komoda-na-nozkach-z-3-drzwiczkami","status":"publish","type":"product","link":"https:\/\/baldumarket.lt\/lt\/product\/lotta-biala-150-komoda-na-nozkach-z-3-drzwiczkami\/","title":{"rendered":"LOTTA WHITE 150 \u2013 komoda ant koj\u0173 su 3 durel\u0117mis"},"content":{"rendered":"<p>LOTTA 150 \u2013 matin\u0117s baltos spalvos komoda su 3 durel\u0117mis, skandinavi\u0161ko stiliaus<br \/>\nKomoda \u201eLotta\u201c turi 3 dureles. LOTTA bald\u0173 kolekcija yra eleganti\u0161ka ir nesenstanti. Baldai pasi\u017eymi medin\u0117mis kojel\u0117mis, retro stiliumi ir matin\u0117s baltos spalvos apdaila su Sonoma \u0105\u017euolo akcentais. Baldams gaminti naudojamos auk\u0161tos kokyb\u0117s bald\u0173 lentos ir aksesuarai, u\u017etikrinantys patvarum\u0105 ir tvirtum\u0105. LOTTA baldai lengvai apstatys televizijos kambar\u012f, svetain\u0119 ar paauglio kambar\u012f.<br \/>\nPapildoma informacija:<br \/>\n\u2013 Matin\u0117s baltos spalvos fasadai ir karkasai<br \/>\n\u2013 Sonoma \u0105\u017euolo vir\u0161us<br \/>\nMed\u017eiagos:<br \/>\n\u2013 Karkasas ir priekin\u0117 dalis \u2013 16 mm matin\u0117s laminuotos med\u017eio dro\u017eli\u0173 plok\u0161t\u0117s, ry\u0161kiai baltos spalvos<br \/>\n\u2013 Vir\u0161us \u2013 25 mm med\u017eio dro\u017eli\u0173 plok\u0161t\u0117 matinio Sonoma \u0105\u017euolo spalvos<br \/>\n\u2013 Kojel\u0117s ir rankena \u2013 matinio Sonoma \u0105\u017euolo spalvos mediena<\/p>","protected":false},"excerpt":{"rendered":"<p>\u016agis cm: 69<br \/>\nPlotis cm: 150<br \/>\nGylis cm: 45<br \/>\nDur\u0173 skai\u010dius: 3<\/p>","protected":false},"featured_media":231904,"comment_status":"open","ping_status":"open","template":"","meta":[],"product_brand":[],"product_cat":[8388,1173],"product_tag":[],"class_list":{"0":"post-231903","1":"product","2":"type-product","3":"status-publish","4":"has-post-thumbnail","6":"product_cat-cama-meble","7":"product_cat-chests-of-drawers","9":"first","10":"instock","11":"purchasable","12":"product-type-simple"},"_links":{"self":[{"href":"https:\/\/baldumarket.lt\/lt\/wp-json\/wp\/v2\/product\/231903","targetHints":{"allow":["GET"]}}],"collection":[{"href":"https:\/\/baldumarket.lt\/lt\/wp-json\/wp\/v2\/product"}],"about":[{"href":"https:\/\/baldumarket.lt\/lt\/wp-json\/wp\/v2\/types\/product"}],"replies":[{"embeddable":true,"href":"https:\/\/baldumarket.lt\/lt\/wp-json\/wp\/v2\/comments?post=231903"}],"wp:featuredmedia":[{"embeddable":true,"href":"https:\/\/baldumarket.lt\/lt\/wp-json\/wp\/v2\/media\/231904"}],"wp:attachment":[{"href":"https:\/\/baldumarket.lt\/lt\/wp-json\/wp\/v2\/media?parent=231903"}],"wp:term":[{"taxonomy":"product_brand","embeddable":true,"href":"https:\/\/baldumarket.lt\/lt\/wp-json\/wp\/v2\/product_brand?post=231903"},{"taxonomy":"product_cat","embeddable":true,"href":"https:\/\/baldumarket.lt\/lt\/wp-json\/wp\/v2\/product_cat?post=231903"},{"taxonomy":"product_tag","embeddable":true,"href":"https:\/\/baldumarket.lt\/lt\/wp-json\/wp\/v2\/product_tag?post=231903"}],"curies":[{"name":"wp","href":"https:\/\/api.w.org\/{rel}","templated":true}]}}