{"id":231898,"date":"2025-12-29T01:53:44","date_gmt":"2025-12-28T22:53:44","guid":{"rendered":"https:\/\/baldumarket.lt\/product\/lotta-biala-140-szafka-rtv-na-nozkach-z-2-drzwiczkami-i-2-szufladami\/"},"modified":"2026-02-11T18:36:06","modified_gmt":"2026-02-11T15:36:06","slug":"lotta-biala-140-szafka-rtv-na-nozkach-z-2-drzwiczkami-i-2-szufladami","status":"publish","type":"product","link":"https:\/\/baldumarket.lt\/lt\/product\/lotta-biala-140-szafka-rtv-na-nozkach-z-2-drzwiczkami-i-2-szufladami\/","title":{"rendered":"LOTTA WHITE 140 \u2013 TV spintel\u0117 ant koj\u0173 su 2 durel\u0117mis ir 2 stal\u010diais"},"content":{"rendered":"<p>LOTTA 140 \u2013 matin\u0117s baltos spalvos televizoriaus staliukas ant koj\u0173, 2 durel\u0117mis ir 2 stal\u010diais<br \/>\n\u201eLotta\u201c televizoriaus staliukas turi 2 dureles de\u0161in\u0117je ir kair\u0117je pus\u0117se bei 2 stal\u010dius centre. \u201eLOTTA\u201c bald\u0173 kolekcija pasi\u017eymi labai eleganti\u0161ka ir nesenstan\u010dia i\u0161vaizda. Baldai stovi ant medini\u0173 kojeli\u0173, pasi\u017eymi retro stiliumi, matine balta apdaila su Sonoma \u0105\u017euolo akcentais. Gamyboje naudojamos auk\u0161tos kokyb\u0117s bald\u0173 lentos ir aksesuarai, u\u017etikrinantys patvarum\u0105 ir tvirtum\u0105. \u201eLOTTA\u201c baldai leid\u017eia lengvai \u012frengti televizoriaus kambar\u012f, svetain\u0119 ar paauglio kambar\u012f.<br \/>\nPapildoma informacija:<br \/>\n\u2013 Matin\u0117s baltos spalvos fasadai ir karkasai<br \/>\n\u2013 Sonoma \u0105\u017euolo vir\u0161us<br \/>\nMed\u017eiaga:<br \/>\n\u2013 Karkasas ir priekis: 16 mm matin\u0117 laminuota med\u017eio dro\u017eli\u0173 plok\u0161t\u0117, ry\u0161kiai balta<br \/>\n\u2013 Vir\u0161us: 25 mm med\u017eio dro\u017eli\u0173 plok\u0161t\u0117 matinio Sonoma \u0105\u017euolo spalvos<br \/>\n\u2013 Kojel\u0117s ir rankena: matinio Sonoma \u0105\u017euolo spalvos mediena<\/p>","protected":false},"excerpt":{"rendered":"<p>\u016agis cm: 53<br \/>\nPlotis cm: 140<br \/>\nGylis cm: 40<br \/>\nDur\u0173 skai\u010dius: 2<br \/>\nStal\u010di\u0173 skai\u010dius: 2<\/p>","protected":false},"featured_media":231899,"comment_status":"open","ping_status":"open","template":"","meta":[],"product_brand":[],"product_cat":[8388,1175],"product_tag":[],"class_list":{"0":"post-231898","1":"product","2":"type-product","3":"status-publish","4":"has-post-thumbnail","6":"product_cat-cama-meble","7":"product_cat-tv-stands","9":"first","10":"instock","11":"purchasable","12":"product-type-simple"},"_links":{"self":[{"href":"https:\/\/baldumarket.lt\/lt\/wp-json\/wp\/v2\/product\/231898","targetHints":{"allow":["GET"]}}],"collection":[{"href":"https:\/\/baldumarket.lt\/lt\/wp-json\/wp\/v2\/product"}],"about":[{"href":"https:\/\/baldumarket.lt\/lt\/wp-json\/wp\/v2\/types\/product"}],"replies":[{"embeddable":true,"href":"https:\/\/baldumarket.lt\/lt\/wp-json\/wp\/v2\/comments?post=231898"}],"wp:featuredmedia":[{"embeddable":true,"href":"https:\/\/baldumarket.lt\/lt\/wp-json\/wp\/v2\/media\/231899"}],"wp:attachment":[{"href":"https:\/\/baldumarket.lt\/lt\/wp-json\/wp\/v2\/media?parent=231898"}],"wp:term":[{"taxonomy":"product_brand","embeddable":true,"href":"https:\/\/baldumarket.lt\/lt\/wp-json\/wp\/v2\/product_brand?post=231898"},{"taxonomy":"product_cat","embeddable":true,"href":"https:\/\/baldumarket.lt\/lt\/wp-json\/wp\/v2\/product_cat?post=231898"},{"taxonomy":"product_tag","embeddable":true,"href":"https:\/\/baldumarket.lt\/lt\/wp-json\/wp\/v2\/product_tag?post=231898"}],"curies":[{"name":"wp","href":"https:\/\/api.w.org\/{rel}","templated":true}]}}