{"id":231893,"date":"2025-12-29T01:53:37","date_gmt":"2025-12-28T22:53:37","guid":{"rendered":"https:\/\/baldumarket.lt\/product\/lotta-biala-120-witryna-na-nozkach-z-2-drzwiczkami-i-4-szufladami\/"},"modified":"2026-02-11T18:36:06","modified_gmt":"2026-02-11T15:36:06","slug":"lotta-biala-120-witryna-na-nozkach-z-2-drzwiczkami-i-4-szufladami","status":"publish","type":"product","link":"https:\/\/baldumarket.lt\/lt\/product\/lotta-biala-120-witryna-na-nozkach-z-2-drzwiczkami-i-4-szufladami\/","title":{"rendered":"LOTTA WHITE 120 \u2013 vitrina ant koj\u0173 su 2 durel\u0117mis ir 4 stal\u010diais"},"content":{"rendered":"<p>LOTTA 120 \u2013 matin\u0117s baltos spalvos vitrina ant koj\u0173, 2 durel\u0117mis ir 4 stal\u010diais, skandinavi\u0161ko stiliaus<br \/>\n\u201eLotta\u201c vitrina turi 2 stiklines dureles ir 4 stal\u010dius. \u201eLOTTA\u201c bald\u0173 kolekcija pasi\u017eymi labai eleganti\u0161ka ir nesenstan\u010dia i\u0161vaizda. Baldai pasi\u017eymi medin\u0117mis kojel\u0117mis, yra retro stiliaus ir matin\u0117s baltos spalvos su Sonoma \u0105\u017euolo akcentais. Baldams gaminti naudojamos auk\u0161tos kokyb\u0117s bald\u0173 lentos ir aksesuarai, u\u017etikrinantys patvarum\u0105 ir tvirtum\u0105. \u201eLOTTA\u201c baldai lengvai apstatys televizijos kambar\u012f, svetain\u0119 ar paauglio kambar\u012f.<br \/>\nPapildoma informacija:<br \/>\n\u2013 Matin\u0117s baltos spalvos fasadai ir karkasai<br \/>\n\u2013 Sonoma \u0105\u017euolo vir\u0161us<br \/>\nMed\u017eiaga:<br \/>\n\u2013 Karkasas ir priekin\u0117 dalis \u2013 16 mm matin\u0117s laminuotos med\u017eio dro\u017eli\u0173 plok\u0161t\u0117s, ry\u0161kiai baltos spalvos<br \/>\n\u2013 Vir\u0161us \u2013 25 mm med\u017eio dro\u017eli\u0173 plok\u0161t\u0117 matinio Sonoma \u0105\u017euolo spalvos<br \/>\n\u2013 Kojel\u0117s ir rankena \u2013 matinio Sonoma \u0105\u017euolo spalvos mediena<\/p>","protected":false},"excerpt":{"rendered":"<p>Auk\u0161tis cm: 160<br \/>\nPlotis cm: 120<br \/>\nGylis cm: 45<br \/>\nDur\u0173 skai\u010dius: 2<br \/>\nStal\u010di\u0173 skai\u010dius: 4<\/p>","protected":false},"featured_media":231894,"comment_status":"open","ping_status":"open","template":"","meta":[],"product_brand":[],"product_cat":[8388,2006],"product_tag":[],"class_list":{"0":"post-231893","1":"product","2":"type-product","3":"status-publish","4":"has-post-thumbnail","6":"product_cat-cama-meble","7":"product_cat-vitrines","9":"first","10":"instock","11":"purchasable","12":"product-type-simple"},"_links":{"self":[{"href":"https:\/\/baldumarket.lt\/lt\/wp-json\/wp\/v2\/product\/231893","targetHints":{"allow":["GET"]}}],"collection":[{"href":"https:\/\/baldumarket.lt\/lt\/wp-json\/wp\/v2\/product"}],"about":[{"href":"https:\/\/baldumarket.lt\/lt\/wp-json\/wp\/v2\/types\/product"}],"replies":[{"embeddable":true,"href":"https:\/\/baldumarket.lt\/lt\/wp-json\/wp\/v2\/comments?post=231893"}],"wp:featuredmedia":[{"embeddable":true,"href":"https:\/\/baldumarket.lt\/lt\/wp-json\/wp\/v2\/media\/231894"}],"wp:attachment":[{"href":"https:\/\/baldumarket.lt\/lt\/wp-json\/wp\/v2\/media?parent=231893"}],"wp:term":[{"taxonomy":"product_brand","embeddable":true,"href":"https:\/\/baldumarket.lt\/lt\/wp-json\/wp\/v2\/product_brand?post=231893"},{"taxonomy":"product_cat","embeddable":true,"href":"https:\/\/baldumarket.lt\/lt\/wp-json\/wp\/v2\/product_cat?post=231893"},{"taxonomy":"product_tag","embeddable":true,"href":"https:\/\/baldumarket.lt\/lt\/wp-json\/wp\/v2\/product_tag?post=231893"}],"curies":[{"name":"wp","href":"https:\/\/api.w.org\/{rel}","templated":true}]}}