{"id":231878,"date":"2025-12-29T01:53:17","date_gmt":"2025-12-28T22:53:17","guid":{"rendered":"https:\/\/baldumarket.lt\/product\/lotta-biala-110-komoda-na-nozkach-z-2-drzwiczkami-i-4\/"},"modified":"2026-02-11T18:36:07","modified_gmt":"2026-02-11T15:36:07","slug":"lotta-biala-110-komoda-na-nozkach-z-2-drzwiczkami-i-4","status":"publish","type":"product","link":"https:\/\/baldumarket.lt\/lt\/product\/lotta-biala-110-komoda-na-nozkach-z-2-drzwiczkami-i-4\/","title":{"rendered":"LOTTA WHITE 110 \u2013 komoda ant koj\u0173 su 2 durel\u0117mis ir 4 stal\u010diais"},"content":{"rendered":"<p>LOTTA 110 \u2013 Komoda su 2 durel\u0117mis ir 4 stal\u010diais, matin\u0117s baltos spalvos<br \/>\nKomoda \u201eLotta\u201c turi 2 duris ir 4 stal\u010dius.<br \/>\nLOTTA bald\u0173 kolekcija pasi\u017eymi labai eleganti\u0161ka ir nesenstan\u010dia i\u0161vaizda. Baldai pasi\u017eymi medin\u0117mis retro stiliaus kojel\u0117mis, matin\u0117s baltos spalvos apdaila su Sonoma \u0105\u017euolo akcentais. Bald\u0173 gamyboje naudojamos auk\u0161tos kokyb\u0117s bald\u0173 lentos ir aksesuarai, tod\u0117l jie yra patvar\u016bs ir tvirti. Su LOTTA baldais galite lengvai \u012frengti televizijos kambar\u012f, svetain\u0119 ar paauglio kambar\u012f.<br \/>\nPapildoma informacija:<br \/>\n\u2013 Priekin\u0117s dalys ir karkasai: matin\u0117 balta<br \/>\n\u2013 Vir\u0161us: Sonoma \u0105\u017euolas<br \/>\nMed\u017eiaga:<br \/>\n\u2013 Korpusas ir priekis: 16 mm laminuota matin\u0117 med\u017eio dro\u017eli\u0173 plok\u0161t\u0117, matin\u0117s baltos spalvos<br \/>\n\u2013 Vir\u0161us: 25 mm med\u017eio dro\u017eli\u0173 plok\u0161t\u0117 Sonoma \u0105\u017euolo spalvos<br \/>\n\u2013 Kojel\u0117s ir rankena: Sonoma \u0105\u017euolu da\u017eyta mediena<\/p>","protected":false},"excerpt":{"rendered":"<p>\u016agis cm: 119<br \/>\nPlotis cm: 110<br \/>\nGylis cm: 45<br \/>\nDur\u0173 skai\u010dius: 2<br \/>\nStal\u010di\u0173 skai\u010dius: 4<\/p>","protected":false},"featured_media":231879,"comment_status":"open","ping_status":"open","template":"","meta":[],"product_brand":[],"product_cat":[8388,1173],"product_tag":[],"class_list":{"0":"post-231878","1":"product","2":"type-product","3":"status-publish","4":"has-post-thumbnail","6":"product_cat-cama-meble","7":"product_cat-chests-of-drawers","9":"first","10":"instock","11":"purchasable","12":"product-type-simple"},"_links":{"self":[{"href":"https:\/\/baldumarket.lt\/lt\/wp-json\/wp\/v2\/product\/231878","targetHints":{"allow":["GET"]}}],"collection":[{"href":"https:\/\/baldumarket.lt\/lt\/wp-json\/wp\/v2\/product"}],"about":[{"href":"https:\/\/baldumarket.lt\/lt\/wp-json\/wp\/v2\/types\/product"}],"replies":[{"embeddable":true,"href":"https:\/\/baldumarket.lt\/lt\/wp-json\/wp\/v2\/comments?post=231878"}],"wp:featuredmedia":[{"embeddable":true,"href":"https:\/\/baldumarket.lt\/lt\/wp-json\/wp\/v2\/media\/231879"}],"wp:attachment":[{"href":"https:\/\/baldumarket.lt\/lt\/wp-json\/wp\/v2\/media?parent=231878"}],"wp:term":[{"taxonomy":"product_brand","embeddable":true,"href":"https:\/\/baldumarket.lt\/lt\/wp-json\/wp\/v2\/product_brand?post=231878"},{"taxonomy":"product_cat","embeddable":true,"href":"https:\/\/baldumarket.lt\/lt\/wp-json\/wp\/v2\/product_cat?post=231878"},{"taxonomy":"product_tag","embeddable":true,"href":"https:\/\/baldumarket.lt\/lt\/wp-json\/wp\/v2\/product_tag?post=231878"}],"curies":[{"name":"wp","href":"https:\/\/api.w.org\/{rel}","templated":true}]}}