{"id":231873,"date":"2025-12-29T01:53:11","date_gmt":"2025-12-28T22:53:11","guid":{"rendered":"https:\/\/baldumarket.lt\/product\/lotta-biala-110-biala-matowa-szafa-na-nozkach-z-2-drzwiczkami-i-2-szufladami\/"},"modified":"2026-02-11T18:36:07","modified_gmt":"2026-02-11T15:36:07","slug":"lotta-biala-110-biala-matowa-szafa-na-nozkach-z-2-drzwiczkami-i-2-szufladami","status":"publish","type":"product","link":"https:\/\/baldumarket.lt\/lt\/product\/lotta-biala-110-biala-matowa-szafa-na-nozkach-z-2-drzwiczkami-i-2-szufladami\/","title":{"rendered":"LOTTA WHITE 110 \u2013 matin\u0117s baltos spalvos spinta ant koj\u0173 su 2 durel\u0117mis ir 2 stal\u010diais"},"content":{"rendered":"<p>LOTTA 110 \u2013 Matin\u0117s baltos spalvos spinta ant koj\u0173, 2 durel\u0117mis ir 2 stal\u010diais, skandinavi\u0161ko stiliaus<br \/>\nSpinta \u201eLotta\u201c turi 2 duris ir 2 stal\u010dius. U\u017e dur\u0173 yra pakaba baldams. \u201eLOTTA\u201c bald\u0173 kolekcija yra labai eleganti\u0161ka ir nesenstanti. Baldai pasi\u017eymi medin\u0117mis kojel\u0117mis, retro stiliumi, matin\u0117s baltos spalvos su Sonoma \u0105\u017euolo akcentais. Gamyboje naudojamos auk\u0161tos kokyb\u0117s bald\u0173 lentos ir furnit\u016bra, u\u017etikrinantys patvarum\u0105 ir tvirtum\u0105. Su \u201eLOTTA\u201c baldais galite lengvai \u012frengti televizijos kambar\u012f, svetain\u0119 ar paauglio kambar\u012f. Papildoma informacija:<br \/>\n\u2013 Matin\u0117s baltos spalvos fasadai ir karkasai<br \/>\n\u2013 Sonoma \u0105\u017euolo vir\u0161us<br \/>\nMed\u017eiagos:<br \/>\n\u2013 Karkasas ir priekin\u0117 dalis \u2013 16 mm storio laminuota matin\u0117 med\u017eio dro\u017eli\u0173 plok\u0161t\u0117, ry\u0161kiai balta<br \/>\n\u2013 Vir\u0161us \u2013 25 mm matinio Sonoma \u0105\u017euolo med\u017eio dro\u017eli\u0173 plok\u0161t\u0117<br \/>\n\u2013 Kojel\u0117s ir rankena \u2013 matinio Sonoma \u0105\u017euolo medienos imitacija<\/p>","protected":false},"excerpt":{"rendered":"<p>\u016agis cm: 190<br \/>\nPlotis cm: 110<br \/>\nGylis cm: 55<br \/>\nDur\u0173 tipas: Atidaromos<br \/>\nDur\u0173 skai\u010dius: 2<br \/>\nStal\u010di\u0173 skai\u010dius: 2<br \/>\nAp\u0161vietimas: n\u0117ra<\/p>","protected":false},"featured_media":231874,"comment_status":"open","ping_status":"open","template":"","meta":[],"product_brand":[],"product_cat":[8388,1177],"product_tag":[],"class_list":{"0":"post-231873","1":"product","2":"type-product","3":"status-publish","4":"has-post-thumbnail","6":"product_cat-cama-meble","7":"product_cat-wardrobes","9":"first","10":"instock","11":"purchasable","12":"product-type-simple"},"_links":{"self":[{"href":"https:\/\/baldumarket.lt\/lt\/wp-json\/wp\/v2\/product\/231873","targetHints":{"allow":["GET"]}}],"collection":[{"href":"https:\/\/baldumarket.lt\/lt\/wp-json\/wp\/v2\/product"}],"about":[{"href":"https:\/\/baldumarket.lt\/lt\/wp-json\/wp\/v2\/types\/product"}],"replies":[{"embeddable":true,"href":"https:\/\/baldumarket.lt\/lt\/wp-json\/wp\/v2\/comments?post=231873"}],"wp:featuredmedia":[{"embeddable":true,"href":"https:\/\/baldumarket.lt\/lt\/wp-json\/wp\/v2\/media\/231874"}],"wp:attachment":[{"href":"https:\/\/baldumarket.lt\/lt\/wp-json\/wp\/v2\/media?parent=231873"}],"wp:term":[{"taxonomy":"product_brand","embeddable":true,"href":"https:\/\/baldumarket.lt\/lt\/wp-json\/wp\/v2\/product_brand?post=231873"},{"taxonomy":"product_cat","embeddable":true,"href":"https:\/\/baldumarket.lt\/lt\/wp-json\/wp\/v2\/product_cat?post=231873"},{"taxonomy":"product_tag","embeddable":true,"href":"https:\/\/baldumarket.lt\/lt\/wp-json\/wp\/v2\/product_tag?post=231873"}],"curies":[{"name":"wp","href":"https:\/\/api.w.org\/{rel}","templated":true}]}}