{"id":231869,"date":"2025-12-29T01:53:05","date_gmt":"2025-12-28T22:53:05","guid":{"rendered":"https:\/\/baldumarket.lt\/product\/liverti-witryna-kaszmir-mat\/"},"modified":"2026-02-11T18:36:07","modified_gmt":"2026-02-11T15:36:07","slug":"liverti-witryna-kaszmir-mat","status":"publish","type":"product","link":"https:\/\/baldumarket.lt\/lt\/product\/liverti-witryna-kaszmir-mat\/","title":{"rendered":"LIVERTI VITRINA KA\u0160MYRO KILIM\u0116LIS"},"content":{"rendered":"<p>Kolekcija: LIVERTI Surinkti baldai: Ne Plotis: 59,5 Auk\u0161tis: 178 Gylis: 42 Bald\u0173 tipas: GRINDINIAI Dur\u0173 skai\u010dius: 1 Rankena: BRAK LIVERTI MATIN\u0116 KA\u0160MYRO VITRIN\u0116 SPINTEL\u0116<br \/>\n\u0160i siaura ka\u0161myro vitrina \u2013 eleganti\u0161kas baldas su moderniu charakteriu. I\u0161 frezuoto MDF pagaminti fasadai suteikia subtilios tekst\u016bros ir stiling\u0105 i\u0161vaizd\u0105. Tradicini\u0173 ranken\u0117li\u0173 nebuvimas \u2013 fasadai \u0161iek tiek i\u0161siki\u0161\u0119 vir\u0161 stalvir\u0161io \u2013 pabr\u0117\u017eia minimalistin\u012f dizain\u0105. 8 cm auk\u0161\u010dio cokolis u\u017etikrina stabilum\u0105 ir lengv\u0105 konstrukcij\u0105. Puikiai tinka dekoracijoms, stikliniams indams ar knygoms eksponuoti, ji puikiai atrodys svetain\u0117je ar valgomajame.<\/p>","protected":false},"excerpt":{"rendered":"<p>Kolekcija: LIVERTI<br \/>\nPlotis: 59,5<br \/>\n\u016agis: 178<br \/>\nGylis: 42<br \/>\nBald\u0173 tipas: GRINDINIAI<br \/>\nDur\u0173 skai\u010dius: 1<\/p>","protected":false},"featured_media":231870,"comment_status":"open","ping_status":"open","template":"","meta":[],"product_brand":[],"product_cat":[8388,2006],"product_tag":[],"class_list":{"0":"post-231869","1":"product","2":"type-product","3":"status-publish","4":"has-post-thumbnail","6":"product_cat-cama-meble","7":"product_cat-vitrines","9":"first","10":"instock","11":"purchasable","12":"product-type-simple"},"_links":{"self":[{"href":"https:\/\/baldumarket.lt\/lt\/wp-json\/wp\/v2\/product\/231869","targetHints":{"allow":["GET"]}}],"collection":[{"href":"https:\/\/baldumarket.lt\/lt\/wp-json\/wp\/v2\/product"}],"about":[{"href":"https:\/\/baldumarket.lt\/lt\/wp-json\/wp\/v2\/types\/product"}],"replies":[{"embeddable":true,"href":"https:\/\/baldumarket.lt\/lt\/wp-json\/wp\/v2\/comments?post=231869"}],"wp:featuredmedia":[{"embeddable":true,"href":"https:\/\/baldumarket.lt\/lt\/wp-json\/wp\/v2\/media\/231870"}],"wp:attachment":[{"href":"https:\/\/baldumarket.lt\/lt\/wp-json\/wp\/v2\/media?parent=231869"}],"wp:term":[{"taxonomy":"product_brand","embeddable":true,"href":"https:\/\/baldumarket.lt\/lt\/wp-json\/wp\/v2\/product_brand?post=231869"},{"taxonomy":"product_cat","embeddable":true,"href":"https:\/\/baldumarket.lt\/lt\/wp-json\/wp\/v2\/product_cat?post=231869"},{"taxonomy":"product_tag","embeddable":true,"href":"https:\/\/baldumarket.lt\/lt\/wp-json\/wp\/v2\/product_tag?post=231869"}],"curies":[{"name":"wp","href":"https:\/\/api.w.org\/{rel}","templated":true}]}}