{"id":231861,"date":"2025-12-29T01:52:52","date_gmt":"2025-12-28T22:52:52","guid":{"rendered":"https:\/\/baldumarket.lt\/product\/liverti-szafki-nocne-bialy-mat-kpl\/"},"modified":"2026-02-11T18:36:07","modified_gmt":"2026-02-11T15:36:07","slug":"liverti-szafki-nocne-bialy-mat-kpl","status":"publish","type":"product","link":"https:\/\/baldumarket.lt\/lt\/product\/liverti-szafki-nocne-bialy-mat-kpl\/","title":{"rendered":"LIVERTI naktini\u0173 spinteli\u0173 komplektas, matin\u0117s baltos spalvos"},"content":{"rendered":"<p>Kolekcija: LIVERTI Surinkti baldai: ne Plotis: 45 Auk\u0161tis: 47 Gylis: 42 Spalva: matin\u0117 balta Dur\u0173 skai\u010dius: 1 Rankena: BRAK LIVERTI NAKTIN\u0116S SPINTEL\u0116S, MATIN\u0116S BALTOS, KOMPLEKTAS.<br \/>\n\u0160i naktin\u0117 spintel\u0117 pagaminta i\u0161 matin\u0117s baltos MDF plok\u0161t\u0117s, pasi\u017eymi eleganti\u0161ka ir modernia i\u0161vaizda. Frezuoti fasadai suteikia strukt\u016bros ir subtilaus charakterio. N\u0117ra ranken\u0117li\u0173 \u2013 fasadai \u0161iek tiek i\u0161siki\u0161a vir\u0161 korpuso, tod\u0117l juos lengva atidaryti. Spintel\u0117 pastatyta ant 8 cm auk\u0161\u010dio cokolio, kuris suteikia stabilumo ir vizualinio lengvumo. Puikus estetikos ir funkcionalumo derinys, puikiai dera prie modernaus interjero.<\/p>","protected":false},"excerpt":{"rendered":"<p>Kolekcija: LIVERTI<br \/>\nPlotis: 45<br \/>\n\u016agis: 47<br \/>\nGylis: 42<br \/>\nSpalva: matin\u0117 balta<br \/>\nDur\u0173 skai\u010dius: 1<\/p>","protected":false},"featured_media":231862,"comment_status":"open","ping_status":"open","template":"","meta":[],"product_brand":[],"product_cat":[1176,8388],"product_tag":[],"class_list":{"0":"post-231861","1":"product","2":"type-product","3":"status-publish","4":"has-post-thumbnail","6":"product_cat-bedside-tables","7":"product_cat-cama-meble","9":"first","10":"instock","11":"purchasable","12":"product-type-simple"},"_links":{"self":[{"href":"https:\/\/baldumarket.lt\/lt\/wp-json\/wp\/v2\/product\/231861","targetHints":{"allow":["GET"]}}],"collection":[{"href":"https:\/\/baldumarket.lt\/lt\/wp-json\/wp\/v2\/product"}],"about":[{"href":"https:\/\/baldumarket.lt\/lt\/wp-json\/wp\/v2\/types\/product"}],"replies":[{"embeddable":true,"href":"https:\/\/baldumarket.lt\/lt\/wp-json\/wp\/v2\/comments?post=231861"}],"wp:featuredmedia":[{"embeddable":true,"href":"https:\/\/baldumarket.lt\/lt\/wp-json\/wp\/v2\/media\/231862"}],"wp:attachment":[{"href":"https:\/\/baldumarket.lt\/lt\/wp-json\/wp\/v2\/media?parent=231861"}],"wp:term":[{"taxonomy":"product_brand","embeddable":true,"href":"https:\/\/baldumarket.lt\/lt\/wp-json\/wp\/v2\/product_brand?post=231861"},{"taxonomy":"product_cat","embeddable":true,"href":"https:\/\/baldumarket.lt\/lt\/wp-json\/wp\/v2\/product_cat?post=231861"},{"taxonomy":"product_tag","embeddable":true,"href":"https:\/\/baldumarket.lt\/lt\/wp-json\/wp\/v2\/product_tag?post=231861"}],"curies":[{"name":"wp","href":"https:\/\/api.w.org\/{rel}","templated":true}]}}