{"id":231857,"date":"2025-12-29T01:52:47","date_gmt":"2025-12-28T22:52:47","guid":{"rendered":"https:\/\/baldumarket.lt\/product\/liverti-rtv-200-kaszmir-mat\/"},"modified":"2026-02-11T18:36:07","modified_gmt":"2026-02-11T15:36:07","slug":"liverti-rtv-200-kaszmir-mat","status":"publish","type":"product","link":"https:\/\/baldumarket.lt\/lt\/product\/liverti-rtv-200-kaszmir-mat\/","title":{"rendered":"LIVERTI RTV 200 CASHMERE MATTE"},"content":{"rendered":"<p>Kolekcija: LIVERTI Surinkti baldai: Ne Plotis: 200 Auk\u0161tis: 48 Gylis: 42 Dur\u0173 skai\u010dius: 4<br \/>\nLIVERTI RTV 200 CASHMERE MATTE<br \/>\n\u0160is 200 cm ilgio televizoriaus staliukas i\u0161siskiria moderniu dizainu ir eleganti\u0161ka apdaila. MDF fasadai, dekoruoti vertikaliais ka\u0161myro spalvos grioveliais, suteikia baldui subtil\u0173, stiling\u0105 charakter\u012f. Keturi\u0173 dureli\u0173 dizainas suteikia daug vietos daiktams susid\u0117ti, o tradicini\u0173 ranken\u0117li\u0173 nebuvimas \u2013 d\u0117l \u0161iek tiek vir\u0161 stalvir\u0161io i\u0161siki\u0161usi\u0173 fasad\u0173 \u2013 pabr\u0117\u017eia minimalistin\u012f stili\u0173. 8 cm auk\u0161\u010dio cokolis suteikia stabilumo ir vizualiai lengvumo. Puikiai dera prie modernaus interjero.<\/p>","protected":false},"excerpt":{"rendered":"<p>Kolekcija: LIVERTI<br \/>\nPlotis: 200<br \/>\n\u016agis: 48<br \/>\nGylis: 42<br \/>\nDur\u0173 skai\u010dius: 4<\/p>","protected":false},"featured_media":231858,"comment_status":"open","ping_status":"open","template":"","meta":[],"product_brand":[],"product_cat":[8388,1175],"product_tag":[],"class_list":{"0":"post-231857","1":"product","2":"type-product","3":"status-publish","4":"has-post-thumbnail","6":"product_cat-cama-meble","7":"product_cat-tv-stands","9":"first","10":"instock","11":"purchasable","12":"product-type-simple"},"_links":{"self":[{"href":"https:\/\/baldumarket.lt\/lt\/wp-json\/wp\/v2\/product\/231857","targetHints":{"allow":["GET"]}}],"collection":[{"href":"https:\/\/baldumarket.lt\/lt\/wp-json\/wp\/v2\/product"}],"about":[{"href":"https:\/\/baldumarket.lt\/lt\/wp-json\/wp\/v2\/types\/product"}],"replies":[{"embeddable":true,"href":"https:\/\/baldumarket.lt\/lt\/wp-json\/wp\/v2\/comments?post=231857"}],"wp:featuredmedia":[{"embeddable":true,"href":"https:\/\/baldumarket.lt\/lt\/wp-json\/wp\/v2\/media\/231858"}],"wp:attachment":[{"href":"https:\/\/baldumarket.lt\/lt\/wp-json\/wp\/v2\/media?parent=231857"}],"wp:term":[{"taxonomy":"product_brand","embeddable":true,"href":"https:\/\/baldumarket.lt\/lt\/wp-json\/wp\/v2\/product_brand?post=231857"},{"taxonomy":"product_cat","embeddable":true,"href":"https:\/\/baldumarket.lt\/lt\/wp-json\/wp\/v2\/product_cat?post=231857"},{"taxonomy":"product_tag","embeddable":true,"href":"https:\/\/baldumarket.lt\/lt\/wp-json\/wp\/v2\/product_tag?post=231857"}],"curies":[{"name":"wp","href":"https:\/\/api.w.org\/{rel}","templated":true}]}}