{"id":231853,"date":"2025-12-29T01:52:42","date_gmt":"2025-12-28T22:52:42","guid":{"rendered":"https:\/\/baldumarket.lt\/product\/liverti-rtv-200-bialy-mat\/"},"modified":"2026-02-11T18:36:07","modified_gmt":"2026-02-11T15:36:07","slug":"liverti-rtv-200-bialy-mat","status":"publish","type":"product","link":"https:\/\/baldumarket.lt\/lt\/product\/liverti-rtv-200-bialy-mat\/","title":{"rendered":"LIVERTI RTV 200 BALTA RYTIN\u0116"},"content":{"rendered":"<p>Kolekcija: LIVERTI Surinkimas: Ne Plotis: 200 Auk\u0161tis: 48 Gylis: 42 Spalva: Matin\u0117 balta Dur\u0173 tipas: Varstomos (atidaromos) Dur\u0173 skai\u010dius: 4 Rankena: N\u0116RA<br \/>\nLIVERTI RTV 200 MATIN\u0116 BALTA<br \/>\n\u0160is 200 cm ilgio televizoriaus staliukas pasi\u017eymi moderniu dizainu, o MDF fasadai, papuo\u0161ti baltais vertikaliais i\u0161pjovimais, suteikian\u010diais baldui eleganti\u0161k\u0105 charakter\u012f. Keturi\u0173 dureli\u0173 dizainas suteikia daug vietos daiktams susid\u0117ti, o tradicini\u0173 ranken\u0117li\u0173 nebuvimas \u2013 fasadai \u0161iek tiek i\u0161siki\u0161\u0119 vir\u0161 stalvir\u0161io \u2013 pabr\u0117\u017eia minimalistin\u012f stili\u0173. 8 cm auk\u0161\u010dio cokolis suteikia stabilumo ir lengvumo, puikiai dera prie modernaus interjero.<\/p>","protected":false},"excerpt":{"rendered":"<p>Kolekcija: LIVERTI<br \/>\nPlotis: 200<br \/>\n\u016agis: 48<br \/>\nGylis: 42<br \/>\nSpalva: matin\u0117 balta<br \/>\nDur\u0173 tipas: Varstomos (atidaromos)<\/p>","protected":false},"featured_media":231854,"comment_status":"open","ping_status":"open","template":"","meta":[],"product_brand":[],"product_cat":[8388,1175],"product_tag":[],"class_list":{"0":"post-231853","1":"product","2":"type-product","3":"status-publish","4":"has-post-thumbnail","6":"product_cat-cama-meble","7":"product_cat-tv-stands","9":"first","10":"instock","11":"purchasable","12":"product-type-simple"},"_links":{"self":[{"href":"https:\/\/baldumarket.lt\/lt\/wp-json\/wp\/v2\/product\/231853","targetHints":{"allow":["GET"]}}],"collection":[{"href":"https:\/\/baldumarket.lt\/lt\/wp-json\/wp\/v2\/product"}],"about":[{"href":"https:\/\/baldumarket.lt\/lt\/wp-json\/wp\/v2\/types\/product"}],"replies":[{"embeddable":true,"href":"https:\/\/baldumarket.lt\/lt\/wp-json\/wp\/v2\/comments?post=231853"}],"wp:featuredmedia":[{"embeddable":true,"href":"https:\/\/baldumarket.lt\/lt\/wp-json\/wp\/v2\/media\/231854"}],"wp:attachment":[{"href":"https:\/\/baldumarket.lt\/lt\/wp-json\/wp\/v2\/media?parent=231853"}],"wp:term":[{"taxonomy":"product_brand","embeddable":true,"href":"https:\/\/baldumarket.lt\/lt\/wp-json\/wp\/v2\/product_brand?post=231853"},{"taxonomy":"product_cat","embeddable":true,"href":"https:\/\/baldumarket.lt\/lt\/wp-json\/wp\/v2\/product_cat?post=231853"},{"taxonomy":"product_tag","embeddable":true,"href":"https:\/\/baldumarket.lt\/lt\/wp-json\/wp\/v2\/product_tag?post=231853"}],"curies":[{"name":"wp","href":"https:\/\/api.w.org\/{rel}","templated":true}]}}