{"id":231841,"date":"2025-12-29T01:52:26","date_gmt":"2025-12-28T22:52:26","guid":{"rendered":"https:\/\/baldumarket.lt\/product\/liverti-regal-kaszmir-mat\/"},"modified":"2026-02-11T18:36:07","modified_gmt":"2026-02-11T15:36:07","slug":"liverti-regal-kaszmir-mat","status":"publish","type":"product","link":"https:\/\/baldumarket.lt\/lt\/product\/liverti-regal-kaszmir-mat\/","title":{"rendered":"LIVERTI LENTYNA KA\u0160MYRO MATIN\u0116"},"content":{"rendered":"<p>Kolekcija: LIVERTI Surinkti baldai: ne Plotis: 100 Auk\u0161tis: 171,5 Gylis: 42 Spalva: ka\u0161myras Dur\u0173 tipas: Varstomos (atidaromos) Dur\u0173 skai\u010dius: 2 Rankena: BRAK LIVERTI MATT KA\u0160MYRO LENTYNA<br \/>\n\u0160i lentyn\u0173 sistema pagaminta i\u0161 matin\u0117s ka\u0161myro spalvos MDF plok\u0161t\u0117s, pasi\u017eymi eleganti\u0161ku ir moderniu dizainu. Vir\u0161utin\u0117je dalyje yra atviros lentynos, puikiai tinkan\u010dios knygoms ir dekoracijoms laikyti. Apatiniai fasadai yra frezuoti, suteikiantys baldui subtil\u0173 gyl\u012f ir strukt\u016br\u0105. Be ranken\u0117li\u0173 \u2013 fasadai \u0161iek tiek i\u0161siki\u0161\u0119 vir\u0161 korpuso, tod\u0117l juos lengva atidaryti. Lentyn\u0173 sistema stovi ant 8 cm auk\u0161\u010dio cokolio, kuris u\u017etikrina stabilum\u0105 ir vizualin\u012f lengvum\u0105. Puikus funkcionalumo ir estetikos derinys moderniam interjerui.<\/p>","protected":false},"excerpt":{"rendered":"<p>Kolekcija: LIVERTI<br \/>\nPlotis: 100<br \/>\n\u016agis: 171,5<br \/>\nGylis: 42<br \/>\nSpalva: ka\u0161myras<br \/>\nDur\u0173 tipas: Varstomos (atidaromos)<\/p>","protected":false},"featured_media":231842,"comment_status":"open","ping_status":"open","template":"","meta":[],"product_brand":[],"product_cat":[8388,1987],"product_tag":[],"class_list":{"0":"post-231841","1":"product","2":"type-product","3":"status-publish","4":"has-post-thumbnail","6":"product_cat-cama-meble","7":"product_cat-shelving-units","9":"first","10":"instock","11":"purchasable","12":"product-type-simple"},"_links":{"self":[{"href":"https:\/\/baldumarket.lt\/lt\/wp-json\/wp\/v2\/product\/231841","targetHints":{"allow":["GET"]}}],"collection":[{"href":"https:\/\/baldumarket.lt\/lt\/wp-json\/wp\/v2\/product"}],"about":[{"href":"https:\/\/baldumarket.lt\/lt\/wp-json\/wp\/v2\/types\/product"}],"replies":[{"embeddable":true,"href":"https:\/\/baldumarket.lt\/lt\/wp-json\/wp\/v2\/comments?post=231841"}],"wp:featuredmedia":[{"embeddable":true,"href":"https:\/\/baldumarket.lt\/lt\/wp-json\/wp\/v2\/media\/231842"}],"wp:attachment":[{"href":"https:\/\/baldumarket.lt\/lt\/wp-json\/wp\/v2\/media?parent=231841"}],"wp:term":[{"taxonomy":"product_brand","embeddable":true,"href":"https:\/\/baldumarket.lt\/lt\/wp-json\/wp\/v2\/product_brand?post=231841"},{"taxonomy":"product_cat","embeddable":true,"href":"https:\/\/baldumarket.lt\/lt\/wp-json\/wp\/v2\/product_cat?post=231841"},{"taxonomy":"product_tag","embeddable":true,"href":"https:\/\/baldumarket.lt\/lt\/wp-json\/wp\/v2\/product_tag?post=231841"}],"curies":[{"name":"wp","href":"https:\/\/api.w.org\/{rel}","templated":true}]}}