{"id":231837,"date":"2025-12-29T01:52:21","date_gmt":"2025-12-28T22:52:21","guid":{"rendered":"https:\/\/baldumarket.lt\/product\/liverti-regal-bialy-mat\/"},"modified":"2026-02-11T18:36:07","modified_gmt":"2026-02-11T15:36:07","slug":"liverti-regal-bialy-mat","status":"publish","type":"product","link":"https:\/\/baldumarket.lt\/lt\/product\/liverti-regal-bialy-mat\/","title":{"rendered":"LIVERTI LENTYNA MATINIS BALTAS"},"content":{"rendered":"<p>LIVERTI MATIN\u0116S BALTOS LENTYNOS<br \/>\n\u0160i lentyn\u0173 sistema pagaminta i\u0161 matin\u0117s baltos MDF plok\u0161t\u0117s ir pasi\u017eymi eleganti\u0161ku bei moderniu dizainu. Vir\u0161utin\u0117je dalyje yra atviros lentynos, puikiai tinkan\u010dios knygoms ir dekoratyviniams daiktams laikyti. Apatiniai fasadai yra frezuoti, suteikiantys baldui subtil\u0173 gyl\u012f ir tekst\u016br\u0105. Be ranken\u0117li\u0173 \u2013 fasadai \u0161iek tiek i\u0161siki\u0161a vir\u0161 korpuso, tod\u0117l juos lengva atidaryti. Lentyn\u0173 sistema stovi ant 8 cm auk\u0161\u010dio cokolio, kuris u\u017etikrina stabilum\u0105 ir suteikia vizualinio lengvumo. Puikus funkcionalumo ir estetikos derinys moderniam interjerui.<\/p>","protected":false},"excerpt":{"rendered":"<p>Kolekcija: LIVERTI<br \/>\nPlotis: 100<br \/>\n\u016agis: 171,5<br \/>\nGylis: 42<br \/>\nDur\u0173 skai\u010dius: 2<br \/>\nLentyn\u0173 skai\u010dius: 6<\/p>","protected":false},"featured_media":231838,"comment_status":"open","ping_status":"open","template":"","meta":[],"product_brand":[],"product_cat":[8388,1987],"product_tag":[],"class_list":{"0":"post-231837","1":"product","2":"type-product","3":"status-publish","4":"has-post-thumbnail","6":"product_cat-cama-meble","7":"product_cat-shelving-units","9":"first","10":"instock","11":"purchasable","12":"product-type-simple"},"_links":{"self":[{"href":"https:\/\/baldumarket.lt\/lt\/wp-json\/wp\/v2\/product\/231837","targetHints":{"allow":["GET"]}}],"collection":[{"href":"https:\/\/baldumarket.lt\/lt\/wp-json\/wp\/v2\/product"}],"about":[{"href":"https:\/\/baldumarket.lt\/lt\/wp-json\/wp\/v2\/types\/product"}],"replies":[{"embeddable":true,"href":"https:\/\/baldumarket.lt\/lt\/wp-json\/wp\/v2\/comments?post=231837"}],"wp:featuredmedia":[{"embeddable":true,"href":"https:\/\/baldumarket.lt\/lt\/wp-json\/wp\/v2\/media\/231838"}],"wp:attachment":[{"href":"https:\/\/baldumarket.lt\/lt\/wp-json\/wp\/v2\/media?parent=231837"}],"wp:term":[{"taxonomy":"product_brand","embeddable":true,"href":"https:\/\/baldumarket.lt\/lt\/wp-json\/wp\/v2\/product_brand?post=231837"},{"taxonomy":"product_cat","embeddable":true,"href":"https:\/\/baldumarket.lt\/lt\/wp-json\/wp\/v2\/product_cat?post=231837"},{"taxonomy":"product_tag","embeddable":true,"href":"https:\/\/baldumarket.lt\/lt\/wp-json\/wp\/v2\/product_tag?post=231837"}],"curies":[{"name":"wp","href":"https:\/\/api.w.org\/{rel}","templated":true}]}}