{"id":231829,"date":"2025-12-29T01:52:10","date_gmt":"2025-12-28T22:52:10","guid":{"rendered":"https:\/\/baldumarket.lt\/product\/liverti-komoda-200-bialy-mat\/"},"modified":"2026-02-11T18:36:07","modified_gmt":"2026-02-11T15:36:07","slug":"liverti-komoda-200-bialy-mat","status":"publish","type":"product","link":"https:\/\/baldumarket.lt\/lt\/product\/liverti-komoda-200-bialy-mat\/","title":{"rendered":"LIVERTI komoda su stal\u010diais 200, balta, matin\u0117"},"content":{"rendered":"<p>Kolekcija: LIVERTI Surinkti baldai: ne Plotis: 200 Auk\u0161tis: 78 Gylis: 42 Dur\u0173 tipas: Varstomos (atidaromos) Dur\u0173 skai\u010dius: 4 Rankena: N\u0116RA<br \/>\nLIVERTI komoda su stal\u010diais 200 matin\u0117s baltos spalvos<br \/>\n\u0160i 200 cm ilgio komoda \u2013 eleganti\u0161kas ir modernus baldas, puikiai tinkantis stilingam interjerui. MDF fasadai su matomomis baltomis karoliuk\u0173 juostel\u0117mis suteikia jai subtilios tekst\u016bros ir vizualaus lengvumo. Keturi\u0173 dureli\u0173 dizainas suteikia daug vietos daiktams susid\u0117ti, tuo pa\u010diu i\u0161laikant minimalistin\u012f charakter\u012f d\u0117l tradicini\u0173 ranken\u0117li\u0173 nebuvimo \u2013 fasadai \u0161iek tiek i\u0161siki\u0161a vir\u0161 stalvir\u0161io. 8 cm auk\u0161\u010dio cokolis suteikia stabilumo ir harmoningai dera prie modernaus dekoro. Tai funkcionalus ir esteti\u0161kai patrauklus sprendimas svetainei, miegamajam ar valgomajam.<\/p>","protected":false},"excerpt":{"rendered":"<p>Kolekcija: LIVERTI<br \/>\nPlotis: 200<br \/>\n\u016agis: 78<br \/>\nGylis: 42<br \/>\nDur\u0173 tipas: Varstomos (atidaromos)<br \/>\nDur\u0173 skai\u010dius: 4<\/p>","protected":false},"featured_media":231830,"comment_status":"open","ping_status":"open","template":"","meta":[],"product_brand":[],"product_cat":[8388,1173],"product_tag":[],"class_list":{"0":"post-231829","1":"product","2":"type-product","3":"status-publish","4":"has-post-thumbnail","6":"product_cat-cama-meble","7":"product_cat-chests-of-drawers","9":"first","10":"instock","11":"purchasable","12":"product-type-simple"},"_links":{"self":[{"href":"https:\/\/baldumarket.lt\/lt\/wp-json\/wp\/v2\/product\/231829","targetHints":{"allow":["GET"]}}],"collection":[{"href":"https:\/\/baldumarket.lt\/lt\/wp-json\/wp\/v2\/product"}],"about":[{"href":"https:\/\/baldumarket.lt\/lt\/wp-json\/wp\/v2\/types\/product"}],"replies":[{"embeddable":true,"href":"https:\/\/baldumarket.lt\/lt\/wp-json\/wp\/v2\/comments?post=231829"}],"wp:featuredmedia":[{"embeddable":true,"href":"https:\/\/baldumarket.lt\/lt\/wp-json\/wp\/v2\/media\/231830"}],"wp:attachment":[{"href":"https:\/\/baldumarket.lt\/lt\/wp-json\/wp\/v2\/media?parent=231829"}],"wp:term":[{"taxonomy":"product_brand","embeddable":true,"href":"https:\/\/baldumarket.lt\/lt\/wp-json\/wp\/v2\/product_brand?post=231829"},{"taxonomy":"product_cat","embeddable":true,"href":"https:\/\/baldumarket.lt\/lt\/wp-json\/wp\/v2\/product_cat?post=231829"},{"taxonomy":"product_tag","embeddable":true,"href":"https:\/\/baldumarket.lt\/lt\/wp-json\/wp\/v2\/product_tag?post=231829"}],"curies":[{"name":"wp","href":"https:\/\/api.w.org\/{rel}","templated":true}]}}